{"id":74246,"date":"2020-10-13T09:00:26","date_gmt":"2020-10-13T07:00:26","guid":{"rendered":"https:\/\/eu.nutramarket.net\/about-us\/"},"modified":"2024-12-19T13:02:51","modified_gmt":"2024-12-19T12:02:51","slug":"ueber-uns","status":"publish","type":"page","link":"https:\/\/eu.nutramarket.net\/de\/ueber-uns\/","title":{"rendered":"\u00dcber uns"},"content":{"rendered":"\t\t<div data-elementor-type=\"wp-page\" data-elementor-id=\"74246\" class=\"elementor elementor-74246 elementor-633\">\n\t\t\t\t\t\t<section class=\"elementor-section elementor-top-section elementor-element elementor-element-695d9620 elementor-section-boxed elementor-section-height-default elementor-section-height-default\" data-id=\"695d9620\" data-element_type=\"section\">\n\t\t\t\t\t\t<div class=\"elementor-container elementor-column-gap-extended\">\n\t\t\t\t\t<div class=\"elementor-column elementor-col-50 elementor-top-column elementor-element elementor-element-3ab8bd90\" data-id=\"3ab8bd90\" data-element_type=\"column\">\n\t\t\t<div class=\"elementor-widget-wrap elementor-element-populated\">\n\t\t\t\t\t\t<div class=\"elementor-element elementor-element-79de2f57 elementor-widget elementor-widget-image\" data-id=\"79de2f57\" data-element_type=\"widget\" data-widget_type=\"image.default\">\n\t\t\t\t<div class=\"elementor-widget-container\">\n\t\t\t\t\t\t\t\t\t\t\t\t\t\t\t<img fetchpriority=\"high\" decoding=\"async\" width=\"570\" height=\"500\" src=\"https:\/\/eu.nutramarket.net\/wp-content\/uploads\/sites\/32\/2023\/04\/about-1.png\" class=\"attachment-large size-large wp-image-13750\" alt=\"\" \/>\t\t\t\t\t\t\t\t\t\t\t\t\t\t\t<\/div>\n\t\t\t\t<\/div>\n\t\t\t\t\t<\/div>\n\t\t<\/div>\n\t\t\t\t<div class=\"elementor-column elementor-col-50 elementor-top-column elementor-element elementor-element-6e3daedb\" data-id=\"6e3daedb\" data-element_type=\"column\">\n\t\t\t<div class=\"elementor-widget-wrap elementor-element-populated\">\n\t\t\t\t\t\t<div class=\"elementor-element elementor-element-5904d5cf elementor-widget elementor-widget-heading\" data-id=\"5904d5cf\" data-element_type=\"widget\" data-widget_type=\"heading.default\">\n\t\t\t\t<div class=\"elementor-widget-container\">\n\t\t\t\t\t<h6 class=\"elementor-heading-title elementor-size-default\">Das sind wir!\n<\/h6>\t\t\t\t<\/div>\n\t\t\t\t<\/div>\n\t\t\t\t<div class=\"elementor-element elementor-element-56e64a63 elementor-widget elementor-widget-heading\" data-id=\"56e64a63\" data-element_type=\"widget\" data-widget_type=\"heading.default\">\n\t\t\t\t<div class=\"elementor-widget-container\">\n\t\t\t\t\t<h3 class=\"elementor-heading-title elementor-size-default\">Ein paar Worte \u00fcber uns\n<\/h3>\t\t\t\t<\/div>\n\t\t\t\t<\/div>\n\t\t\t\t<div class=\"elementor-element elementor-element-ec0bd3f elementor-widget elementor-widget-text-editor\" data-id=\"ec0bd3f\" data-element_type=\"widget\" data-widget_type=\"text-editor.default\">\n\t\t\t\t<div class=\"elementor-widget-container\">\n\t\t\t\t\t\t\t\t\t<p>Wir lieben die Natur, denn schlie\u00dflich stammen wir alle von ihr ab. Deshalb haben wir einen Ort geschaffen, der die Natur den Menschen n\u00e4her bringt, n\u00e4her zu Ihnen. Wir machen keine Kompromisse. Wir legen selbst Wert auf Qualit\u00e4t und guten Service. Deshalb ist unser Gesch\u00e4ft genau so, wie wir selbst gerne einkaufen w\u00fcrden.<\/p><p>\u00a0<\/p>\t\t\t\t\t\t\t\t<\/div>\n\t\t\t\t<\/div>\n\t\t\t\t<div class=\"elementor-element elementor-element-5692eee elementor-widget elementor-widget-text-editor\" data-id=\"5692eee\" data-element_type=\"widget\" data-widget_type=\"text-editor.default\">\n\t\t\t\t<div class=\"elementor-widget-container\">\n\t\t\t\t\t\t\t\t\t<p>Nat\u00fcrlich werden Sie hier nur mit angenehmen Erfahrungen und den besten Dingen konfrontiert.<\/p>\t\t\t\t\t\t\t\t<\/div>\n\t\t\t\t<\/div>\n\t\t\t\t\t<\/div>\n\t\t<\/div>\n\t\t\t\t\t<\/div>\n\t\t<\/section>\n\t\t\t\t<section class=\"elementor-section elementor-top-section elementor-element elementor-element-2deadd83 elementor-section-boxed elementor-section-height-default elementor-section-height-default\" data-id=\"2deadd83\" data-element_type=\"section\">\n\t\t\t\t\t\t<div class=\"elementor-container elementor-column-gap-extended\">\n\t\t\t\t\t<div class=\"elementor-column elementor-col-50 elementor-top-column elementor-element elementor-element-29a198a0\" data-id=\"29a198a0\" data-element_type=\"column\">\n\t\t\t<div class=\"elementor-widget-wrap elementor-element-populated\">\n\t\t\t\t\t\t<div class=\"elementor-element elementor-element-27452aa1 elementor-widget elementor-widget-heading\" data-id=\"27452aa1\" data-element_type=\"widget\" data-widget_type=\"heading.default\">\n\t\t\t\t<div class=\"elementor-widget-container\">\n\t\t\t\t\t<h6 class=\"elementor-heading-title elementor-size-default\">F\u00fcr Sie!\n<\/h6>\t\t\t\t<\/div>\n\t\t\t\t<\/div>\n\t\t\t\t<div class=\"elementor-element elementor-element-266e7633 elementor-widget elementor-widget-heading\" data-id=\"266e7633\" data-element_type=\"widget\" data-widget_type=\"heading.default\">\n\t\t\t\t<div class=\"elementor-widget-container\">\n\t\t\t\t\t<h3 class=\"elementor-heading-title elementor-size-default\">Verw\u00f6hnen Sie sich, denn Sie haben es verdient\n<\/h3>\t\t\t\t<\/div>\n\t\t\t\t<\/div>\n\t\t\t\t<div class=\"elementor-element elementor-element-7fc3ef8f elementor-widget elementor-widget-text-editor\" data-id=\"7fc3ef8f\" data-element_type=\"widget\" data-widget_type=\"text-editor.default\">\n\t\t\t\t<div class=\"elementor-widget-container\">\n\t\t\t\t\t\t\t\t\t<p>Vergessen Sie nicht, das Tempo zu drosseln. Nehmen Sie sich jeden Tag auch nur 5 Minuten Zeit f\u00fcr sich selbst. F\u00dcR SIE! Denken Sie nicht an Verantwortlichkeiten, Aufgaben, Fristen&#8230; Sagen Sie sich stattdessen, dass Sie ein gro\u00dfartiger Mensch sind. Finden Sie mindestens eine positive Eigenschaft und loben Sie sich daf\u00fcr.<\/p>\t\t\t\t\t\t\t\t<\/div>\n\t\t\t\t<\/div>\n\t\t\t\t<div class=\"elementor-element elementor-element-7dc0fece elementor-widget elementor-widget-text-editor\" data-id=\"7dc0fece\" data-element_type=\"widget\" data-widget_type=\"text-editor.default\">\n\t\t\t\t<div class=\"elementor-widget-container\">\n\t\t\t\t\t\t\t\t\t<p>Nehmen Sie sich mindestens einmal im Monat einen Tag f\u00fcr sich selbst. Dann k\u00f6nnen Sie zum Beispiel in aller Ruhe einen Blick auf NUTRAGOODS werfen. \u00dcberlegen Sie, was Sie brauchen oder haben m\u00f6chten.<\/p>\t\t\t\t\t\t\t\t<\/div>\n\t\t\t\t<\/div>\n\t\t\t\t\t<\/div>\n\t\t<\/div>\n\t\t\t\t<div class=\"elementor-column elementor-col-50 elementor-top-column elementor-element elementor-element-399d8f45\" data-id=\"399d8f45\" data-element_type=\"column\">\n\t\t\t<div class=\"elementor-widget-wrap elementor-element-populated\">\n\t\t\t\t\t\t<div class=\"elementor-element elementor-element-284648c8 elementor-widget elementor-widget-image\" data-id=\"284648c8\" data-element_type=\"widget\" data-widget_type=\"image.default\">\n\t\t\t\t<div class=\"elementor-widget-container\">\n\t\t\t\t\t\t\t\t\t\t\t\t\t\t\t<img decoding=\"async\" width=\"570\" height=\"500\" src=\"https:\/\/eu.nutramarket.net\/wp-content\/uploads\/sites\/32\/2023\/04\/about-2.png\" class=\"attachment-large size-large wp-image-13751\" alt=\"\" \/>\t\t\t\t\t\t\t\t\t\t\t\t\t\t\t<\/div>\n\t\t\t\t<\/div>\n\t\t\t\t\t<\/div>\n\t\t<\/div>\n\t\t\t\t\t<\/div>\n\t\t<\/section>\n\t\t\t\t<section class=\"elementor-section elementor-top-section elementor-element elementor-element-1a4019b5 elementor-section-boxed elementor-section-height-default elementor-section-height-default\" data-id=\"1a4019b5\" data-element_type=\"section\" data-settings=\"{&quot;background_background&quot;:&quot;classic&quot;}\">\n\t\t\t\t\t\t<div class=\"elementor-container elementor-column-gap-no\">\n\t\t\t\t\t<div class=\"elementor-column elementor-col-100 elementor-top-column elementor-element elementor-element-3a1a9408\" data-id=\"3a1a9408\" data-element_type=\"column\" data-settings=\"{&quot;background_background&quot;:&quot;classic&quot;}\">\n\t\t\t<div class=\"elementor-widget-wrap elementor-element-populated\">\n\t\t\t\t\t\t<div class=\"elementor-element elementor-element-55a7bec9 elementor-widget elementor-widget-text-editor\" data-id=\"55a7bec9\" data-element_type=\"widget\" data-widget_type=\"text-editor.default\">\n\t\t\t\t<div class=\"elementor-widget-container\">\n\t\t\t\t\t\t\t\t\t<p>NAT\u00dcRLICH<br \/>Ihr Komfort und Ihre Zufriedenheit<br \/>NUTRAGOODS k\u00fcmmert sich darum<\/p>\t\t\t\t\t\t\t\t<\/div>\n\t\t\t\t<\/div>\n\t\t\t\t\t<\/div>\n\t\t<\/div>\n\t\t\t\t\t<\/div>\n\t\t<\/section>\n\t\t\t\t<section class=\"elementor-section elementor-top-section elementor-element elementor-element-4202385e elementor-section-boxed elementor-section-height-default elementor-section-height-default\" data-id=\"4202385e\" data-element_type=\"section\">\n\t\t\t\t\t\t<div class=\"elementor-container elementor-column-gap-extended\">\n\t\t\t\t\t<div class=\"elementor-column elementor-col-25 elementor-top-column elementor-element elementor-element-426bbfac\" data-id=\"426bbfac\" data-element_type=\"column\">\n\t\t\t<div class=\"elementor-widget-wrap\">\n\t\t\t\t\t\t\t<\/div>\n\t\t<\/div>\n\t\t\t\t<div class=\"elementor-column elementor-col-25 elementor-top-column elementor-element elementor-element-b4ff28e\" data-id=\"b4ff28e\" data-element_type=\"column\">\n\t\t\t<div class=\"elementor-widget-wrap elementor-element-populated\">\n\t\t\t\t\t\t<div class=\"elementor-element elementor-element-587b8304 elementor-widget elementor-widget-image\" data-id=\"587b8304\" data-element_type=\"widget\" data-widget_type=\"image.default\">\n\t\t\t\t<div class=\"elementor-widget-container\">\n\t\t\t\t\t\t\t\t\t\t\t\t\t\t\t<img decoding=\"async\" width=\"470\" height=\"540\" src=\"https:\/\/eu.nutramarket.net\/wp-content\/uploads\/sites\/32\/2023\/04\/about-3.jpg\" class=\"attachment-large size-large wp-image-13752\" alt=\"\" srcset=\"https:\/\/eu.nutramarket.net\/wp-content\/uploads\/sites\/32\/2023\/04\/about-3.jpg 470w, https:\/\/eu.nutramarket.net\/wp-content\/uploads\/sites\/32\/2023\/04\/about-3-261x300.jpg 261w\" sizes=\"(max-width: 470px) 100vw, 470px\" \/>\t\t\t\t\t\t\t\t\t\t\t\t\t\t\t<\/div>\n\t\t\t\t<\/div>\n\t\t\t\t<div class=\"elementor-element elementor-element-5ea6e983 elementor-widget elementor-widget-image\" data-id=\"5ea6e983\" data-element_type=\"widget\" data-widget_type=\"image.default\">\n\t\t\t\t<div class=\"elementor-widget-container\">\n\t\t\t\t\t\t\t\t\t\t\t\t\t\t\t<img loading=\"lazy\" decoding=\"async\" width=\"470\" height=\"340\" src=\"https:\/\/eu.nutramarket.net\/wp-content\/uploads\/sites\/32\/2023\/04\/about-5.jpg\" class=\"attachment-large size-large wp-image-13754\" alt=\"\" srcset=\"https:\/\/eu.nutramarket.net\/wp-content\/uploads\/sites\/32\/2023\/04\/about-5.jpg 470w, https:\/\/eu.nutramarket.net\/wp-content\/uploads\/sites\/32\/2023\/04\/about-5-300x217.jpg 300w\" sizes=\"(max-width: 470px) 100vw, 470px\" \/>\t\t\t\t\t\t\t\t\t\t\t\t\t\t\t<\/div>\n\t\t\t\t<\/div>\n\t\t\t\t\t<\/div>\n\t\t<\/div>\n\t\t\t\t<div class=\"elementor-column elementor-col-25 elementor-top-column elementor-element elementor-element-6f7cda36\" data-id=\"6f7cda36\" data-element_type=\"column\">\n\t\t\t<div class=\"elementor-widget-wrap elementor-element-populated\">\n\t\t\t\t\t\t<div class=\"elementor-element elementor-element-1c7fa477 elementor-widget elementor-widget-image\" data-id=\"1c7fa477\" data-element_type=\"widget\" data-widget_type=\"image.default\">\n\t\t\t\t<div class=\"elementor-widget-container\">\n\t\t\t\t\t\t\t\t\t\t\t\t\t\t\t<img loading=\"lazy\" decoding=\"async\" width=\"470\" height=\"340\" src=\"https:\/\/eu.nutramarket.net\/wp-content\/uploads\/sites\/32\/2023\/04\/about-4.jpg\" class=\"attachment-large size-large wp-image-13753\" alt=\"\" srcset=\"https:\/\/eu.nutramarket.net\/wp-content\/uploads\/sites\/32\/2023\/04\/about-4.jpg 470w, https:\/\/eu.nutramarket.net\/wp-content\/uploads\/sites\/32\/2023\/04\/about-4-300x217.jpg 300w\" sizes=\"(max-width: 470px) 100vw, 470px\" \/>\t\t\t\t\t\t\t\t\t\t\t\t\t\t\t<\/div>\n\t\t\t\t<\/div>\n\t\t\t\t<div class=\"elementor-element elementor-element-15ae89cf elementor-widget elementor-widget-image\" data-id=\"15ae89cf\" data-element_type=\"widget\" data-widget_type=\"image.default\">\n\t\t\t\t<div class=\"elementor-widget-container\">\n\t\t\t\t\t\t\t\t\t\t\t\t\t\t\t<img loading=\"lazy\" decoding=\"async\" width=\"470\" height=\"540\" src=\"https:\/\/eu.nutramarket.net\/wp-content\/uploads\/sites\/32\/2023\/04\/about-6.jpg\" class=\"attachment-large size-large wp-image-13755\" alt=\"\" srcset=\"https:\/\/eu.nutramarket.net\/wp-content\/uploads\/sites\/32\/2023\/04\/about-6.jpg 470w, https:\/\/eu.nutramarket.net\/wp-content\/uploads\/sites\/32\/2023\/04\/about-6-261x300.jpg 261w\" sizes=\"(max-width: 470px) 100vw, 470px\" \/>\t\t\t\t\t\t\t\t\t\t\t\t\t\t\t<\/div>\n\t\t\t\t<\/div>\n\t\t\t\t\t<\/div>\n\t\t<\/div>\n\t\t\t\t<div class=\"elementor-column elementor-col-25 elementor-top-column elementor-element elementor-element-ec1b91a\" data-id=\"ec1b91a\" data-element_type=\"column\">\n\t\t\t<div class=\"elementor-widget-wrap\">\n\t\t\t\t\t\t\t<\/div>\n\t\t<\/div>\n\t\t\t\t\t<\/div>\n\t\t<\/section>\n\t\t\t\t<\/div>\n\t\t","protected":false},"excerpt":{"rendered":"<p>Das sind wir! Ein paar Worte \u00fcber uns Wir lieben die Natur, denn schlie\u00dflich stammen wir alle von ihr ab. Deshalb haben wir einen Ort geschaffen, der die Natur den Menschen n\u00e4her bringt, n\u00e4her zu Ihnen. Wir machen keine Kompromisse. Wir legen selbst Wert auf Qualit\u00e4t und guten Service. Deshalb ist unser Gesch\u00e4ft genau so, [&hellip;]<\/p>\n","protected":false},"author":1,"featured_media":0,"parent":0,"menu_order":0,"comment_status":"closed","ping_status":"closed","template":"","meta":{"footnotes":""},"class_list":["post-74246","page","type-page","status-publish","hentry"],"_links":{"self":[{"href":"https:\/\/eu.nutramarket.net\/de\/wp-json\/wp\/v2\/pages\/74246","targetHints":{"allow":["GET"]}}],"collection":[{"href":"https:\/\/eu.nutramarket.net\/de\/wp-json\/wp\/v2\/pages"}],"about":[{"href":"https:\/\/eu.nutramarket.net\/de\/wp-json\/wp\/v2\/types\/page"}],"author":[{"embeddable":true,"href":"https:\/\/eu.nutramarket.net\/de\/wp-json\/wp\/v2\/users\/1"}],"replies":[{"embeddable":true,"href":"https:\/\/eu.nutramarket.net\/de\/wp-json\/wp\/v2\/comments?post=74246"}],"version-history":[{"count":11,"href":"https:\/\/eu.nutramarket.net\/de\/wp-json\/wp\/v2\/pages\/74246\/revisions"}],"predecessor-version":[{"id":288792,"href":"https:\/\/eu.nutramarket.net\/de\/wp-json\/wp\/v2\/pages\/74246\/revisions\/288792"}],"wp:attachment":[{"href":"https:\/\/eu.nutramarket.net\/de\/wp-json\/wp\/v2\/media?parent=74246"}],"curies":[{"name":"wp","href":"https:\/\/api.w.org\/{rel}","templated":true}]}}