{"id":74274,"date":"2023-04-19T07:49:55","date_gmt":"2023-04-19T05:49:55","guid":{"rendered":"https:\/\/eu.nutramarket.net\/polityka-doreczen-i-zwrotow\/"},"modified":"2023-10-12T15:41:35","modified_gmt":"2023-10-12T13:41:35","slug":"delivery-and-return-policy","status":"publish","type":"page","link":"https:\/\/eu.nutramarket.net\/de\/delivery-and-return-policy\/","title":{"rendered":"Lieferung und R\u00fcckgabebedingungen"},"content":{"rendered":"<ol>\n<li>ALLGEMEINE BESTIMMUNGEN<\/li>\n<li style=\"list-style-type: none;\">\n<ol>\n<li>Soweit nicht durch diese Regeln abgedeckt, gelten die Bestimmungen der Nutzungsbedingungen.<\/li>\n<\/ol>\n<\/li>\n<\/ol>\n<ol>\n<li>LIEFERUNG DER PRODUKTE\n<ol>\n<li>Die Lieferung der Produkte erfolgt per Kurierdienst.<\/li>\n<li>Die Lieferkosten werden bei der Bestellung angegeben. Wenn die Versandkosten nicht angezeigt werden, ist die Lieferung kostenlos.<\/li>\n<li>Der Standardversand der Produkte erfolgt innerhalb von 3 Werktagen ab dem Tag der Bestellung (Bestellungsbearbeitungszeit). Die Standardlieferzeit betr\u00e4gt 3 Werktage ab dem Tag des Versands (Lieferfrist). Der Postbote unternimmt zwei Zustellversuche, danach kann das Paket bei der Abholstelle des Postboten auf die Abholung durch den Kunden warten.<\/li>\n<li>Wenn die Produkte nicht an den Kunden geliefert werden, wird der Verk\u00e4ufer versuchen, den Kunden zu kontaktieren. Die erneute Lieferung erfolgt auf Kosten des Kunden. Wenn die Sendung nicht erfolgreich ist, ist der Verk\u00e4ufer berechtigt, vom Vertrag zur\u00fcckzutreten. In einem solchen Fall erstattet der Verk\u00e4ufer dem Kunden den Preis, sofern er bezahlt wurde, abz\u00fcglich der Versandkosten.<\/li>\n<li>Der Kunde ist verpflichtet, die Produkte unmittelbar nach der Lieferung zu \u00fcberpr\u00fcfen, um festzustellen, ob die Produkte w\u00e4hrend der Lieferung besch\u00e4digt wurden. Der Kunde tr\u00e4gt das Risiko einer zuf\u00e4lligen Besch\u00e4digung der Produkte w\u00e4hrend der Lieferung. Im Falle einer Besch\u00e4digung der Produkte muss der Verk\u00e4ufer sofort kontaktiert werden. Der Kunde kann einen Defekt auch im Rahmen der Garantie melden.<\/li>\n<li>Im Falle eines Kunden, der kein Verbraucher ist, geht das Risiko der zuf\u00e4lligen Besch\u00e4digung oder des Verlusts der Produkte mit der \u00dcbergabe der Produkte an den Spediteur auf den Kunden \u00fcber.<\/li>\n<\/ol>\n<\/li>\n<\/ol>\n<ol>\n<li>R\u00dcCKGABEN\n<ol>\n<li>Die Bestimmungen zum R\u00fccktritt vom Vertrag und zu Reklamationen finden Sie in den Nutzungsbedingungen.<\/li>\n<li>Im Falle des R\u00fccktritts vom Vertrag ist der Verbraucher verpflichtet, die Ware innerhalb von 14 Tagen ab dem Datum der R\u00fccktrittserkl\u00e4rung auf eigene Kosten an den Verk\u00e4ufer zur\u00fcckzusenden. R\u00fccksendungen per Nachnahme werden nicht akzeptiert. Die R\u00fcckgabe umfasst alle Artikel, die der Verbraucher vom Verk\u00e4ufer erhalten hat, einschlie\u00dflich der Artikel, die er im Rahmen seiner Bestellung kostenlos erhalten hat.<\/li>\n<li>Die R\u00fcckerstattung erfolgt innerhalb von 14 Tagen nach Erhalt der Produkte vom Verbraucher oder der Best\u00e4tigung des Versands der Produkte, je nachdem, was zuerst eintritt. Die Erstattung erfolgt auf das Konto, von dem die Zahlung geleistet wurde, oder auf ein anderes vom Kunden angegebenes Bankkonto. Wenn die Bankverbindung fehlt, fordert der Verk\u00e4ufer die Angaben unverz\u00fcglich an, und die Erstattung erfolgt innerhalb von 14 Tagen nach deren Bereitstellung. Das Konto, auf das die Gelder zur\u00fcck\u00fcberwiesen werden, muss dem Kunden oder einer Person geh\u00f6ren, die seine Interessen vertritt und ordnungsgem\u00e4\u00df bevollm\u00e4chtigt ist.<\/li>\n<li>Ist eine R\u00fcckerstattung auf die in Absatz 4 genannte Weise nicht m\u00f6glich, erstattet der Verk\u00e4ufer die Zahlung mit demselben Zahlungsmittel, das der Verbraucher verwendet hat, es sei denn, der Verbraucher hat ausdr\u00fccklich einer anderen Art der R\u00fcckerstattung zugestimmt, die f\u00fcr ihn keine Kosten mit sich bringt.<\/li>\n<li>Falls der Kunde aufgrund einer best\u00e4tigten Reklamation eine R\u00fcckerstattung erh\u00e4lt, informiert der Verk\u00e4ufer den Kunden dar\u00fcber, ob er die R\u00fcckgabe der Produkte verlangt, bevor er die R\u00fcckerstattung an den Kunden vornimmt. Die R\u00fcckerstattung erfolgt innerhalb von 14 Tagen ab dem Datum der Anerkennung der Reklamation oder dem Erhalt der Produkte durch den Verk\u00e4ufer. Die Bestimmungen der Abs\u00e4tze 2 bis 4 gelten sinngem\u00e4\u00df.<\/li>\n<li>Wenn der Gegenstand der Bestellung neben den Produkten auch Gutscheine waren, umfasst die R\u00fcckgabepflicht auch die Gutscheine.<\/li>\n<\/ol>\n<\/li>\n<\/ol>\n<p>&nbsp;<\/p>\n<ol style=\"list-style-type: upper-roman;\" start=\"1\">\n<li style=\"list-style-type: none;\"><\/li>\n<\/ol>\n","protected":false},"excerpt":{"rendered":"<p>ALLGEMEINE BESTIMMUNGEN Soweit nicht durch diese Regeln abgedeckt, gelten die Bestimmungen der Nutzungsbedingungen. LIEFERUNG DER PRODUKTE Die Lieferung der Produkte erfolgt per Kurierdienst. Die Lieferkosten werden bei der Bestellung angegeben. Wenn die Versandkosten nicht angezeigt werden, ist die Lieferung kostenlos. Der Standardversand der Produkte erfolgt innerhalb von 3 Werktagen ab dem Tag der Bestellung (Bestellungsbearbeitungszeit). [&hellip;]<\/p>\n","protected":false},"author":1,"featured_media":0,"parent":0,"menu_order":0,"comment_status":"closed","ping_status":"closed","template":"","meta":{"footnotes":""},"class_list":["post-74274","page","type-page","status-publish","hentry"],"_links":{"self":[{"href":"https:\/\/eu.nutramarket.net\/de\/wp-json\/wp\/v2\/pages\/74274","targetHints":{"allow":["GET"]}}],"collection":[{"href":"https:\/\/eu.nutramarket.net\/de\/wp-json\/wp\/v2\/pages"}],"about":[{"href":"https:\/\/eu.nutramarket.net\/de\/wp-json\/wp\/v2\/types\/page"}],"author":[{"embeddable":true,"href":"https:\/\/eu.nutramarket.net\/de\/wp-json\/wp\/v2\/users\/1"}],"replies":[{"embeddable":true,"href":"https:\/\/eu.nutramarket.net\/de\/wp-json\/wp\/v2\/comments?post=74274"}],"version-history":[{"count":3,"href":"https:\/\/eu.nutramarket.net\/de\/wp-json\/wp\/v2\/pages\/74274\/revisions"}],"predecessor-version":[{"id":109716,"href":"https:\/\/eu.nutramarket.net\/de\/wp-json\/wp\/v2\/pages\/74274\/revisions\/109716"}],"wp:attachment":[{"href":"https:\/\/eu.nutramarket.net\/de\/wp-json\/wp\/v2\/media?parent=74274"}],"curies":[{"name":"wp","href":"https:\/\/api.w.org\/{rel}","templated":true}]}}