{"id":74295,"date":"2023-04-19T07:44:36","date_gmt":"2023-04-19T05:44:36","guid":{"rendered":"https:\/\/eu.nutramarket.net\/polityka-prywatnosci-i-cookies\/"},"modified":"2023-10-12T16:15:05","modified_gmt":"2023-10-12T14:15:05","slug":"privacy-and-cookies-policy","status":"publish","type":"page","link":"https:\/\/eu.nutramarket.net\/de\/privacy-and-cookies-policy\/","title":{"rendered":"Datenschutzerkl\u00e4rung und Cookie-Richtlinie"},"content":{"rendered":"<ol style=\"list-style-type: upper-roman;\" start=\"1\">\n<li style=\"font-weight: 400;\" aria-level=\"1\">\n<ol>\n<li>DEFINITIONEN\n<ol>\n<li>Verwalter \u2013 die in den Nutzungsbedingungen genannte Einheit;<\/li>\n<li>Personenbezogene Daten \u2013 alle Informationen \u00fcber eine nat\u00fcrliche Person, die durch einen oder mehrere Faktoren identifiziert oder identifizierbar sind, die f\u00fcr die physische, physiologische, genetische, psychische, wirtschaftliche, kulturelle oder soziale Identit\u00e4t spezifisch sind, einschlie\u00dflich Ger\u00e4te-IP, Standortdaten, Internet-Kennungen und Informationen, die durch Cookies und andere \u00e4hnliche Technologien gesammelt werden;<\/li>\n<li>Datenschutzerkl\u00e4rung \u2013 diese Datenschutzerkl\u00e4rung;<\/li>\n<li>DSGVO \u2013 Verordnung (EU) 2016\/679 des Europ\u00e4ischen Parlaments und des Rates vom 27. April 2016. zum Schutz nat\u00fcrlicher Personen bei der Verarbeitung personenbezogener Daten, zum freien Datenverkehr und zur Aufhebung der Richtlinie 95\/46\/EG;<\/li>\n<li>Benutzer \u2013 eine voll rechtsf\u00e4hige, vollj\u00e4hrige nat\u00fcrliche Person, die die Website nutzt, und, mit Zustimmung des gesetzlichen Vertreters, ein Minderj\u00e4hriger oder eine Person ohne volle Rechtsf\u00e4higkeit;<\/li>\n<\/ol>\n<\/li>\n<\/ol>\n<ol>\n<li>ZWECK DER DATENVERARBEITUNG\n<ol>\n<li>Die Daten, einschlie\u00dflich der pers\u00f6nlichen Daten der Benutzer, werden gesammelt und verarbeitet zum Zweck:\n<ol>\n<li>der Nutzung der Website;<\/li>\n<li>der Aufgabe und Bearbeitung von Bestellungen;<\/li>\n<li>der Marketingaktivit\u00e4ten, einschlie\u00dflich kontextbezogener Werbung und verhaltensbezogener Werbung;<\/li>\n<li>des Direktmarketings, wenn der Nutzer seine Zustimmung gegeben hat.<\/li>\n<\/ol>\n<\/li>\n<li>Pers\u00f6nliche Daten aller Personen, die die Website nutzen (einschlie\u00dflich IP-Adresse und Informationen, die durch Cookies oder andere \u00e4hnliche Technologien gesammelt werden), werden vom Verwalter verarbeitet:\n<ol>\n<li>zum Zweck der Bereitstellung elektronischer Dienstleistungen auf der Website (Artikel 6(1)(b) der DSGVO);<\/li>\n<li>zur Bearbeitung der auf der Website aufgegebenen Bestellungen, einschlie\u00dflich der \u00dcbermittlung an den Verk\u00e4ufer (Artikel 6(1)(b) der DSGVO);<\/li>\n<li>zum Zwecke der Bearbeitung von Reklamationen durch den Verk\u00e4ufer (Art. 6(1)(b) der DSGVO);<\/li>\n<li>zu analytischen und statistischen Zwecken (Artikel 6(1)(f) der DSGVO);<\/li>\n<li>zum Zwecke des kontextbezogenen Marketings (Artikel 6 (1)(f) der DSGVO);<\/li>\n<li>f\u00fcr technische Zwecke (Artikel 6(1)(f) der DSGVO).<\/li>\n<\/ol>\n<\/li>\n<li>Die Aufgabe einer Bestellung durch einen Benutzer der Website ist mit der Verarbeitung seiner personenbezogenen Daten verbunden. Die Angabe von Daten, die als obligatorisch gekennzeichnet sind, ist f\u00fcr die Annahme und Bearbeitung der Bestellung erforderlich. Wenn der Benutzer eine Bestellung aufgibt, werden die personenbezogenen Daten des Benutzers, die zur Erf\u00fcllung der Bestellung erforderlich sind, dem Verk\u00e4ufer zum Zweck der Vertragserf\u00fcllung zur Verf\u00fcgung gestellt. Personenbezogene Daten werden verarbeitet:\n<ol>\n<li>zum Zweck der Bearbeitung der aufgegebenen Bestellung (Artikel 6 (1)(b) der DSGVO);<\/li>\n<li>zur Erf\u00fcllung der dem Verwalter und dem Verk\u00e4ufer obliegenden gesetzlichen Verpflichtungen (Artikel 6 (1)(c) der DSGVO);<\/li>\n<li>zu analytischen und statistischen Zwecken (Artikel 6(1)(f) der DSGVO);<\/li>\n<li>zur Geltendmachung von Anspr\u00fcchen (Artikel 6(1)(f) der DSGVO);<\/li>\n<li>zur Ermittlung der Kundenzufriedenheit (Artikel 6(1)(f) der DSGVO).<\/li>\n<\/ol>\n<\/li>\n<li>Der Verwalter verarbeitet die personenbezogenen Daten der Benutzer, um Marketing-Aktivit\u00e4ten durchzuf\u00fchren, die darin bestehen k\u00f6nnen:\n<ol>\n<li>dem Benutzer Marketinginhalte anzuzeigen, die nicht auf die Pr\u00e4ferenzen des Benutzers zugeschnitten sind (Artikel 6(1)(f) der DSGVO);<\/li>\n<li>die Weiterleitung von E-Mail- oder SMS-Benachrichtigungen \u00fcber Angebote oder Inhalte, die in einigen F\u00e4llen kommerzielle Informationen enthalten, im Rahmen der erteilten Einwilligung (Artikel 6 (1)(f) der DSGVO).<\/li>\n<\/ol>\n<\/li>\n<\/ol>\n<\/li>\n<\/ol>\n<ol>\n<li>COOKIES\n<ol>\n<li>Cookies sind kleine Textdateien, die auf dem Ger\u00e4t des Benutzers, der die Website besucht, installiert werden. Cookies sammeln Informationen, um die Nutzung der Website zu erleichtern &#8211; z.B. indem sie die Besuche des Benutzers auf der Website und seine Aktionen speichern.<\/li>\n<li>Der Verwalter verwendet die so genannten Service-Cookies in erster Linie, um dem Benutzer elektronisch angebotene Dienste zur Verf\u00fcgung zu stellen und um die Qualit\u00e4t dieser Dienste zu verbessern. Dementsprechend verwenden der Verwalter und andere Einrichtungen, die dem Verwalter analytische und statistische Dienste anbieten, Cookies, die Informationen speichern oder auf Informationen zugreifen, die bereits auf dem Telekommunikationsendger\u00e4t des Benutzers (Computer, Telefon, Tablet, usw.) gespeichert sind. Zu diesem Zweck werden folgende Cookies verwendet:\n<ol>\n<li>Cookies f\u00fcr Benutzereingaben (Sitzungs-ID) f\u00fcr die Dauer der Sitzung (engl. <em>user input cookies<\/em>);<\/li>\n<li>Authentifizierungs-Cookies, die f\u00fcr Dienste verwendet werden, die eine Authentifizierung f\u00fcr die Dauer der Sitzung erfordern (engl. <em>authentication cookies<\/em>);<\/li>\n<li>Sicherheits-Cookies, z. B. solche, die zur Erkennung von Missbrauch bei der Authentifizierung verwendet werden (engl. <em>user centric security cookies<\/em>);<\/li>\n<li>Multimedia-Player-Sitzungscookies (z.B. Flash-Player-Cookies), f\u00fcr die Dauer der Sitzung (engl. <em>multimedia player session cookies<\/em>);<\/li>\n<li>Cookies zur \u00dcberwachung des Website-Verkehrs.<\/li>\n<\/ol>\n<\/li>\n<li>Der Verwalter verwendet Cookies auch f\u00fcr Marketingzwecke. Zu diesem Zweck speichert der Verwalter Informationen oder greift auf Informationen zu, die bereits auf dem Telekommunikationsendger\u00e4t des Benutzers (Computer, Telefon, Tablet, usw.) gespeichert sind. Die Verwendung von Cookies und der durch sie gesammelten personenbezogenen Daten zu Marketingzwecken, insbesondere zur Werbung f\u00fcr die Dienstleistungen und Waren Dritter, erfordert die Zustimmung des Benutzers. Sie k\u00f6nnen diese Zustimmung erteilen, indem Sie Ihren Browser entsprechend konfigurieren, und Sie k\u00f6nnen sie auch jederzeit widerrufen, insbesondere indem Sie Ihren Cookie-Verlauf l\u00f6schen und Cookies in Ihren Browsereinstellungen deaktivieren.<\/li>\n<\/ol>\n<\/li>\n<\/ol>\n<ol>\n<li>VERARBEITUNGSZEITRAUM\n<ol>\n<li>Die Daten werden f\u00fcr die Dauer der Erbringung der Dienstleistung oder der Erf\u00fcllung der Bestellung, bis zum Widerruf der erteilten Zustimmung oder bis zu einem wirksamen Widerspruch gegen die Verarbeitung der Daten in F\u00e4llen, in denen die Rechtsgrundlage f\u00fcr die Verarbeitung das berechtigte Interesse des Verwalters ist, verarbeitet.<\/li>\n<li>Der Verarbeitungszeitraum kann verl\u00e4ngert werden, wenn die Verarbeitung f\u00fcr die Feststellung, Untersuchung oder Verteidigung gegen m\u00f6gliche Anspr\u00fcche erforderlich ist, und danach nur noch, wenn und soweit dies gesetzlich vorgeschrieben ist. Am Ende des Verarbeitungszeitraums werden die Daten unwiderruflich gel\u00f6scht oder anonymisiert.<\/li>\n<\/ol>\n<\/li>\n<\/ol>\n<ol>\n<li>BENUTZERRECHTE\n<ol>\n<li>Recht auf Information \u00fcber die Verarbeitung personenbezogener Daten &#8211; auf dieser Grundlage erh\u00e4lt die Person, die einen solchen Antrag stellt, vom Verwalter Informationen \u00fcber die Verarbeitung personenbezogener Daten, insbesondere \u00fcber die Zwecke und rechtlichen Gr\u00fcnde f\u00fcr die Verarbeitung, den Umfang der gespeicherten Daten, die Stellen, an die die personenbezogenen Daten weitergegeben werden, und den geplanten Zeitpunkt ihrer L\u00f6schung.<\/li>\n<li>Recht auf Erhalt einer Kopie der Daten &#8211; auf dieser Grundlage stellt der Verwalter eine Kopie der verarbeiteten Daten der antragstellenden Person zur Verf\u00fcgung.<\/li>\n<li>Recht auf Berichtigung &#8211; auf dieser Grundlage beseitigt der Verwalter alle Unstimmigkeiten oder Fehler in Bezug auf die verarbeiteten personenbezogenen Daten und erg\u00e4nzt oder aktualisiert sie, wenn sie unvollst\u00e4ndig sind oder sich ge\u00e4ndert haben.<\/li>\n<li>Recht auf L\u00f6schung &#8211; auf dieser Grundlage kann die L\u00f6schung von Daten verlangt werden, deren Verarbeitung f\u00fcr einen der Zwecke, f\u00fcr die sie gesammelt wurden, nicht mehr erforderlich ist.<\/li>\n<li>Recht auf Einschr\u00e4nkung der Verarbeitung &#8211; auf dieser Grundlage stellt der Verwalter die Verarbeitung personenbezogener Daten ein, mit Ausnahme von Vorg\u00e4ngen, in die die betroffene Person eingewilligt hat, und deren Speicherung gem\u00e4\u00df den festgelegten Aufbewahrungsvorschriften, oder bis die Gr\u00fcnde f\u00fcr die Einschr\u00e4nkung der Verarbeitung nicht mehr bestehen (z. B. eine Entscheidung einer Aufsichtsbeh\u00f6rde, die die weitere Verarbeitung erlaubt).<\/li>\n<li>Recht auf Daten\u00fcbertragung &#8211; auf dieser Grundlage gibt der Verwalter die von der betroffenen Person zur Verf\u00fcgung gestellten Daten in einem computerlesbaren Format heraus, sofern die Daten im Zusammenhang mit einem geschlossenen Vertrag oder einer erteilten Einwilligung verarbeitet werden. Es ist auch m\u00f6glich, die \u00dcbermittlung dieser Daten an eine andere Stelle zu beantragen &#8211; vorausgesetzt, dass sowohl der Verwalter als auch die andere Stelle technisch dazu in der Lage sind.<\/li>\n<li>Recht auf Widerspruch gegen die Verarbeitung zu Marketingzwecken &#8211; die betroffene Person kann jederzeit gegen die Verarbeitung personenbezogener Daten zu Marketingzwecken Widerspruch einlegen.<\/li>\n<li>Recht auf Widerspruch gegen die Verarbeitung zu Zwecken der Zufriedenheitsanalyse &#8211; die betroffene Person kann jederzeit gegen die Verarbeitung personenbezogener Daten zu Zwecken der Zufriedenheitsanalyse Widerspruch einlegen.<\/li>\n<li>Recht auf Widerspruch gegen andere Verarbeitungszwecke &#8211; die betroffene Person kann jederzeit gegen die Verarbeitung personenbezogener Daten auf der Grundlage eines berechtigten Interesses des Verwalters (z.B. zu analytischen oder statistischen Zwecken oder aus Gr\u00fcnden des Schutzes von Eigentum) Widerspruch einlegen.\u00a0 Ein diesbez\u00fcglicher Widerspruch muss eine Begr\u00fcndung enthalten und unterliegt der Beurteilung durch den Verwalter.<\/li>\n<li>Recht auf Widerruf der Einwilligung &#8211; wenn Daten auf der Grundlage einer Einwilligung verarbeitet werden, hat die betroffene Person das Recht, diese jederzeit zu widerrufen. Dies ber\u00fchrt jedoch nicht die Rechtm\u00e4\u00dfigkeit der Verarbeitung, die vor dem Widerruf der Einwilligung erfolgt ist.<\/li>\n<li>Recht auf Beschwerde &#8211; wenn die Verarbeitung personenbezogener Daten als Versto\u00df gegen die DSGVO oder andere Datenschutzgesetze angesehen wird, kann die betroffene Person eine Beschwerde bei der zust\u00e4ndigen nationalen Beh\u00f6rde einreichen.<\/li>\n<li>Ein Antrag auf Aus\u00fcbung der Rechte muss an die in den Nutzungsbedingungen angegebene Adresse des Verwalters gesendet werden.<\/li>\n<\/ol>\n<\/li>\n<\/ol>\n<ol>\n<li>DATEN\u00dcBERTRAGUNG UND SICHERHEIT\n<ol>\n<li>Um die oben beschriebenen Zwecke zu erf\u00fcllen, k\u00f6nnen personenbezogene Daten an externe Einrichtungen weitergegeben werden, insbesondere an Anbieter wie Banken und Zahlungsdienstleister, Einrichtungen, die Buchhaltungs-, Rechts-, Transport- und Marketingdienstleistungen erbringen, sowie Einrichtungen, die mit dem Verwalter verbunden sind. Wenn eine Bestellung aufgegeben wird, werden die Daten des Benutzers an den Verk\u00e4ufer weitergegeben, um den Kaufvertrag abzuschlie\u00dfen und durchzuf\u00fchren.<\/li>\n<li>Die pers\u00f6nlichen Daten der Benutzer werden nicht au\u00dferhalb des EWR \u00fcbertragen.<\/li>\n<li>Der Verwalter f\u00fchrt laufend eine Risikoanalyse durch, um zu gew\u00e4hrleisten, dass personenbezogene Daten von ihm sicher verarbeitet werden. Dabei wird insbesondere sichergestellt, dass nur befugte Personen Zugang zu den Daten haben und auch nur in dem Umfang, in dem dies f\u00fcr ihre Aufgaben erforderlich ist. Der Verwalter stellt sicher, dass alle Vorg\u00e4nge im Zusammenhang mit personenbezogenen Daten aufgezeichnet und nur von dazu berechtigten Mitarbeitern und Partnern durchgef\u00fchrt werden.<\/li>\n<li>Der Verwalter ergreift alle erforderlichen Ma\u00dfnahmen, um sicherzustellen, dass auch seine Unterauftragnehmer und andere kooperierende Einrichtungen die Anwendung angemessener Sicherheitsma\u00dfnahmen gew\u00e4hrleisten, wenn sie personenbezogene Daten im Auftrag des Verwalters verarbeiten.<\/li>\n<\/ol>\n<\/li>\n<\/ol>\n<ol>\n<li>SCHLUSSBESTIMMUNGEN\n<ol>\n<li>Der Verwalter beh\u00e4lt sich das Recht vor, diese Datenschutzerkl\u00e4rung zu \u00e4ndern.<\/li>\n<li>Vorbehaltlich des allgemein anwendbaren Rechts ist das auf diese Datenschutzerkl\u00e4rung anwendbare Recht das Recht des eingetragenen Sitzes des Verwalters.<\/li>\n<\/ol>\n<\/li>\n<\/ol>\n<\/li>\n<\/ol>\n","protected":false},"excerpt":{"rendered":"<p>DEFINITIONEN Verwalter \u2013 die in den Nutzungsbedingungen genannte Einheit; Personenbezogene Daten \u2013 alle Informationen \u00fcber eine nat\u00fcrliche Person, die durch einen oder mehrere Faktoren identifiziert oder identifizierbar sind, die f\u00fcr die physische, physiologische, genetische, psychische, wirtschaftliche, kulturelle oder soziale Identit\u00e4t spezifisch sind, einschlie\u00dflich Ger\u00e4te-IP, Standortdaten, Internet-Kennungen und Informationen, die durch Cookies und andere \u00e4hnliche Technologien [&hellip;]<\/p>\n","protected":false},"author":1,"featured_media":0,"parent":0,"menu_order":0,"comment_status":"closed","ping_status":"closed","template":"","meta":{"footnotes":""},"class_list":["post-74295","page","type-page","status-publish","hentry"],"_links":{"self":[{"href":"https:\/\/eu.nutramarket.net\/de\/wp-json\/wp\/v2\/pages\/74295","targetHints":{"allow":["GET"]}}],"collection":[{"href":"https:\/\/eu.nutramarket.net\/de\/wp-json\/wp\/v2\/pages"}],"about":[{"href":"https:\/\/eu.nutramarket.net\/de\/wp-json\/wp\/v2\/types\/page"}],"author":[{"embeddable":true,"href":"https:\/\/eu.nutramarket.net\/de\/wp-json\/wp\/v2\/users\/1"}],"replies":[{"embeddable":true,"href":"https:\/\/eu.nutramarket.net\/de\/wp-json\/wp\/v2\/comments?post=74295"}],"version-history":[{"count":3,"href":"https:\/\/eu.nutramarket.net\/de\/wp-json\/wp\/v2\/pages\/74295\/revisions"}],"predecessor-version":[{"id":109729,"href":"https:\/\/eu.nutramarket.net\/de\/wp-json\/wp\/v2\/pages\/74295\/revisions\/109729"}],"wp:attachment":[{"href":"https:\/\/eu.nutramarket.net\/de\/wp-json\/wp\/v2\/media?parent=74295"}],"curies":[{"name":"wp","href":"https:\/\/api.w.org\/{rel}","templated":true}]}}