{"id":109708,"date":"2023-06-28T07:30:28","date_gmt":"2023-06-28T05:30:28","guid":{"rendered":"https:\/\/eu.nutramarket.net\/product\/vigaman\/"},"modified":"2024-04-25T14:17:23","modified_gmt":"2024-04-25T12:17:23","slug":"vigaman","status":"publish","type":"product","link":"https:\/\/eu.nutramarket.net\/de\/produkt\/vigaman\/","title":{"rendered":"Vigaman"},"content":{"rendered":"<p><span style=\"font-weight: 400;\">Ein Produkt, das f\u00fcr M\u00e4nner entwickelt wurde, die wollen:<\/span><\/p>\n<ul>\n<li style=\"font-weight: 400;\" aria-level=\"1\"><span style=\"font-weight: 400;\">ein angemessenes Ma\u00df an sexueller Aktivit\u00e4t aufrechterhalten<\/span><\/li>\n<li style=\"font-weight: 400;\" aria-level=\"1\"><span style=\"font-weight: 400;\">den Prozess der Spermatogenese unterst\u00fctzen<\/span><\/li>\n<li style=\"font-weight: 400;\" aria-level=\"1\"><span style=\"font-weight: 400;\">Ihre k\u00f6rperliche und geistige Leistungsf\u00e4higkeit unterst\u00fctzen<\/span><\/li>\n<li style=\"font-weight: 400;\" aria-level=\"1\"><span style=\"font-weight: 400;\">sich umfassend um die Gesundheit und Vitalit\u00e4t k\u00fcmmern<\/span><\/li>\n<\/ul>\n","protected":false},"excerpt":{"rendered":"<p><span style=\"font-weight: 400;\">Brausetabletten f\u00fcr M\u00e4nner, die sich umfassend um ihre Gesundheit k\u00fcmmern wollen<\/span><span style=\"font-weight: 400;\"><br \/>\n<\/span><span style=\"font-weight: 400;\">20 Tabletten<\/span><\/p>\n<p><span style=\"font-weight: 400;\">Vigaman ist ein Nahrungserg\u00e4nzungsmittel, das f\u00fcr M\u00e4nner entwickelt wurde, die das Leben in vollen Z\u00fcgen genie\u00dfen m\u00f6chten. Die Wirkstoffe tragen zur Erhaltung der Vitalit\u00e4t bei und unterst\u00fctzen die k\u00f6rperliche und geistige Leistungsf\u00e4higkeit. Eine wichtige Wirkung ist die Unterst\u00fctzung der sexuellen Aktivit\u00e4t, indem es f\u00fcr einen normalen Testosteronspiegel sorgt.<\/span><\/p>\n","protected":false},"featured_media":19088,"template":"","meta":[],"product_cat":[90],"product_tag":[],"class_list":{"0":"post-109708","1":"product","2":"type-product","3":"status-publish","4":"has-post-thumbnail","6":"product_cat-well-being-de","8":"first","9":"instock","10":"shipping-taxable","11":"purchasable","12":"product-type-simple"},"_links":{"self":[{"href":"https:\/\/eu.nutramarket.net\/de\/wp-json\/wp\/v2\/product\/109708","targetHints":{"allow":["GET"]}}],"collection":[{"href":"https:\/\/eu.nutramarket.net\/de\/wp-json\/wp\/v2\/product"}],"about":[{"href":"https:\/\/eu.nutramarket.net\/de\/wp-json\/wp\/v2\/types\/product"}],"wp:featuredmedia":[{"embeddable":true,"href":"https:\/\/eu.nutramarket.net\/de\/wp-json\/wp\/v2\/media\/19088"}],"wp:attachment":[{"href":"https:\/\/eu.nutramarket.net\/de\/wp-json\/wp\/v2\/media?parent=109708"}],"wp:term":[{"taxonomy":"product_cat","embeddable":true,"href":"https:\/\/eu.nutramarket.net\/de\/wp-json\/wp\/v2\/product_cat?post=109708"},{"taxonomy":"product_tag","embeddable":true,"href":"https:\/\/eu.nutramarket.net\/de\/wp-json\/wp\/v2\/product_tag?post=109708"}],"curies":[{"name":"wp","href":"https:\/\/api.w.org\/{rel}","templated":true}]}}