{"id":109733,"date":"2023-06-28T07:23:55","date_gmt":"2023-06-28T05:23:55","guid":{"rendered":"https:\/\/eu.nutramarket.net\/product\/menmax\/"},"modified":"2024-04-25T14:14:26","modified_gmt":"2024-04-25T12:14:26","slug":"menmax","status":"publish","type":"product","link":"https:\/\/eu.nutramarket.net\/de\/produkt\/menmax\/","title":{"rendered":"Menmax"},"content":{"rendered":"<p><span style=\"font-weight: 400;\">Ein Produkt, das f\u00fcr M\u00e4nner entwickelt wurde, die:\u00a0<\/span><\/p>\n<ul>\n<li style=\"font-weight: 400;\" aria-level=\"1\"><span style=\"font-weight: 400;\">ihre sexuelle Leistungsf\u00e4higkeit und ihr Begehren unterst\u00fctzen wollen<\/span><\/li>\n<li style=\"font-weight: 400;\" aria-level=\"1\"><span style=\"font-weight: 400;\">ihren L-Argininspiegel erg\u00e4nzen m\u00f6chten<\/span><\/li>\n<li style=\"font-weight: 400;\" aria-level=\"1\"><span style=\"font-weight: 400;\">Immunit\u00e4t unterst\u00fctzen wollen<\/span><\/li>\n<\/ul>\n","protected":false},"excerpt":{"rendered":"<p><span style=\"font-weight: 400;\">Kapseln f\u00fcr M\u00e4nner, die Sex genie\u00dfen wollen<\/span><span style=\"font-weight: 400;\"><br \/>\n<\/span><span style=\"font-weight: 400;\">60 Kapseln<\/span><\/p>\n<p><span style=\"font-weight: 400;\">MenMax ist ein Nahrungserg\u00e4nzungsmittel, das f\u00fcr M\u00e4nner entwickelt wurde, die das Leben in vollen Z\u00fcgen genie\u00dfen m\u00f6chten. Die Kapseln unterst\u00fctzen die Potenz und stimulieren. Sie helfen auch, die nat\u00fcrlichen Abwehrmechanismen des K\u00f6rpers zu st\u00e4rken. Der Hauptbestandteil des Pr\u00e4parats ist L-Arginin. Der Extrakt aus Erd-Burzeldorn hingegen unterst\u00fctzt das Begehren und die sexuelle Leistungsf\u00e4higkeit.<\/span><\/p>\n","protected":false},"featured_media":19086,"template":"","meta":[],"product_cat":[90],"product_tag":[],"class_list":{"0":"post-109733","1":"product","2":"type-product","3":"status-publish","4":"has-post-thumbnail","6":"product_cat-well-being-de","8":"first","9":"instock","10":"shipping-taxable","11":"purchasable","12":"product-type-simple"},"_links":{"self":[{"href":"https:\/\/eu.nutramarket.net\/de\/wp-json\/wp\/v2\/product\/109733","targetHints":{"allow":["GET"]}}],"collection":[{"href":"https:\/\/eu.nutramarket.net\/de\/wp-json\/wp\/v2\/product"}],"about":[{"href":"https:\/\/eu.nutramarket.net\/de\/wp-json\/wp\/v2\/types\/product"}],"wp:featuredmedia":[{"embeddable":true,"href":"https:\/\/eu.nutramarket.net\/de\/wp-json\/wp\/v2\/media\/19086"}],"wp:attachment":[{"href":"https:\/\/eu.nutramarket.net\/de\/wp-json\/wp\/v2\/media?parent=109733"}],"wp:term":[{"taxonomy":"product_cat","embeddable":true,"href":"https:\/\/eu.nutramarket.net\/de\/wp-json\/wp\/v2\/product_cat?post=109733"},{"taxonomy":"product_tag","embeddable":true,"href":"https:\/\/eu.nutramarket.net\/de\/wp-json\/wp\/v2\/product_tag?post=109733"}],"curies":[{"name":"wp","href":"https:\/\/api.w.org\/{rel}","templated":true}]}}