{"id":109742,"date":"2023-05-11T10:33:18","date_gmt":"2023-05-11T08:33:18","guid":{"rendered":"https:\/\/eu.nutramarket.net\/product\/fenecard\/"},"modified":"2024-04-25T14:13:35","modified_gmt":"2024-04-25T12:13:35","slug":"fenecard","status":"publish","type":"product","link":"https:\/\/eu.nutramarket.net\/de\/produkt\/fenecard\/","title":{"rendered":"Fenecard"},"content":{"rendered":"<p><span style=\"font-weight: 400;\">Ein Produkt, das f\u00fcr Menschen entwickelt wurde, die:\u00a0<\/span><\/p>\n<ul>\n<li style=\"font-weight: 400;\" aria-level=\"1\"><span style=\"font-weight: 400;\">sich um die richtige Herzfunktion k\u00fcmmern wollen (Wei\u00dfdorn)<\/span><\/li>\n<li style=\"font-weight: 400;\" aria-level=\"1\"><span style=\"font-weight: 400;\">zur Aufrechterhaltung des Elektrolytgleichgewichts beitragen m\u00f6chten (Magnesium)<\/span><\/li>\n<li style=\"font-weight: 400;\" aria-level=\"1\"><span style=\"font-weight: 400;\">die Produktion von roten Blutk\u00f6rperchen unterst\u00fctzen wollen (Vitamin B6)<\/span><\/li>\n<li style=\"font-weight: 400;\" aria-level=\"1\"><span style=\"font-weight: 400;\">die Aufrechterhaltung eines normalen Blutdrucks unterst\u00fctzen m\u00f6chten (Kalium)<\/span><\/li>\n<li style=\"font-weight: 400;\" aria-level=\"1\"><span style=\"font-weight: 400;\">f\u00fcr eine gute Muskelfunktion sorgen wollen (Magnesium und Kalium)<\/span><\/li>\n<\/ul>\n","protected":false},"excerpt":{"rendered":"<p><span style=\"font-weight: 400;\">Tabletten zur Unterst\u00fctzung des Herz-Kreislauf-Systems<\/span><span style=\"font-weight: 400;\"><br \/>\n<\/span><span style=\"font-weight: 400;\">60 Tabletten<\/span><\/p>\n<p><span style=\"font-weight: 400;\">Fenecard ist ein Nahrungserg\u00e4nzungsmittel f\u00fcr Menschen, die sich um die Vitalit\u00e4t ihres K\u00f6rpers k\u00fcmmern wollen. Es ist f\u00fcr alle Personen geeignet, die Stress ausgesetzt sind, eine geringere k\u00f6rperliche Aktivit\u00e4t haben oder im fortgeschrittenen Alter sind. Die in Fenecard enthaltenen Inhaltsstoffe k\u00f6nnen die Herzfunktion unterst\u00fctzen und f\u00fcr einen normalen Blutdruck sorgen. Sie unterst\u00fctzen auch die richtige Muskelfunktion und das Elektrolytgleichgewicht.<\/span><\/p>\n","protected":false},"featured_media":14036,"template":"","meta":[],"product_cat":[90],"product_tag":[],"class_list":{"0":"post-109742","1":"product","2":"type-product","3":"status-publish","4":"has-post-thumbnail","6":"product_cat-well-being-de","8":"first","9":"instock","10":"shipping-taxable","11":"purchasable","12":"product-type-simple"},"_links":{"self":[{"href":"https:\/\/eu.nutramarket.net\/de\/wp-json\/wp\/v2\/product\/109742","targetHints":{"allow":["GET"]}}],"collection":[{"href":"https:\/\/eu.nutramarket.net\/de\/wp-json\/wp\/v2\/product"}],"about":[{"href":"https:\/\/eu.nutramarket.net\/de\/wp-json\/wp\/v2\/types\/product"}],"wp:featuredmedia":[{"embeddable":true,"href":"https:\/\/eu.nutramarket.net\/de\/wp-json\/wp\/v2\/media\/14036"}],"wp:attachment":[{"href":"https:\/\/eu.nutramarket.net\/de\/wp-json\/wp\/v2\/media?parent=109742"}],"wp:term":[{"taxonomy":"product_cat","embeddable":true,"href":"https:\/\/eu.nutramarket.net\/de\/wp-json\/wp\/v2\/product_cat?post=109742"},{"taxonomy":"product_tag","embeddable":true,"href":"https:\/\/eu.nutramarket.net\/de\/wp-json\/wp\/v2\/product_tag?post=109742"}],"curies":[{"name":"wp","href":"https:\/\/api.w.org\/{rel}","templated":true}]}}