{"id":109758,"date":"2023-05-09T13:50:34","date_gmt":"2023-05-09T11:50:34","guid":{"rendered":"https:\/\/eu.nutramarket.net\/product\/activestin\/"},"modified":"2024-07-18T15:28:30","modified_gmt":"2024-07-18T13:28:30","slug":"fizzburn","status":"publish","type":"product","link":"https:\/\/eu.nutramarket.net\/de\/produkt\/fizzburn\/","title":{"rendered":"FizzBurn"},"content":{"rendered":"<p><span style=\"font-weight: 400;\">Ein Produkt, das f\u00fcr Menschen entwickelt wurde, die:<\/span><\/p>\n<ul>\n<li style=\"font-weight: 400;\" aria-level=\"1\"><span style=\"font-weight: 400;\">Unterst\u00fctzung bei der Gewichtsabnahme suchen<\/span><\/li>\n<li style=\"font-weight: 400;\" aria-level=\"1\"><span style=\"font-weight: 400;\">nach Alternativen zu Tabletten\/Kapseln suchen<\/span><\/li>\n<li style=\"font-weight: 400;\" aria-level=\"1\"><span style=\"font-weight: 400;\">einen Energieschub brauchen<\/span><\/li>\n<li style=\"font-weight: 400;\" aria-level=\"1\"><span style=\"font-weight: 400;\">Produkte mit einem hohen Gehalt an Wirkstoffen und multidirektionaler Wirkung bevorzugen<\/span><\/li>\n<\/ul>\n","protected":false},"excerpt":{"rendered":"<p><span style=\"font-weight: 400;\">Brausetabletten zur Unterst\u00fctzung der Gewichtsabnahme<\/span><span style=\"font-weight: 400;\"><br \/>\n<\/span><span style=\"font-weight: 400;\">20 Tabletten<\/span><\/p>\n<p><span style=\"font-weight: 400;\">FizzBurn ist ein Nahrungserg\u00e4nzungsmittel, das f\u00fcr Menschen entwickelt wurde, die eine Unterst\u00fctzung beim Abnehmen suchen. Es wird in Form von Brausetabletten mit Orangengeschmack geliefert, was nicht nur die Einnahme erleichtert, sondern auch zu einer zus\u00e4tzlichen Fl\u00fcssigkeitszufuhr beitr\u00e4gt. Die Formel enth\u00e4lt unter anderem Taurin, das vorteilhafte Eigenschaften hat &#8211; unter anderem eine Wirkung auf die Leistungsf\u00e4higkeit und die Fettverbrennung beim Sport. Die anderen Inhaltsstoffe unterst\u00fctzen die ordnungsgem\u00e4\u00dfe Funktion der Muskeln, tragen zur Verringerung des Gef\u00fchls von M\u00fcdigkeit und Ersch\u00f6pfung bei und halten den Energiestoffwechsel auf einem angemessenen Niveau.<\/span><\/p>\n","protected":false},"featured_media":223668,"template":"","meta":[],"product_cat":[90],"product_tag":[],"class_list":{"0":"post-109758","1":"product","2":"type-product","3":"status-publish","4":"has-post-thumbnail","6":"product_cat-well-being-de","8":"first","9":"instock","10":"shipping-taxable","11":"purchasable","12":"product-type-simple"},"_links":{"self":[{"href":"https:\/\/eu.nutramarket.net\/de\/wp-json\/wp\/v2\/product\/109758","targetHints":{"allow":["GET"]}}],"collection":[{"href":"https:\/\/eu.nutramarket.net\/de\/wp-json\/wp\/v2\/product"}],"about":[{"href":"https:\/\/eu.nutramarket.net\/de\/wp-json\/wp\/v2\/types\/product"}],"wp:featuredmedia":[{"embeddable":true,"href":"https:\/\/eu.nutramarket.net\/de\/wp-json\/wp\/v2\/media\/223668"}],"wp:attachment":[{"href":"https:\/\/eu.nutramarket.net\/de\/wp-json\/wp\/v2\/media?parent=109758"}],"wp:term":[{"taxonomy":"product_cat","embeddable":true,"href":"https:\/\/eu.nutramarket.net\/de\/wp-json\/wp\/v2\/product_cat?post=109758"},{"taxonomy":"product_tag","embeddable":true,"href":"https:\/\/eu.nutramarket.net\/de\/wp-json\/wp\/v2\/product_tag?post=109758"}],"curies":[{"name":"wp","href":"https:\/\/api.w.org\/{rel}","templated":true}]}}