{"id":109766,"date":"2023-05-09T13:48:28","date_gmt":"2023-05-09T11:48:28","guid":{"rendered":"https:\/\/eu.nutramarket.net\/product\/yeslashes\/"},"modified":"2024-04-25T14:18:03","modified_gmt":"2024-04-25T12:18:03","slug":"yeslashes","status":"publish","type":"product","link":"https:\/\/eu.nutramarket.net\/de\/produkt\/yeslashes\/","title":{"rendered":"YESlashes"},"content":{"rendered":"<p><span style=\"font-weight: 400;\">Ein Produkt, das f\u00fcr Menschen entwickelt wurde, die:<\/span><\/p>\n<ul>\n<li style=\"font-weight: 400;\" aria-level=\"1\"><span style=\"font-weight: 400;\">ein schnelleres Wachstum von Wimpern und Augenbrauen erwarten,<\/span><\/li>\n<li style=\"font-weight: 400;\" aria-level=\"1\"><span style=\"font-weight: 400;\">die Wimpern und Augenbrauen verdichten m\u00f6chten,<\/span><\/li>\n<li style=\"font-weight: 400;\" aria-level=\"1\"><span style=\"font-weight: 400;\">die einfache und bequeme Anwendung von Kosmetika m\u00f6gen,<\/span><\/li>\n<li style=\"font-weight: 400;\" aria-level=\"1\"><span style=\"font-weight: 400;\">empfindliche Augen haben und Kontaktlinsen tragen<\/span><\/li>\n<\/ul>\n","protected":false},"excerpt":{"rendered":"<p><span style=\"font-weight: 400;\">Gel f\u00fcr Wimpern- und Augenbrauenwachstum<\/span><span style=\"font-weight: 400;\"><br \/>\n<\/span><span style=\"font-weight: 400;\">10 ml<\/span><\/p>\n<p><span style=\"font-weight: 400;\">YESlashes ist ein Pflegegel f\u00fcr alle, die das Wachstum ihrer Wimpern und Augenbrauen f\u00f6rdern m\u00f6chten. Die Wirkstoffe wurden ausgew\u00e4hlt, um das Haarwachstum zu stimulieren. Dar\u00fcber hinaus kann die Wirkung des Pflegemittels dazu beitragen, Augenbrauen und Wimpern zu verdichten und zu verdunkeln. Das verleiht Ihrem Blick Ausdruck und Ihrem Gesicht Charakter. Die Packung \u00e4hnelt einer herk\u00f6mmlichen Wimperntusche, so dass Sie das Gel leicht auftragen k\u00f6nnen.<\/span><\/p>\n","protected":false},"featured_media":14048,"template":"","meta":[],"product_cat":[79],"product_tag":[],"class_list":{"0":"post-109766","1":"product","2":"type-product","3":"status-publish","4":"has-post-thumbnail","6":"product_cat-beauty-de","8":"first","9":"instock","10":"shipping-taxable","11":"purchasable","12":"product-type-simple"},"_links":{"self":[{"href":"https:\/\/eu.nutramarket.net\/de\/wp-json\/wp\/v2\/product\/109766","targetHints":{"allow":["GET"]}}],"collection":[{"href":"https:\/\/eu.nutramarket.net\/de\/wp-json\/wp\/v2\/product"}],"about":[{"href":"https:\/\/eu.nutramarket.net\/de\/wp-json\/wp\/v2\/types\/product"}],"wp:featuredmedia":[{"embeddable":true,"href":"https:\/\/eu.nutramarket.net\/de\/wp-json\/wp\/v2\/media\/14048"}],"wp:attachment":[{"href":"https:\/\/eu.nutramarket.net\/de\/wp-json\/wp\/v2\/media?parent=109766"}],"wp:term":[{"taxonomy":"product_cat","embeddable":true,"href":"https:\/\/eu.nutramarket.net\/de\/wp-json\/wp\/v2\/product_cat?post=109766"},{"taxonomy":"product_tag","embeddable":true,"href":"https:\/\/eu.nutramarket.net\/de\/wp-json\/wp\/v2\/product_tag?post=109766"}],"curies":[{"name":"wp","href":"https:\/\/api.w.org\/{rel}","templated":true}]}}