{"id":109775,"date":"2023-05-09T13:45:46","date_gmt":"2023-05-09T11:45:46","guid":{"rendered":"https:\/\/eu.nutramarket.net\/product\/perfecto-cream\/"},"modified":"2024-04-25T14:15:41","modified_gmt":"2024-04-25T12:15:41","slug":"perfecto-cream","status":"publish","type":"product","link":"https:\/\/eu.nutramarket.net\/de\/produkt\/perfecto-cream\/","title":{"rendered":"Perfecto Cream"},"content":{"rendered":"<p><span style=\"font-weight: 400;\">Ein Produkt, das f\u00fcr Menschen entwickelt wurde, die:<\/span><\/p>\n<ul>\n<li style=\"font-weight: 400;\" aria-level=\"1\"><span style=\"font-weight: 400;\">die von Cellulite betroffene Haut umfassend pflegen m\u00f6chten,<\/span><\/li>\n<li style=\"font-weight: 400;\" aria-level=\"1\"><span style=\"font-weight: 400;\">das Aussehen und den Zustand ihrer Haut verbessern m\u00f6chten,<\/span><\/li>\n<li style=\"font-weight: 400;\" aria-level=\"1\"><span style=\"font-weight: 400;\">beschweren sich \u00fcber \u00fcbersch\u00fcssiges K\u00f6rperfett<\/span><\/li>\n<\/ul>\n","protected":false},"excerpt":{"rendered":"<p><span style=\"font-weight: 400;\">K\u00f6rperlotion mit pflegenden und straffenden Eigenschaften<\/span><span style=\"font-weight: 400;\"><br \/>\n<\/span><span style=\"font-weight: 400;\">200 ml<\/span><\/p>\n<p><span style=\"font-weight: 400;\">Perfecto Cream ist eine Lotion f\u00fcr alle, denen K\u00f6rperpflege und Fitness am Herzen liegen. Ein wichtiger Aspekt der Wirkung der Lotion ist ihre positive Wirkung bei der Reduzierung von Cellulite. Es hat eine unterst\u00fctzende Wirkung bei der Beseitigung von \u00fcbersch\u00fcssigem K\u00f6rperfett. Die Reichhaltigkeit der Inhaltsstoffe sorgt daf\u00fcr, dass die Haut den ganzen Tag \u00fcber gepflegt wird. Trotzdem ist die Konsistenz sanft und zieht schnell ein, so dass die Lotion morgens und abends verwendet werden kann.<\/span><\/p>\n","protected":false},"featured_media":13954,"template":"","meta":[],"product_cat":[79],"product_tag":[],"class_list":{"0":"post-109775","1":"product","2":"type-product","3":"status-publish","4":"has-post-thumbnail","6":"product_cat-beauty-de","8":"first","9":"instock","10":"shipping-taxable","11":"purchasable","12":"product-type-simple"},"_links":{"self":[{"href":"https:\/\/eu.nutramarket.net\/de\/wp-json\/wp\/v2\/product\/109775","targetHints":{"allow":["GET"]}}],"collection":[{"href":"https:\/\/eu.nutramarket.net\/de\/wp-json\/wp\/v2\/product"}],"about":[{"href":"https:\/\/eu.nutramarket.net\/de\/wp-json\/wp\/v2\/types\/product"}],"wp:featuredmedia":[{"embeddable":true,"href":"https:\/\/eu.nutramarket.net\/de\/wp-json\/wp\/v2\/media\/13954"}],"wp:attachment":[{"href":"https:\/\/eu.nutramarket.net\/de\/wp-json\/wp\/v2\/media?parent=109775"}],"wp:term":[{"taxonomy":"product_cat","embeddable":true,"href":"https:\/\/eu.nutramarket.net\/de\/wp-json\/wp\/v2\/product_cat?post=109775"},{"taxonomy":"product_tag","embeddable":true,"href":"https:\/\/eu.nutramarket.net\/de\/wp-json\/wp\/v2\/product_tag?post=109775"}],"curies":[{"name":"wp","href":"https:\/\/api.w.org\/{rel}","templated":true}]}}