{"id":109792,"date":"2023-04-19T07:58:37","date_gmt":"2023-04-19T05:58:37","guid":{"rendered":"https:\/\/eu.nutramarket.net\/product\/dr-merritz\/"},"modified":"2024-04-25T14:12:51","modified_gmt":"2024-04-25T12:12:51","slug":"dr-merritz","status":"publish","type":"product","link":"https:\/\/eu.nutramarket.net\/de\/produkt\/dr-merritz\/","title":{"rendered":"Dr. Merritz"},"content":{"rendered":"<p><span style=\"font-weight: 400;\">Ein Produkt, das f\u00fcr Menschen entwickelt wurde, die:\u00a0<\/span><\/p>\n<ul>\n<li style=\"font-weight: 400;\" aria-level=\"1\"><span style=\"font-weight: 400;\">N\u00e4gel regenerieren und st\u00e4rken m\u00f6chten<\/span><\/li>\n<li style=\"font-weight: 400;\" aria-level=\"1\"><span style=\"font-weight: 400;\">Den Zustand ihrer N\u00e4gel verbessern m\u00f6chten<\/span><\/li>\n<li style=\"font-weight: 400;\" aria-level=\"1\"><span style=\"font-weight: 400;\">Die Widerstandsf\u00e4higkeit ihrer N\u00e4gel gegen mechanische Besch\u00e4digungen erh\u00f6hen m\u00f6chten<\/span><\/li>\n<li style=\"font-weight: 400;\" aria-level=\"1\"><span style=\"font-weight: 400;\">F\u00fcr einen gl\u00e4nzenden und glatten Nageleffekt sorgen m\u00f6chten<\/span><\/li>\n<li style=\"font-weight: 400;\" aria-level=\"1\"><span style=\"font-weight: 400;\">Das Wachstum der Nagelplatte f\u00f6rdern m\u00f6chten<\/span><\/li>\n<li style=\"font-weight: 400;\" aria-level=\"1\"><span style=\"font-weight: 400;\">Nach einem Produkt suchen, das neben seiner pflegenden Wirkung auch antibakterielle und antimykotische Eigenschaften hat<\/span><\/li>\n<\/ul>\n","protected":false},"excerpt":{"rendered":"<p><span style=\"font-weight: 400;\">Regenerierende Kur f\u00fcr besch\u00e4digte N\u00e4gel mit antimikrobiellen Eigenschaften<\/span><span style=\"font-weight: 400;\"><br \/>\n<\/span><span style=\"font-weight: 400;\">5 ml<\/span><\/p>\n<p><span style=\"font-weight: 400;\">Dr. Merritz ist eine Kur in Form eines praktischen Nagellacks. Es wurde f\u00fcr Menschen mit Problemen mit Fu\u00df- und Handn\u00e4geln entwickelt. Der Lack hat antibakterielle und antimykotische Eigenschaften. Er kann auch verwendet werden, um den Zustand der N\u00e4gel zu verbessern, sie zu regenerieren und zu st\u00e4rken. Das Ergebnis der Anwendung k\u00f6nnen gl\u00e4nzende und glatte N\u00e4gel sein.<\/span><\/p>\n","protected":false},"featured_media":190332,"template":"","meta":[],"product_cat":[79],"product_tag":[],"class_list":{"0":"post-109792","1":"product","2":"type-product","3":"status-publish","4":"has-post-thumbnail","6":"product_cat-beauty-de","8":"first","9":"instock","10":"shipping-taxable","11":"purchasable","12":"product-type-simple"},"_links":{"self":[{"href":"https:\/\/eu.nutramarket.net\/de\/wp-json\/wp\/v2\/product\/109792","targetHints":{"allow":["GET"]}}],"collection":[{"href":"https:\/\/eu.nutramarket.net\/de\/wp-json\/wp\/v2\/product"}],"about":[{"href":"https:\/\/eu.nutramarket.net\/de\/wp-json\/wp\/v2\/types\/product"}],"wp:featuredmedia":[{"embeddable":true,"href":"https:\/\/eu.nutramarket.net\/de\/wp-json\/wp\/v2\/media\/190332"}],"wp:attachment":[{"href":"https:\/\/eu.nutramarket.net\/de\/wp-json\/wp\/v2\/media?parent=109792"}],"wp:term":[{"taxonomy":"product_cat","embeddable":true,"href":"https:\/\/eu.nutramarket.net\/de\/wp-json\/wp\/v2\/product_cat?post=109792"},{"taxonomy":"product_tag","embeddable":true,"href":"https:\/\/eu.nutramarket.net\/de\/wp-json\/wp\/v2\/product_tag?post=109792"}],"curies":[{"name":"wp","href":"https:\/\/api.w.org\/{rel}","templated":true}]}}