{"id":120034,"date":"2023-12-13T14:58:32","date_gmt":"2023-12-13T13:58:32","guid":{"rendered":"https:\/\/eu.nutramarket.net\/?post_type=product&#038;p=120034"},"modified":"2024-02-14T15:15:01","modified_gmt":"2024-02-14T14:15:01","slug":"vitasimil","status":"publish","type":"product","link":"https:\/\/eu.nutramarket.net\/de\/produkt\/vitasimil\/","title":{"rendered":"VITASIMIL"},"content":{"rendered":"<p><b>Ein Produkt, das f\u00fcr Menschen entwickelt wurde, die:<\/b><\/p>\n<ul>\n<li style=\"font-weight: 400;\" aria-level=\"1\"><span style=\"font-weight: 400;\">Unterst\u00fctzung bei der Gewichtsabnahme suchen,<\/span><\/li>\n<li style=\"font-weight: 400;\" aria-level=\"1\"><span style=\"font-weight: 400;\">neue Anwendungsformen m\u00f6gen,<\/span><\/li>\n<li style=\"font-weight: 400;\" aria-level=\"1\"><span style=\"font-weight: 400;\">eine umfassende Wirkung erwarten,\u00a0<\/span><\/li>\n<li style=\"font-weight: 400;\" aria-level=\"1\"><span style=\"font-weight: 400;\">den Lipid- und Kohlenhydratstoffwechsel unterst\u00fctzen m\u00f6chten,<\/span><\/li>\n<li style=\"font-weight: 400;\" aria-level=\"1\"><span style=\"font-weight: 400;\">zur Aufrechterhaltung eines normalen Blutzuckerspiegels beitragen m\u00f6chten,<\/span><\/li>\n<li style=\"font-weight: 400;\" aria-level=\"1\"><span style=\"font-weight: 400;\">ihr k\u00f6rperliches Wohlbefinden erhalten wollen,<\/span><\/li>\n<li style=\"font-weight: 400;\" aria-level=\"1\"><span style=\"font-weight: 400;\">die Verdauung unterst\u00fctzen wollen.<\/span><\/li>\n<\/ul>\n","protected":false},"excerpt":{"rendered":"<p><b>VITASIMIL<\/b><\/p>\n<p><span style=\"font-weight: 400;\">\u00a0<\/span><\/p>\n<p><span style=\"font-weight: 400;\">\u00a0<\/span><\/p>\n<p><span style=\"font-weight: 400;\">Brausetabletten zur Unterst\u00fctzung der Gewichtsabnahme<\/span><\/p>\n<p><span style=\"font-weight: 400;\">\u00a0<\/span><\/p>\n<p><span style=\"font-weight: 400;\">14 Portionsbeutel<\/span><\/p>\n<p><span style=\"font-weight: 400;\">\u00a0<\/span><\/p>\n<p><span style=\"font-weight: 400;\">Vitasimil ist ein Nahrungserg\u00e4nzungsmittel, das f\u00fcr Menschen entwickelt wurde, die eine Unterst\u00fctzung beim Abnehmen suchen. Es hat eine innovative Pulverform, die Sie Ihrem Lieblingssmoothie, Joghurt oder Saft hinzuf\u00fcgen k\u00f6nnen. Die enthaltenen Wirkstoffe sollen dem K\u00f6rper helfen, Lipide (Fette) und Kohlenhydrate zu verstoffwechseln. Die Ballaststoffe in der Zusammensetzung regulieren die Verdauung.<\/span><\/p>\n","protected":false},"featured_media":120054,"template":"","meta":[],"product_cat":[90],"product_tag":[],"class_list":{"0":"post-120034","1":"product","2":"type-product","3":"status-publish","4":"has-post-thumbnail","6":"product_cat-well-being-de","8":"first","9":"instock","10":"shipping-taxable","11":"purchasable","12":"product-type-simple"},"_links":{"self":[{"href":"https:\/\/eu.nutramarket.net\/de\/wp-json\/wp\/v2\/product\/120034","targetHints":{"allow":["GET"]}}],"collection":[{"href":"https:\/\/eu.nutramarket.net\/de\/wp-json\/wp\/v2\/product"}],"about":[{"href":"https:\/\/eu.nutramarket.net\/de\/wp-json\/wp\/v2\/types\/product"}],"wp:featuredmedia":[{"embeddable":true,"href":"https:\/\/eu.nutramarket.net\/de\/wp-json\/wp\/v2\/media\/120054"}],"wp:attachment":[{"href":"https:\/\/eu.nutramarket.net\/de\/wp-json\/wp\/v2\/media?parent=120034"}],"wp:term":[{"taxonomy":"product_cat","embeddable":true,"href":"https:\/\/eu.nutramarket.net\/de\/wp-json\/wp\/v2\/product_cat?post=120034"},{"taxonomy":"product_tag","embeddable":true,"href":"https:\/\/eu.nutramarket.net\/de\/wp-json\/wp\/v2\/product_tag?post=120034"}],"curies":[{"name":"wp","href":"https:\/\/api.w.org\/{rel}","templated":true}]}}