{"id":120043,"date":"2023-12-13T15:36:49","date_gmt":"2023-12-13T14:36:49","guid":{"rendered":"https:\/\/eu.nutramarket.net\/?post_type=product&#038;p=120043"},"modified":"2024-04-12T15:33:18","modified_gmt":"2024-04-12T13:33:18","slug":"vigaman-kopia-2","status":"publish","type":"product","link":"https:\/\/eu.nutramarket.net\/de\/produkt\/vigaman-kopia-2\/","title":{"rendered":"Supritabs"},"content":{"rendered":"<p><b>Ein Produkt, das f\u00fcr Menschen entwickelt wurde, die:\u00a0<\/b><\/p>\n<ul>\n<li style=\"font-weight: 400;\" aria-level=\"1\"><span style=\"font-weight: 400;\">ihre Ern\u00e4hrung mit Vitaminen und Mineralien erg\u00e4nzen m\u00f6chten\u00a0\u00a0<\/span><\/li>\n<li style=\"font-weight: 400;\" aria-level=\"1\"><span style=\"font-weight: 400;\">Schwierigkeiten beim Schlucken von Tabletten und Kapseln haben und nach einer anderen Form der Einnahme des Produkts suchen\u00a0<\/span><\/li>\n<li style=\"font-weight: 400;\" aria-level=\"1\"><span style=\"font-weight: 400;\">einen Energieschub brauchen\u00a0<\/span><\/li>\n<li style=\"font-weight: 400;\" aria-level=\"1\"><span style=\"font-weight: 400;\">Produkte mit einem hohen Gehalt an Wirkstoffen und multidirektionaler Wirkung bevorzugen\u00a0\u00a0<\/span><\/li>\n<li style=\"font-weight: 400;\" aria-level=\"1\"><span style=\"font-weight: 400;\">die Fl\u00fcssigkeitsversorgung weiter f\u00f6rdern m\u00f6chten (die Notwendigkeit, die Tablette in einem Glas Wasser aufzul\u00f6sen, &#8220;zwingt&#8221; Sie dazu, mindestens ein zus\u00e4tzliches Glas Wasser zu trinken)\u00a0\u00a0<\/span><\/li>\n<\/ul>\n","protected":false},"excerpt":{"rendered":"<p><span style=\"font-weight: 400;\">Brausetabletten f\u00fcr das allgemeine Wohlbefinden<\/span><\/p>\n<p><span style=\"font-weight: 400;\">20 Tabletten<\/span><\/p>\n<p><span style=\"font-weight: 400;\">Supritabs ist ein Nahrungserg\u00e4nzungsmittel, das f\u00fcr Menschen entwickelt wurde, die Energie, Wohlbefinden und eine Extraportion Vitamine suchen. Es wird in Form von Brausetabletten mit tropischem Geschmack geliefert, was nicht nur die Einnahme erleichtert, sondern auch zu einer zus\u00e4tzlichen Fl\u00fcssigkeitszufuhr beitr\u00e4gt. Das Produkt enth\u00e4lt unter anderem Kalium, das vorteilhafte Eigenschaften hat, wie die Unterst\u00fctzung des Nervensystems und die Gew\u00e4hrleistung eines normalen Blutdrucks. Die anderen Inhaltsstoffe (Kalzium, Vitamin C, Magnesium, Chrom) unterst\u00fctzen das reibungslose Funktionieren des Immunsystems, ein ausreichendes Niveau an Lebensenergie und sorgen f\u00fcr Wohlbefinden.\u00a0<\/span><\/p>\n","protected":false},"featured_media":190171,"template":"","meta":[],"product_cat":[90],"product_tag":[],"class_list":{"0":"post-120043","1":"product","2":"type-product","3":"status-publish","4":"has-post-thumbnail","6":"product_cat-well-being-de","8":"first","9":"instock","10":"shipping-taxable","11":"purchasable","12":"product-type-simple"},"_links":{"self":[{"href":"https:\/\/eu.nutramarket.net\/de\/wp-json\/wp\/v2\/product\/120043","targetHints":{"allow":["GET"]}}],"collection":[{"href":"https:\/\/eu.nutramarket.net\/de\/wp-json\/wp\/v2\/product"}],"about":[{"href":"https:\/\/eu.nutramarket.net\/de\/wp-json\/wp\/v2\/types\/product"}],"wp:featuredmedia":[{"embeddable":true,"href":"https:\/\/eu.nutramarket.net\/de\/wp-json\/wp\/v2\/media\/190171"}],"wp:attachment":[{"href":"https:\/\/eu.nutramarket.net\/de\/wp-json\/wp\/v2\/media?parent=120043"}],"wp:term":[{"taxonomy":"product_cat","embeddable":true,"href":"https:\/\/eu.nutramarket.net\/de\/wp-json\/wp\/v2\/product_cat?post=120043"},{"taxonomy":"product_tag","embeddable":true,"href":"https:\/\/eu.nutramarket.net\/de\/wp-json\/wp\/v2\/product_tag?post=120043"}],"curies":[{"name":"wp","href":"https:\/\/api.w.org\/{rel}","templated":true}]}}