{"id":120073,"date":"2023-12-18T12:32:21","date_gmt":"2023-12-18T11:32:21","guid":{"rendered":"https:\/\/eu.nutramarket.net\/?post_type=product&#038;p=120073"},"modified":"2023-12-18T14:20:57","modified_gmt":"2023-12-18T13:20:57","slug":"venicoldgel","status":"publish","type":"product","link":"https:\/\/eu.nutramarket.net\/de\/produkt\/venicoldgel\/","title":{"rendered":"Venicold Gel"},"content":{"rendered":"<p><b>Ein Produkt, das f\u00fcr Menschen entwickelt wurde, die:\u00a0<\/b><\/p>\n<ul>\n<li style=\"font-weight: 400;\" aria-level=\"1\"><span style=\"font-weight: 400;\">ein Gef\u00fchl von sogenannten schweren Beinen haben,<\/span><\/li>\n<li style=\"font-weight: 400;\" aria-level=\"1\"><span style=\"font-weight: 400;\">zu erweiterten Gef\u00e4\u00dfen, den sogenannten Besenreisern, neigen,<\/span><\/li>\n<li style=\"font-weight: 400;\" aria-level=\"1\"><span style=\"font-weight: 400;\">m\u00fcden Beinen Linderung verschaffen wollen,<\/span><\/li>\n<li style=\"font-weight: 400;\" aria-level=\"1\"><span style=\"font-weight: 400;\">eine k\u00fchlende Wirkung ben\u00f6tigen, besonders im Sommer.<\/span><\/li>\n<\/ul>\n","protected":false},"excerpt":{"rendered":"<p><span style=\"font-weight: 400;\">Pflegendes und k\u00fchlendes Gel f\u00fcr die Beine<\/span><\/p>\n<p><span style=\"font-weight: 400;\">150 ml<\/span><span style=\"font-weight: 400;\">\u00a0<\/span><\/p>\n<p><span style=\"font-weight: 400;\">Venicold Gel ist ein Gel, das dank seines Reichtums an Wirkstoffen eine Reihe von positiven Wirkungen auf die Haut zeigt. Das Produkt ist sehr gut f\u00fcr die Hautpflege und Entspannung geeignet und hat eine k\u00fchlende und beruhigende Wirkung. Au\u00dferdem kann das Produkt bei m\u00fcden Beinen Linderung verschaffen. Das Gel kann sowohl bei Bedarf als auch regelm\u00e4\u00dfig angewendet werden.<\/span><\/p>\n","protected":false},"featured_media":120082,"template":"","meta":[],"product_cat":[90],"product_tag":[],"class_list":{"0":"post-120073","1":"product","2":"type-product","3":"status-publish","4":"has-post-thumbnail","6":"product_cat-well-being-de","8":"first","9":"instock","10":"shipping-taxable","11":"purchasable","12":"product-type-simple"},"_links":{"self":[{"href":"https:\/\/eu.nutramarket.net\/de\/wp-json\/wp\/v2\/product\/120073","targetHints":{"allow":["GET"]}}],"collection":[{"href":"https:\/\/eu.nutramarket.net\/de\/wp-json\/wp\/v2\/product"}],"about":[{"href":"https:\/\/eu.nutramarket.net\/de\/wp-json\/wp\/v2\/types\/product"}],"wp:featuredmedia":[{"embeddable":true,"href":"https:\/\/eu.nutramarket.net\/de\/wp-json\/wp\/v2\/media\/120082"}],"wp:attachment":[{"href":"https:\/\/eu.nutramarket.net\/de\/wp-json\/wp\/v2\/media?parent=120073"}],"wp:term":[{"taxonomy":"product_cat","embeddable":true,"href":"https:\/\/eu.nutramarket.net\/de\/wp-json\/wp\/v2\/product_cat?post=120073"},{"taxonomy":"product_tag","embeddable":true,"href":"https:\/\/eu.nutramarket.net\/de\/wp-json\/wp\/v2\/product_tag?post=120073"}],"curies":[{"name":"wp","href":"https:\/\/api.w.org\/{rel}","templated":true}]}}