{"id":190184,"date":"2023-04-19T15:58:02","date_gmt":"2023-04-19T13:58:02","guid":{"rendered":"https:\/\/eu.nutramarket.net\/product\/vidia-oil\/"},"modified":"2024-02-15T17:47:16","modified_gmt":"2024-02-15T16:47:16","slug":"vidia-oil","status":"publish","type":"product","link":"https:\/\/eu.nutramarket.net\/de\/produkt\/vidia-oil\/","title":{"rendered":"Vidia Oil"},"content":{"rendered":"<p><b>Ein Produkt, das f\u00fcr Menschen entwickelt wurde, die:\u00a0<\/b><\/p>\n<ul>\n<li style=\"font-weight: 400;\" aria-level=\"1\"><span style=\"font-weight: 400;\">sich um ihr Geh\u00f6r k\u00fcmmern wollen<\/span><\/li>\n<li style=\"font-weight: 400;\" aria-level=\"1\"><span style=\"font-weight: 400;\">sich um das Herz-Kreislauf-System k\u00fcmmern wollen\u00a0<\/span><\/li>\n<li style=\"font-weight: 400;\" aria-level=\"1\"><span style=\"font-weight: 400;\">ihren Cholesterinspiegel besser kontrollieren wollen<\/span><\/li>\n<li style=\"font-weight: 400;\" aria-level=\"1\"><span style=\"font-weight: 400;\">das Immunsystem unterst\u00fctzen wollen<\/span><\/li>\n<li style=\"font-weight: 400;\" aria-level=\"1\"><span style=\"font-weight: 400;\">sich um ihre Stimmung k\u00fcmmern wollen\u00a0<\/span><\/li>\n<\/ul>\n<p>&nbsp;<\/p>\n<p>&nbsp;<\/p>\n","protected":false},"excerpt":{"rendered":"<p>Nahrungserg\u00e4nzungsmittel in Form von Tropfen mit gesundheitsf\u00f6rdernder Wirkung<br \/>\n10 g<\/p>\n<p><span style=\"font-weight: 400;\">Vidia Oil ist ein \u00d6l, das vor allem f\u00fcr Menschen entwickelt wurde, die ihr Geh\u00f6r pflegen m\u00f6chten. <\/span><span style=\"font-weight: 400;\">Dank des \u00d6ls aus den Samen des Faserhanfs hat es eine positive Wirkung auf das Herz-Kreislauf-System und wirkt beruhigend und entspannend. So kann das Geh\u00f6r besser arbeiten, weil der ganze K\u00f6rper nicht unter Stress steht. Das \u00d6l unterst\u00fctzt auch das reibungslose Funktionieren des Immunsystems.<\/span><\/p>\n","protected":false},"featured_media":190180,"template":"","meta":[],"product_cat":[90],"product_tag":[],"class_list":{"0":"post-190184","1":"product","2":"type-product","3":"status-publish","4":"has-post-thumbnail","6":"product_cat-well-being-de","8":"first","9":"instock","10":"shipping-taxable","11":"purchasable","12":"product-type-simple"},"_links":{"self":[{"href":"https:\/\/eu.nutramarket.net\/de\/wp-json\/wp\/v2\/product\/190184","targetHints":{"allow":["GET"]}}],"collection":[{"href":"https:\/\/eu.nutramarket.net\/de\/wp-json\/wp\/v2\/product"}],"about":[{"href":"https:\/\/eu.nutramarket.net\/de\/wp-json\/wp\/v2\/types\/product"}],"wp:featuredmedia":[{"embeddable":true,"href":"https:\/\/eu.nutramarket.net\/de\/wp-json\/wp\/v2\/media\/190180"}],"wp:attachment":[{"href":"https:\/\/eu.nutramarket.net\/de\/wp-json\/wp\/v2\/media?parent=190184"}],"wp:term":[{"taxonomy":"product_cat","embeddable":true,"href":"https:\/\/eu.nutramarket.net\/de\/wp-json\/wp\/v2\/product_cat?post=190184"},{"taxonomy":"product_tag","embeddable":true,"href":"https:\/\/eu.nutramarket.net\/de\/wp-json\/wp\/v2\/product_tag?post=190184"}],"curies":[{"name":"wp","href":"https:\/\/api.w.org\/{rel}","templated":true}]}}