{"id":190200,"date":"2024-02-15T18:08:16","date_gmt":"2024-02-15T17:08:16","guid":{"rendered":"https:\/\/eu.nutramarket.net\/product\/mifastin\/"},"modified":"2024-04-19T14:36:06","modified_gmt":"2024-04-19T12:36:06","slug":"mifastin","status":"publish","type":"product","link":"https:\/\/eu.nutramarket.net\/de\/produkt\/mifastin\/","title":{"rendered":"Mifastin"},"content":{"rendered":"<p><b>Ein Produkt, das f\u00fcr Menschen entwickelt wurde, die:\u00a0<\/b><\/p>\n<ul>\n<li style=\"font-weight: 400;\" aria-level=\"1\"><span style=\"font-weight: 400;\">eine ketogene Di\u00e4t einhalten &#8211; Capryls\u00e4ure kann die Produktion von Ketonk\u00f6rpern f\u00f6rdern\u00a0<\/span><\/li>\n<li style=\"font-weight: 400;\" aria-level=\"1\"><span style=\"font-weight: 400;\">mit Pilzinfektionen zu k\u00e4mpfen haben, insbesondere mit solchen, die durch Hefepilze der Gattung <\/span><i><span style=\"font-weight: 400;\">Candida<\/span><\/i><span style=\"font-weight: 400;\"> verursacht werden\u00a0<\/span><\/li>\n<li style=\"font-weight: 400;\" aria-level=\"1\"><span style=\"font-weight: 400;\">mit Magen-Darm-Problemen zu k\u00e4mpfen haben\u00a0<\/span><\/li>\n<li style=\"font-weight: 400;\" aria-level=\"1\"><span style=\"font-weight: 400;\">mit einem gesteigerten Appetit auf S\u00fc\u00dfes zu k\u00e4mpfen haben\u00a0\u00a0<\/span><\/li>\n<\/ul>\n","protected":false},"excerpt":{"rendered":"<p><span style=\"font-weight: 400;\">Unterst\u00fctzende Kapseln w\u00e4hrend einer ketogenen Di\u00e4t<\/span><\/p>\n<p>&nbsp;<\/p>\n<p><span style=\"font-weight: 400;\">60 Tabletten<\/span><\/p>\n<p>&nbsp;<\/p>\n<p><span style=\"font-weight: 400;\">Mifasting ist ein Nahrungserg\u00e4nzungsmittel, das f\u00fcr Menschen entwickelt wurde, die sich w\u00e4hrend einer ketogenen Di\u00e4t um ihren K\u00f6rper k\u00fcmmern m\u00f6chten. Die Kapseln sind reich an Inhaltsstoffen, die einerseits f\u00fcr den richtigen Ablauf der Ketose sorgen, aber auch den Verdauungstrakt unterst\u00fctzen, der Hefen, Pilzen und Bakterien ausgesetzt ist. Sie helfen auch, die nat\u00fcrlichen Abwehrkr\u00e4fte und die Vitalit\u00e4t des K\u00f6rpers zu st\u00e4rken.\u00a0<\/span><\/p>\n","protected":false},"featured_media":190308,"template":"","meta":[],"product_cat":[90],"product_tag":[],"class_list":{"0":"post-190200","1":"product","2":"type-product","3":"status-publish","4":"has-post-thumbnail","6":"product_cat-well-being-de","8":"first","9":"instock","10":"shipping-taxable","11":"purchasable","12":"product-type-simple"},"_links":{"self":[{"href":"https:\/\/eu.nutramarket.net\/de\/wp-json\/wp\/v2\/product\/190200","targetHints":{"allow":["GET"]}}],"collection":[{"href":"https:\/\/eu.nutramarket.net\/de\/wp-json\/wp\/v2\/product"}],"about":[{"href":"https:\/\/eu.nutramarket.net\/de\/wp-json\/wp\/v2\/types\/product"}],"wp:featuredmedia":[{"embeddable":true,"href":"https:\/\/eu.nutramarket.net\/de\/wp-json\/wp\/v2\/media\/190308"}],"wp:attachment":[{"href":"https:\/\/eu.nutramarket.net\/de\/wp-json\/wp\/v2\/media?parent=190200"}],"wp:term":[{"taxonomy":"product_cat","embeddable":true,"href":"https:\/\/eu.nutramarket.net\/de\/wp-json\/wp\/v2\/product_cat?post=190200"},{"taxonomy":"product_tag","embeddable":true,"href":"https:\/\/eu.nutramarket.net\/de\/wp-json\/wp\/v2\/product_tag?post=190200"}],"curies":[{"name":"wp","href":"https:\/\/api.w.org\/{rel}","templated":true}]}}