{"id":190228,"date":"2024-03-06T15:32:03","date_gmt":"2024-03-06T14:32:03","guid":{"rendered":"https:\/\/eu.nutramarket.net\/product\/nightbeast\/"},"modified":"2024-03-07T10:09:02","modified_gmt":"2024-03-07T09:09:02","slug":"nightbeast","status":"publish","type":"product","link":"https:\/\/eu.nutramarket.net\/de\/produkt\/nightbeast\/","title":{"rendered":"Night Beast"},"content":{"rendered":"<p><b>Ein Produkt, das f\u00fcr M\u00e4nner entwickelt wurde, die wollen:\u00a0<\/b><\/p>\n<ul>\n<li style=\"font-weight: 400;\" aria-level=\"1\"><span style=\"font-weight: 400;\">die Dauer der Erektion verl\u00e4ngern m\u00f6chten,<\/span><\/li>\n<li style=\"font-weight: 400;\" aria-level=\"1\"><span style=\"font-weight: 400;\">das Peniswachstum stimulieren wollen,<\/span><\/li>\n<li style=\"font-weight: 400;\" aria-level=\"1\"><span style=\"font-weight: 400;\">das Aussehen des Penis verbessern m\u00f6chten,<\/span><\/li>\n<li style=\"font-weight: 400;\" aria-level=\"1\"><span style=\"font-weight: 400;\">die Haut im Intimbereich n\u00e4hren und st\u00e4rken m\u00f6chten<\/span><\/li>\n<li style=\"font-weight: 400;\" aria-level=\"1\"><span style=\"font-weight: 400;\">den Intimbereich beim Geschlechtsverkehr stimulieren und sensibilisieren m\u00f6chten.<\/span><\/li>\n<\/ul>\n<p>&nbsp;<\/p>\n","protected":false},"excerpt":{"rendered":"<p><span style=\"font-weight: 400;\">Intimcreme f\u00fcr M\u00e4nner, die ihre Empfindungen verbessern wollen<\/span><\/p>\n<p><span style=\"font-weight: 400;\">\u00a0<\/span><\/p>\n<p><span style=\"font-weight: 400;\">150 ml<\/span><\/p>\n<p><span style=\"font-weight: 400;\">\u00a0<\/span><\/p>\n<p><span style=\"font-weight: 400;\">Beschreibung<\/span><\/p>\n<p>&nbsp;<\/p>\n<p><span style=\"font-weight: 400;\">NightBeast ist eine Creme f\u00fcr M\u00e4nner, f\u00fcr die Intimbereiche. Sie ist f\u00fcr jeden gedacht, der die Empfindungen beim Geschlechtsverkehr verbessern m\u00f6chte. Das Produkt tr\u00e4gt dazu bei, die Erektion zu verl\u00e4ngern und bewirkt au\u00dferdem eine Vergr\u00f6\u00dferung des Penis und eine allgemeine Verbesserung seines Aussehens. All dies macht den Sex f\u00fcr beide Partner viel angenehmer und hebt die Temperatur im Schlafzimmer betr\u00e4chtlich an.<\/span><\/p>\n<p><span style=\"font-weight: 400;\">\u00a0<\/span><\/p>\n","protected":false},"featured_media":190225,"template":"","meta":[],"product_cat":[90],"product_tag":[],"class_list":{"0":"post-190228","1":"product","2":"type-product","3":"status-publish","4":"has-post-thumbnail","6":"product_cat-well-being-de","8":"first","9":"instock","10":"shipping-taxable","11":"purchasable","12":"product-type-simple"},"_links":{"self":[{"href":"https:\/\/eu.nutramarket.net\/de\/wp-json\/wp\/v2\/product\/190228","targetHints":{"allow":["GET"]}}],"collection":[{"href":"https:\/\/eu.nutramarket.net\/de\/wp-json\/wp\/v2\/product"}],"about":[{"href":"https:\/\/eu.nutramarket.net\/de\/wp-json\/wp\/v2\/types\/product"}],"wp:featuredmedia":[{"embeddable":true,"href":"https:\/\/eu.nutramarket.net\/de\/wp-json\/wp\/v2\/media\/190225"}],"wp:attachment":[{"href":"https:\/\/eu.nutramarket.net\/de\/wp-json\/wp\/v2\/media?parent=190228"}],"wp:term":[{"taxonomy":"product_cat","embeddable":true,"href":"https:\/\/eu.nutramarket.net\/de\/wp-json\/wp\/v2\/product_cat?post=190228"},{"taxonomy":"product_tag","embeddable":true,"href":"https:\/\/eu.nutramarket.net\/de\/wp-json\/wp\/v2\/product_tag?post=190228"}],"curies":[{"name":"wp","href":"https:\/\/api.w.org\/{rel}","templated":true}]}}