{"id":190248,"date":"2024-03-07T12:08:09","date_gmt":"2024-03-07T11:08:09","guid":{"rendered":"https:\/\/eu.nutramarket.net\/product\/luminissa\/"},"modified":"2024-03-07T12:49:58","modified_gmt":"2024-03-07T11:49:58","slug":"luminissa","status":"publish","type":"product","link":"https:\/\/eu.nutramarket.net\/de\/produkt\/luminissa\/","title":{"rendered":"Luminissa"},"content":{"rendered":"<p><b>Ein Produkt, das f\u00fcr Menschen entwickelt wurde, die:<\/b><\/p>\n<ul>\n<li><span style=\"font-weight: 400;\"> \u00a0 <\/span> <span style=\"font-weight: 400;\">Ihre Sch\u00f6nheit von innen heraus pflegen wollen<\/span><\/li>\n<li><span style=\"font-weight: 400;\"> \u00a0 <\/span> <span style=\"font-weight: 400;\">Ihre Ern\u00e4hrung mit antioxidativen Inhaltsstoffen erg\u00e4nzen m\u00f6chten<\/span><\/li>\n<li><span style=\"font-weight: 400;\"> \u00a0 <\/span> <span style=\"font-weight: 400;\">Multifunktionale Produkte bevorzugen<\/span><\/li>\n<li>\u00a0 F\u00fcr eine angemessene Fl\u00fcssigkeitsversorgung des K\u00f6rpers sorgen wollen<\/li>\n<\/ul>\n","protected":false},"excerpt":{"rendered":"<p><span style=\"font-weight: 400;\">Brausetabletten zur Wiederherstellung einer strahlenden Haut und Haare\u00a0<\/span><\/p>\n<p><span style=\"font-weight: 400;\">20 Tabletten<\/span><\/p>\n<p><span style=\"font-weight: 400;\">Luminissa ist ein Nahrungserg\u00e4nzungsmittel, das f\u00fcr Menschen entwickelt wurde, die f\u00fcr eine ausreichende Fl\u00fcssigkeitszufuhr sorgen wollen, um ihre Sch\u00f6nheit von innen zu erhalten. Der Einfachheit halber wird es in Form von Brausetabletten mit Orangengeschmack angeboten, was nicht nur die Einnahme erleichtert, sondern Ihnen auch eine zus\u00e4tzliche Dosis an Vitamin C und E erm\u00f6glicht. Vitamin C beeinflusst unter anderem die Produktion von Kollagen, um das reibungslose Funktionieren u.a. der Haut zu gew\u00e4hrleisten. Vitamin E wirkt als wirksames Antioxidans und sch\u00fctzt die Zellen vor den sch\u00e4dlichen Auswirkungen freier Radikale, was wichtig ist, um den Alterungsprozess zu verhindern und die allgemeine Gesundheit zu erhalten. Biotin ist vorteilhaft f\u00fcr die Erhaltung gesunder Haare und die anderen Inhaltsstoffe erg\u00e4nzen perfekt die Zusammensetzung des Produkts, um den ganzen K\u00f6rper zu unterst\u00fctzen.<\/span><\/p>\n","protected":false},"featured_media":190244,"template":"","meta":[],"product_cat":[90],"product_tag":[],"class_list":{"0":"post-190248","1":"product","2":"type-product","3":"status-publish","4":"has-post-thumbnail","6":"product_cat-well-being-de","8":"first","9":"instock","10":"shipping-taxable","11":"purchasable","12":"product-type-simple"},"_links":{"self":[{"href":"https:\/\/eu.nutramarket.net\/de\/wp-json\/wp\/v2\/product\/190248","targetHints":{"allow":["GET"]}}],"collection":[{"href":"https:\/\/eu.nutramarket.net\/de\/wp-json\/wp\/v2\/product"}],"about":[{"href":"https:\/\/eu.nutramarket.net\/de\/wp-json\/wp\/v2\/types\/product"}],"wp:featuredmedia":[{"embeddable":true,"href":"https:\/\/eu.nutramarket.net\/de\/wp-json\/wp\/v2\/media\/190244"}],"wp:attachment":[{"href":"https:\/\/eu.nutramarket.net\/de\/wp-json\/wp\/v2\/media?parent=190248"}],"wp:term":[{"taxonomy":"product_cat","embeddable":true,"href":"https:\/\/eu.nutramarket.net\/de\/wp-json\/wp\/v2\/product_cat?post=190248"},{"taxonomy":"product_tag","embeddable":true,"href":"https:\/\/eu.nutramarket.net\/de\/wp-json\/wp\/v2\/product_tag?post=190248"}],"curies":[{"name":"wp","href":"https:\/\/api.w.org\/{rel}","templated":true}]}}