{"id":190339,"date":"2024-04-26T10:04:28","date_gmt":"2024-04-26T08:04:28","guid":{"rendered":"https:\/\/eu.nutramarket.net\/?post_type=product&#038;p=190339"},"modified":"2024-04-26T11:01:42","modified_gmt":"2024-04-26T09:01:42","slug":"visadore","status":"publish","type":"product","link":"https:\/\/eu.nutramarket.net\/de\/produkt\/visadore\/","title":{"rendered":"Visador\u00e9"},"content":{"rendered":"<p><b>Ein Produkt, das f\u00fcr Frauen entwickelt wurde, die:\u00a0<\/b><\/p>\n<ul>\n<li style=\"font-weight: 400;\" aria-level=\"1\"><span style=\"font-weight: 400;\">den Alterungsprozess der Haut verlangsamen m\u00f6chten,<\/span><\/li>\n<li style=\"font-weight: 400;\" aria-level=\"1\"><span style=\"font-weight: 400;\">nach einem Produkt mit Lifting- und Gl\u00e4ttungseffekt suchen,<\/span><\/li>\n<li style=\"font-weight: 400;\" aria-level=\"1\"><span style=\"font-weight: 400;\">nach einem Produkt suchen, das schnell einzieht und keinen klebrigen Film hinterl\u00e4sst,<\/span><\/li>\n<li style=\"font-weight: 400;\" aria-level=\"1\"><span style=\"font-weight: 400;\">nach einem Produkt suchen, das sich unter dem Make-up eignet.<\/span><\/li>\n<\/ul>\n","protected":false},"excerpt":{"rendered":"<p><span style=\"font-weight: 400;\">Eine Tagescreme mit gl\u00e4ttender Wirkung f\u00fcr das Gesicht<\/span><span style=\"font-weight: 400;\">. F\u00fcr Frauen, denen ihre Gesichtshaut am Herzen liegt.<br \/>\n<\/span><span style=\"font-weight: 400;\">50 ml<\/span><\/p>\n<p><span style=\"font-weight: 400;\">Visador\u00e8 Day ist eine Tagescreme f\u00fcr Frauen, die den Prozess der Hautalterung verlangsamen m\u00f6chten. Dank ihrer Wirkstoffe f\u00f6rdert die Creme die Regeneration der Epidermis und hat einen Lifting-Effekt. Visador\u00e8 zieht perfekt ein und hinterl\u00e4sst keinen klebrigen, unangenehmen Film, so dass es auch unter dem Make-up verwendet werden kann.\u00a0\u00a0<\/span><\/p>\n","protected":false},"featured_media":190347,"template":"","meta":[],"product_cat":[79],"product_tag":[],"class_list":{"0":"post-190339","1":"product","2":"type-product","3":"status-publish","4":"has-post-thumbnail","6":"product_cat-beauty-de","8":"first","9":"instock","10":"shipping-taxable","11":"purchasable","12":"product-type-simple"},"_links":{"self":[{"href":"https:\/\/eu.nutramarket.net\/de\/wp-json\/wp\/v2\/product\/190339","targetHints":{"allow":["GET"]}}],"collection":[{"href":"https:\/\/eu.nutramarket.net\/de\/wp-json\/wp\/v2\/product"}],"about":[{"href":"https:\/\/eu.nutramarket.net\/de\/wp-json\/wp\/v2\/types\/product"}],"wp:featuredmedia":[{"embeddable":true,"href":"https:\/\/eu.nutramarket.net\/de\/wp-json\/wp\/v2\/media\/190347"}],"wp:attachment":[{"href":"https:\/\/eu.nutramarket.net\/de\/wp-json\/wp\/v2\/media?parent=190339"}],"wp:term":[{"taxonomy":"product_cat","embeddable":true,"href":"https:\/\/eu.nutramarket.net\/de\/wp-json\/wp\/v2\/product_cat?post=190339"},{"taxonomy":"product_tag","embeddable":true,"href":"https:\/\/eu.nutramarket.net\/de\/wp-json\/wp\/v2\/product_tag?post=190339"}],"curies":[{"name":"wp","href":"https:\/\/api.w.org\/{rel}","templated":true}]}}