{"id":74251,"date":"2020-10-13T09:00:26","date_gmt":"2020-10-13T07:00:26","guid":{"rendered":"https:\/\/eu.nutramarket.net\/about-us\/"},"modified":"2024-12-19T12:49:30","modified_gmt":"2024-12-19T11:49:30","slug":"about-us","status":"publish","type":"page","link":"https:\/\/eu.nutramarket.net\/es\/about-us\/","title":{"rendered":"Sobre nosotros"},"content":{"rendered":"\t\t<div data-elementor-type=\"wp-page\" data-elementor-id=\"74251\" class=\"elementor elementor-74251 elementor-633\">\n\t\t\t\t\t\t<section class=\"elementor-section elementor-top-section elementor-element elementor-element-695d9620 elementor-section-boxed elementor-section-height-default elementor-section-height-default\" data-id=\"695d9620\" data-element_type=\"section\">\n\t\t\t\t\t\t<div class=\"elementor-container elementor-column-gap-extended\">\n\t\t\t\t\t<div class=\"elementor-column elementor-col-50 elementor-top-column elementor-element elementor-element-3ab8bd90\" data-id=\"3ab8bd90\" data-element_type=\"column\">\n\t\t\t<div class=\"elementor-widget-wrap elementor-element-populated\">\n\t\t\t\t\t\t<div class=\"elementor-element elementor-element-79de2f57 elementor-widget elementor-widget-image\" data-id=\"79de2f57\" data-element_type=\"widget\" data-widget_type=\"image.default\">\n\t\t\t\t<div class=\"elementor-widget-container\">\n\t\t\t\t\t\t\t\t\t\t\t\t\t\t\t<img fetchpriority=\"high\" decoding=\"async\" width=\"570\" height=\"500\" src=\"https:\/\/eu.nutramarket.net\/wp-content\/uploads\/sites\/32\/2023\/04\/about-1.png\" class=\"attachment-large size-large wp-image-13750\" alt=\"\" \/>\t\t\t\t\t\t\t\t\t\t\t\t\t\t\t<\/div>\n\t\t\t\t<\/div>\n\t\t\t\t\t<\/div>\n\t\t<\/div>\n\t\t\t\t<div class=\"elementor-column elementor-col-50 elementor-top-column elementor-element elementor-element-6e3daedb\" data-id=\"6e3daedb\" data-element_type=\"column\">\n\t\t\t<div class=\"elementor-widget-wrap elementor-element-populated\">\n\t\t\t\t\t\t<div class=\"elementor-element elementor-element-5904d5cf elementor-widget elementor-widget-heading\" data-id=\"5904d5cf\" data-element_type=\"widget\" data-widget_type=\"heading.default\">\n\t\t\t\t<div class=\"elementor-widget-container\">\n\t\t\t\t\t<h6 class=\"elementor-heading-title elementor-size-default\">\u00a1Estos somos nosotros!<\/h6>\t\t\t\t<\/div>\n\t\t\t\t<\/div>\n\t\t\t\t<div class=\"elementor-element elementor-element-56e64a63 elementor-widget elementor-widget-heading\" data-id=\"56e64a63\" data-element_type=\"widget\" data-widget_type=\"heading.default\">\n\t\t\t\t<div class=\"elementor-widget-container\">\n\t\t\t\t\t<h3 class=\"elementor-heading-title elementor-size-default\">Unas palabras sobre nosotros<\/h3>\t\t\t\t<\/div>\n\t\t\t\t<\/div>\n\t\t\t\t<div class=\"elementor-element elementor-element-ec0bd3f elementor-widget elementor-widget-text-editor\" data-id=\"ec0bd3f\" data-element_type=\"widget\" data-widget_type=\"text-editor.default\">\n\t\t\t\t<div class=\"elementor-widget-container\">\n\t\t\t\t\t\t\t\t\t<p><span data-sheets-value=\"{&quot;1&quot;:2,&quot;2&quot;:&quot;Amamos la naturaleza porque, b\u00e1sicamente, todos procedemos de ella. Por eso hemos creado un lugar para que la naturaleza se encuentre m\u00e1s cerca de las personas, m\u00e1s cerca de ti. No nos quedamos en medias tintas. Nosotros mismos valoramos la calidad y el buen servicio. Por eso nuestra tienda es justo como querr\u00edamos que fuera cuando somos clientes.&quot;}\" data-sheets-userformat=\"{&quot;2&quot;:14721,&quot;3&quot;:{&quot;1&quot;:0,&quot;3&quot;:1},&quot;10&quot;:0,&quot;11&quot;:4,&quot;14&quot;:{&quot;1&quot;:3,&quot;3&quot;:1},&quot;15&quot;:&quot;Calibri&quot;,&quot;16&quot;:11}\" data-sheets-textstyleruns=\"{&quot;1&quot;:0,&quot;2&quot;:{&quot;2&quot;:{&quot;1&quot;:3,&quot;3&quot;:1},&quot;3&quot;:&quot;Calibri&quot;,&quot;4&quot;:11}}\">Amamos la naturaleza porque, b\u00e1sicamente, todos procedemos de ella. Por eso hemos creado un lugar para que la naturaleza se encuentre m\u00e1s cerca de las personas, m\u00e1s cerca de ti. No nos quedamos en medias tintas. Nosotros mismos valoramos la calidad y el buen servicio. Por eso nuestra tienda es justo como querr\u00edamos que fuera cuando somos clientes.<\/span><\/p>\t\t\t\t\t\t\t\t<\/div>\n\t\t\t\t<\/div>\n\t\t\t\t<div class=\"elementor-element elementor-element-5692eee elementor-widget elementor-widget-text-editor\" data-id=\"5692eee\" data-element_type=\"widget\" data-widget_type=\"text-editor.default\">\n\t\t\t\t<div class=\"elementor-widget-container\">\n\t\t\t\t\t\t\t\t\t<p><span data-sheets-value=\"{&quot;1&quot;:2,&quot;2&quot;:&quot;Naturalmente, aqu\u00ed solo encontrar\u00e1s experiencias agradables y los mejores productos que merece la pena tener.&quot;}\" data-sheets-userformat=\"{&quot;2&quot;:14721,&quot;3&quot;:{&quot;1&quot;:0,&quot;3&quot;:1},&quot;10&quot;:0,&quot;11&quot;:4,&quot;14&quot;:{&quot;1&quot;:3,&quot;3&quot;:1},&quot;15&quot;:&quot;Calibri&quot;,&quot;16&quot;:11}\" data-sheets-textstyleruns=\"{&quot;1&quot;:0,&quot;2&quot;:{&quot;2&quot;:{&quot;1&quot;:3,&quot;3&quot;:1},&quot;3&quot;:&quot;Calibri&quot;,&quot;4&quot;:11}}\">Naturalmente, aqu\u00ed solo encontrar\u00e1s experiencias agradables y los mejores productos que merece la pena tener.<\/span><\/p>\t\t\t\t\t\t\t\t<\/div>\n\t\t\t\t<\/div>\n\t\t\t\t\t<\/div>\n\t\t<\/div>\n\t\t\t\t\t<\/div>\n\t\t<\/section>\n\t\t\t\t<section class=\"elementor-section elementor-top-section elementor-element elementor-element-2deadd83 elementor-section-boxed elementor-section-height-default elementor-section-height-default\" data-id=\"2deadd83\" data-element_type=\"section\">\n\t\t\t\t\t\t<div class=\"elementor-container elementor-column-gap-extended\">\n\t\t\t\t\t<div class=\"elementor-column elementor-col-50 elementor-top-column elementor-element elementor-element-29a198a0\" data-id=\"29a198a0\" data-element_type=\"column\">\n\t\t\t<div class=\"elementor-widget-wrap elementor-element-populated\">\n\t\t\t\t\t\t<div class=\"elementor-element elementor-element-27452aa1 elementor-widget elementor-widget-heading\" data-id=\"27452aa1\" data-element_type=\"widget\" data-widget_type=\"heading.default\">\n\t\t\t\t<div class=\"elementor-widget-container\">\n\t\t\t\t\t<h6 class=\"elementor-heading-title elementor-size-default\">\u00a1Para ti!<\/h6>\t\t\t\t<\/div>\n\t\t\t\t<\/div>\n\t\t\t\t<div class=\"elementor-element elementor-element-266e7633 elementor-widget elementor-widget-heading\" data-id=\"266e7633\" data-element_type=\"widget\" data-widget_type=\"heading.default\">\n\t\t\t\t<div class=\"elementor-widget-container\">\n\t\t\t\t\t<h3 class=\"elementor-heading-title elementor-size-default\">Date un capricho, te lo mereces<\/h3>\t\t\t\t<\/div>\n\t\t\t\t<\/div>\n\t\t\t\t<div class=\"elementor-element elementor-element-7fc3ef8f elementor-widget elementor-widget-text-editor\" data-id=\"7fc3ef8f\" data-element_type=\"widget\" data-widget_type=\"text-editor.default\">\n\t\t\t\t<div class=\"elementor-widget-container\">\n\t\t\t\t\t\t\t\t\t<p><span data-sheets-value=\"{&quot;1&quot;:2,&quot;2&quot;:&quot;No te olvides que, de vez en cuando, conviene desconectar. Ded\u00edcate por lo menos 5 minutos cada d\u00eda. \u00a1A TI! No pienses en obligaciones, tareas, plazos... En su lugar, piensa que eres una persona maravillosa. Encuentra un rasgo positivo tuyo y del\u00e9itate en \u00e9l.&quot;}\" data-sheets-userformat=\"{&quot;2&quot;:14721,&quot;3&quot;:{&quot;1&quot;:0,&quot;3&quot;:1},&quot;10&quot;:0,&quot;11&quot;:4,&quot;14&quot;:{&quot;1&quot;:3,&quot;3&quot;:1},&quot;15&quot;:&quot;Calibri&quot;,&quot;16&quot;:11}\" data-sheets-textstyleruns=\"{&quot;1&quot;:0,&quot;2&quot;:{&quot;2&quot;:{&quot;1&quot;:3,&quot;3&quot;:1},&quot;3&quot;:&quot;Calibri&quot;,&quot;4&quot;:11}}\">No te olvides que, de vez en cuando, conviene desconectar. Ded\u00edcate por lo menos 5 minutos cada d\u00eda. \u00a1A TI! No pienses en obligaciones, tareas, plazos&#8230; En su lugar, piensa que eres una persona maravillosa. Encuentra un rasgo positivo tuyo y del\u00e9itate en \u00e9l.<\/span><\/p>\t\t\t\t\t\t\t\t<\/div>\n\t\t\t\t<\/div>\n\t\t\t\t<div class=\"elementor-element elementor-element-7dc0fece elementor-widget elementor-widget-text-editor\" data-id=\"7dc0fece\" data-element_type=\"widget\" data-widget_type=\"text-editor.default\">\n\t\t\t\t<div class=\"elementor-widget-container\">\n\t\t\t\t\t\t\t\t\t<p><span data-sheets-value=\"{&quot;1&quot;:2,&quot;2&quot;:&quot;Date un d\u00eda para ti al menos una vez al mes. Entonces, puedes echar un vistazo a NUTRAMARKET, por ejemplo. Y pensar en qu\u00e9 necesitas o quieres tener.&quot;}\" data-sheets-userformat=\"{&quot;2&quot;:14721,&quot;3&quot;:{&quot;1&quot;:0,&quot;3&quot;:1},&quot;10&quot;:0,&quot;11&quot;:4,&quot;14&quot;:{&quot;1&quot;:3,&quot;3&quot;:1},&quot;15&quot;:&quot;Calibri&quot;,&quot;16&quot;:11}\" data-sheets-textstyleruns=\"{&quot;1&quot;:0,&quot;2&quot;:{&quot;2&quot;:{&quot;1&quot;:3,&quot;3&quot;:1},&quot;3&quot;:&quot;Calibri&quot;,&quot;4&quot;:11}}\">Date un d\u00eda para ti al menos una vez al mes. Entonces, puedes echar un vistazo a NUTRAGOODS, por ejemplo. Y pensar en qu\u00e9 necesitas o quieres tener.<\/span><\/p>\t\t\t\t\t\t\t\t<\/div>\n\t\t\t\t<\/div>\n\t\t\t\t\t<\/div>\n\t\t<\/div>\n\t\t\t\t<div class=\"elementor-column elementor-col-50 elementor-top-column elementor-element elementor-element-399d8f45\" data-id=\"399d8f45\" data-element_type=\"column\">\n\t\t\t<div class=\"elementor-widget-wrap elementor-element-populated\">\n\t\t\t\t\t\t<div class=\"elementor-element elementor-element-284648c8 elementor-widget elementor-widget-image\" data-id=\"284648c8\" data-element_type=\"widget\" data-widget_type=\"image.default\">\n\t\t\t\t<div class=\"elementor-widget-container\">\n\t\t\t\t\t\t\t\t\t\t\t\t\t\t\t<img decoding=\"async\" width=\"570\" height=\"500\" src=\"https:\/\/eu.nutramarket.net\/wp-content\/uploads\/sites\/32\/2023\/04\/about-2.png\" class=\"attachment-large size-large wp-image-13751\" alt=\"\" \/>\t\t\t\t\t\t\t\t\t\t\t\t\t\t\t<\/div>\n\t\t\t\t<\/div>\n\t\t\t\t\t<\/div>\n\t\t<\/div>\n\t\t\t\t\t<\/div>\n\t\t<\/section>\n\t\t\t\t<section class=\"elementor-section elementor-top-section elementor-element elementor-element-1a4019b5 elementor-section-boxed elementor-section-height-default elementor-section-height-default\" data-id=\"1a4019b5\" data-element_type=\"section\" data-settings=\"{&quot;background_background&quot;:&quot;classic&quot;}\">\n\t\t\t\t\t\t<div class=\"elementor-container elementor-column-gap-no\">\n\t\t\t\t\t<div class=\"elementor-column elementor-col-100 elementor-top-column elementor-element elementor-element-3a1a9408\" data-id=\"3a1a9408\" data-element_type=\"column\" data-settings=\"{&quot;background_background&quot;:&quot;classic&quot;}\">\n\t\t\t<div class=\"elementor-widget-wrap elementor-element-populated\">\n\t\t\t\t\t\t<div class=\"elementor-element elementor-element-55a7bec9 elementor-widget elementor-widget-text-editor\" data-id=\"55a7bec9\" data-element_type=\"widget\" data-widget_type=\"text-editor.default\">\n\t\t\t\t<div class=\"elementor-widget-container\">\n\t\t\t\t\t\t\t\t\t<p><span data-sheets-value=\"{&quot;1&quot;:2,&quot;2&quot;:&quot;NATURALMENTE&quot;}\" data-sheets-userformat=\"{&quot;2&quot;:14721,&quot;3&quot;:{&quot;1&quot;:0,&quot;3&quot;:1},&quot;10&quot;:0,&quot;11&quot;:4,&quot;14&quot;:{&quot;1&quot;:3,&quot;3&quot;:1},&quot;15&quot;:&quot;Calibri&quot;,&quot;16&quot;:11}\" data-sheets-textstyleruns=\"{&quot;1&quot;:0,&quot;2&quot;:{&quot;2&quot;:{&quot;1&quot;:3,&quot;3&quot;:1},&quot;3&quot;:&quot;Calibri&quot;,&quot;4&quot;:11}}\">NATURALMENTE<\/span><br \/><span data-sheets-value=\"{&quot;1&quot;:2,&quot;2&quot;:&quot;Tu comodidad y satisfacci\u00f3n&quot;}\" data-sheets-userformat=\"{&quot;2&quot;:14721,&quot;3&quot;:{&quot;1&quot;:0,&quot;3&quot;:1},&quot;10&quot;:0,&quot;11&quot;:4,&quot;14&quot;:{&quot;1&quot;:3,&quot;3&quot;:1},&quot;15&quot;:&quot;Calibri&quot;,&quot;16&quot;:11}\" data-sheets-textstyleruns=\"{&quot;1&quot;:0,&quot;2&quot;:{&quot;2&quot;:{&quot;1&quot;:3,&quot;3&quot;:1},&quot;3&quot;:&quot;Calibri&quot;,&quot;4&quot;:11}}\">Tu comodidad y satisfacci\u00f3n<\/span><br \/><span data-sheets-value=\"{&quot;1&quot;:2,&quot;2&quot;:&quot;NUTRAMARKET se ocupa de ello&quot;}\" data-sheets-userformat=\"{&quot;2&quot;:14721,&quot;3&quot;:{&quot;1&quot;:0,&quot;3&quot;:1},&quot;10&quot;:0,&quot;11&quot;:4,&quot;14&quot;:{&quot;1&quot;:3,&quot;3&quot;:1},&quot;15&quot;:&quot;Calibri&quot;,&quot;16&quot;:11}\" data-sheets-textstyleruns=\"{&quot;1&quot;:0,&quot;2&quot;:{&quot;2&quot;:{&quot;1&quot;:3,&quot;3&quot;:1},&quot;3&quot;:&quot;Calibri&quot;,&quot;4&quot;:11}}\">NUTRAGOODS se ocupa de ello<\/span><\/p>\t\t\t\t\t\t\t\t<\/div>\n\t\t\t\t<\/div>\n\t\t\t\t\t<\/div>\n\t\t<\/div>\n\t\t\t\t\t<\/div>\n\t\t<\/section>\n\t\t\t\t<section class=\"elementor-section elementor-top-section elementor-element elementor-element-4202385e elementor-section-boxed elementor-section-height-default elementor-section-height-default\" data-id=\"4202385e\" data-element_type=\"section\">\n\t\t\t\t\t\t<div class=\"elementor-container elementor-column-gap-extended\">\n\t\t\t\t\t<div class=\"elementor-column elementor-col-25 elementor-top-column elementor-element elementor-element-426bbfac\" data-id=\"426bbfac\" data-element_type=\"column\">\n\t\t\t<div class=\"elementor-widget-wrap\">\n\t\t\t\t\t\t\t<\/div>\n\t\t<\/div>\n\t\t\t\t<div class=\"elementor-column elementor-col-25 elementor-top-column elementor-element elementor-element-b4ff28e\" data-id=\"b4ff28e\" data-element_type=\"column\">\n\t\t\t<div class=\"elementor-widget-wrap elementor-element-populated\">\n\t\t\t\t\t\t<div class=\"elementor-element elementor-element-587b8304 elementor-widget elementor-widget-image\" data-id=\"587b8304\" data-element_type=\"widget\" data-widget_type=\"image.default\">\n\t\t\t\t<div class=\"elementor-widget-container\">\n\t\t\t\t\t\t\t\t\t\t\t\t\t\t\t<img decoding=\"async\" width=\"470\" height=\"540\" src=\"https:\/\/eu.nutramarket.net\/wp-content\/uploads\/sites\/32\/2023\/04\/about-3.jpg\" class=\"attachment-large size-large wp-image-13752\" alt=\"\" srcset=\"https:\/\/eu.nutramarket.net\/wp-content\/uploads\/sites\/32\/2023\/04\/about-3.jpg 470w, https:\/\/eu.nutramarket.net\/wp-content\/uploads\/sites\/32\/2023\/04\/about-3-261x300.jpg 261w\" sizes=\"(max-width: 470px) 100vw, 470px\" \/>\t\t\t\t\t\t\t\t\t\t\t\t\t\t\t<\/div>\n\t\t\t\t<\/div>\n\t\t\t\t<div class=\"elementor-element elementor-element-5ea6e983 elementor-widget elementor-widget-image\" data-id=\"5ea6e983\" data-element_type=\"widget\" data-widget_type=\"image.default\">\n\t\t\t\t<div class=\"elementor-widget-container\">\n\t\t\t\t\t\t\t\t\t\t\t\t\t\t\t<img loading=\"lazy\" decoding=\"async\" width=\"470\" height=\"340\" src=\"https:\/\/eu.nutramarket.net\/wp-content\/uploads\/sites\/32\/2023\/04\/about-5.jpg\" class=\"attachment-large size-large wp-image-13754\" alt=\"\" srcset=\"https:\/\/eu.nutramarket.net\/wp-content\/uploads\/sites\/32\/2023\/04\/about-5.jpg 470w, https:\/\/eu.nutramarket.net\/wp-content\/uploads\/sites\/32\/2023\/04\/about-5-300x217.jpg 300w\" sizes=\"(max-width: 470px) 100vw, 470px\" \/>\t\t\t\t\t\t\t\t\t\t\t\t\t\t\t<\/div>\n\t\t\t\t<\/div>\n\t\t\t\t\t<\/div>\n\t\t<\/div>\n\t\t\t\t<div class=\"elementor-column elementor-col-25 elementor-top-column elementor-element elementor-element-6f7cda36\" data-id=\"6f7cda36\" data-element_type=\"column\">\n\t\t\t<div class=\"elementor-widget-wrap elementor-element-populated\">\n\t\t\t\t\t\t<div class=\"elementor-element elementor-element-1c7fa477 elementor-widget elementor-widget-image\" data-id=\"1c7fa477\" data-element_type=\"widget\" data-widget_type=\"image.default\">\n\t\t\t\t<div class=\"elementor-widget-container\">\n\t\t\t\t\t\t\t\t\t\t\t\t\t\t\t<img loading=\"lazy\" decoding=\"async\" width=\"470\" height=\"340\" src=\"https:\/\/eu.nutramarket.net\/wp-content\/uploads\/sites\/32\/2023\/04\/about-4.jpg\" class=\"attachment-large size-large wp-image-13753\" alt=\"\" srcset=\"https:\/\/eu.nutramarket.net\/wp-content\/uploads\/sites\/32\/2023\/04\/about-4.jpg 470w, https:\/\/eu.nutramarket.net\/wp-content\/uploads\/sites\/32\/2023\/04\/about-4-300x217.jpg 300w\" sizes=\"(max-width: 470px) 100vw, 470px\" \/>\t\t\t\t\t\t\t\t\t\t\t\t\t\t\t<\/div>\n\t\t\t\t<\/div>\n\t\t\t\t<div class=\"elementor-element elementor-element-15ae89cf elementor-widget elementor-widget-image\" data-id=\"15ae89cf\" data-element_type=\"widget\" data-widget_type=\"image.default\">\n\t\t\t\t<div class=\"elementor-widget-container\">\n\t\t\t\t\t\t\t\t\t\t\t\t\t\t\t<img loading=\"lazy\" decoding=\"async\" width=\"470\" height=\"540\" src=\"https:\/\/eu.nutramarket.net\/wp-content\/uploads\/sites\/32\/2023\/04\/about-6.jpg\" class=\"attachment-large size-large wp-image-13755\" alt=\"\" srcset=\"https:\/\/eu.nutramarket.net\/wp-content\/uploads\/sites\/32\/2023\/04\/about-6.jpg 470w, https:\/\/eu.nutramarket.net\/wp-content\/uploads\/sites\/32\/2023\/04\/about-6-261x300.jpg 261w\" sizes=\"(max-width: 470px) 100vw, 470px\" \/>\t\t\t\t\t\t\t\t\t\t\t\t\t\t\t<\/div>\n\t\t\t\t<\/div>\n\t\t\t\t\t<\/div>\n\t\t<\/div>\n\t\t\t\t<div class=\"elementor-column elementor-col-25 elementor-top-column elementor-element elementor-element-ec1b91a\" data-id=\"ec1b91a\" data-element_type=\"column\">\n\t\t\t<div class=\"elementor-widget-wrap\">\n\t\t\t\t\t\t\t<\/div>\n\t\t<\/div>\n\t\t\t\t\t<\/div>\n\t\t<\/section>\n\t\t\t\t<\/div>\n\t\t","protected":false},"excerpt":{"rendered":"<p>\u00a1Estos somos nosotros! Unas palabras sobre nosotros Amamos la naturaleza porque, b\u00e1sicamente, todos procedemos de ella. Por eso hemos creado un lugar para que la naturaleza se encuentre m\u00e1s cerca de las personas, m\u00e1s cerca de ti. No nos quedamos en medias tintas. Nosotros mismos valoramos la calidad y el buen servicio. Por eso nuestra [&hellip;]<\/p>\n","protected":false},"author":1,"featured_media":0,"parent":0,"menu_order":0,"comment_status":"closed","ping_status":"closed","template":"","meta":{"footnotes":""},"class_list":["post-74251","page","type-page","status-publish","hentry"],"_links":{"self":[{"href":"https:\/\/eu.nutramarket.net\/es\/wp-json\/wp\/v2\/pages\/74251","targetHints":{"allow":["GET"]}}],"collection":[{"href":"https:\/\/eu.nutramarket.net\/es\/wp-json\/wp\/v2\/pages"}],"about":[{"href":"https:\/\/eu.nutramarket.net\/es\/wp-json\/wp\/v2\/types\/page"}],"author":[{"embeddable":true,"href":"https:\/\/eu.nutramarket.net\/es\/wp-json\/wp\/v2\/users\/1"}],"replies":[{"embeddable":true,"href":"https:\/\/eu.nutramarket.net\/es\/wp-json\/wp\/v2\/comments?post=74251"}],"version-history":[{"count":7,"href":"https:\/\/eu.nutramarket.net\/es\/wp-json\/wp\/v2\/pages\/74251\/revisions"}],"predecessor-version":[{"id":288761,"href":"https:\/\/eu.nutramarket.net\/es\/wp-json\/wp\/v2\/pages\/74251\/revisions\/288761"}],"wp:attachment":[{"href":"https:\/\/eu.nutramarket.net\/es\/wp-json\/wp\/v2\/media?parent=74251"}],"curies":[{"name":"wp","href":"https:\/\/api.w.org\/{rel}","templated":true}]}}