{"id":74300,"date":"2023-04-19T07:44:36","date_gmt":"2023-04-19T05:44:36","guid":{"rendered":"https:\/\/eu.nutramarket.net\/polityka-prywatnosci-i-cookies\/"},"modified":"2023-10-27T13:24:42","modified_gmt":"2023-10-27T11:24:42","slug":"politica-de-privacidad-y-cookies","status":"publish","type":"page","link":"https:\/\/eu.nutramarket.net\/es\/politica-de-privacidad-y-cookies\/","title":{"rendered":"Pol\u00edtica de privacidad y cookies"},"content":{"rendered":"<ol style=\"list-style-type: upper-roman;\" start=\"1\">\n<li style=\"font-weight: 400;\" aria-level=\"1\"><span style=\"font-weight: 400;\">DEFINICIONES<\/span>\n<ol>\n<li style=\"font-weight: 400;\" aria-level=\"2\"><span style=\"font-weight: 400;\">Administrador \u2013 entidad mencionada en el Reglamento.<\/span><\/li>\n<li style=\"font-weight: 400;\" aria-level=\"2\"><span style=\"font-weight: 400;\">Datos personales \u2013 toda la informaci\u00f3n sobre una persona f\u00edsica identificada o identificable mediante uno o varios factores espec\u00edficos que determinan la identidad f\u00edsica, fisiol\u00f3gica, gen\u00e9tica, ps\u00edquica, econ\u00f3mica, cultural y social, lo que incluye la IP del dispositivo, los datos de ubicaci\u00f3n, el identificador de internet e informaci\u00f3n registrada mediante cookies y tecnolog\u00edas similares.<\/span><\/li>\n<li style=\"font-weight: 400;\" aria-level=\"2\"><span style=\"font-weight: 400;\">Pol\u00edtica \u2013 la presente Pol\u00edtica de Privacidad.<\/span><\/li>\n<li style=\"font-weight: 400;\" aria-level=\"2\"><span style=\"font-weight: 400;\">RGPD \u2013 Reglamento del Parlamento Europeo y del Consejo (UE) 2016\/679 del 27 de abril de 2016 relativo a la protecci\u00f3n de personas f\u00edsicas en lo que respecta al tratamiento de datos personales y a la libre circulaci\u00f3n de estos datos y por el que se deroga la directiva 95\/46\/WE.<\/span><\/li>\n<li style=\"font-weight: 400;\" aria-level=\"2\"><span style=\"font-weight: 400;\">Usuario \u2013 persona f\u00edsica mayor de edad que utiliza la P\u00e1gina y posee plena capacidad jur\u00eddica, o persona menor de edad o sin capacidad jur\u00eddica plena que tenga el consentimiento de un representante legal.<\/span><\/li>\n<\/ol>\n<\/li>\n<\/ol>\n<ol style=\"list-style-type: upper-roman;\" start=\"2\">\n<li style=\"font-weight: 400;\" aria-level=\"1\"><span style=\"font-weight: 400;\">OBJETIVOS DEL PROCESAMIENTO DE DATOS<\/span>\n<ol>\n<li style=\"font-weight: 400;\" aria-level=\"2\"><span style=\"font-weight: 400;\">Los datos, incluidos los datos personales de los Usuarios, se recopilan y tratan para:<\/span>\n<ol>\n<li style=\"font-weight: 400;\" aria-level=\"3\"><span style=\"font-weight: 400;\">usar la P\u00e1gina;<\/span><\/li>\n<li style=\"font-weight: 400;\" aria-level=\"3\"><span style=\"font-weight: 400;\">presentar y tramitar Pedidos;<\/span><\/li>\n<li style=\"font-weight: 400;\" aria-level=\"3\"><span style=\"font-weight: 400;\">realizar actividades de marketing, incluida publicidad contextual y conductual;<\/span><\/li>\n<li style=\"font-weight: 400;\" aria-level=\"3\"><span style=\"font-weight: 400;\">realizar actividades de marketing directo si el Usuario expresa su consentimiento.<\/span><\/li>\n<\/ol>\n<\/li>\n<li style=\"font-weight: 400;\" aria-level=\"2\"><span style=\"font-weight: 400;\">El Administrador procesa los datos personales de todas las personas que utilizan la P\u00e1gina (incluida la direcci\u00f3n IP y la informaci\u00f3n recogida mediante cookies o tecnolog\u00edas similares):<\/span>\n<ol>\n<li style=\"font-weight: 400;\" aria-level=\"3\"><span style=\"font-weight: 400;\">para prestar los servicios por v\u00eda electr\u00f3nica en la p\u00e1gina (art. 6, apartado 1, letra b del RGPD);<\/span><\/li>\n<li style=\"font-weight: 400;\" aria-level=\"3\"><span style=\"font-weight: 400;\">para procesar los pedidos realizados en la P\u00e1gina, lo que incluye la transmisi\u00f3n de informaci\u00f3n al Vendedor (art. 6, apartado 1, letra b del RGPD);<\/span><\/li>\n<li style=\"font-weight: 400;\" aria-level=\"3\"><span style=\"font-weight: 400;\">para que el Vendedor tramite las reclamaciones (art. 6, apartado 1, letra b del RGPD);<\/span><\/li>\n<li style=\"font-weight: 400;\" aria-level=\"3\"><span style=\"font-weight: 400;\">con fines anal\u00edticos y estad\u00edsticos (art. 6, apartado 1, letra f del RGPD);<\/span><\/li>\n<li style=\"font-weight: 400;\" aria-level=\"3\"><span style=\"font-weight: 400;\">con fines de marketing contextual (art. 6, apartado 1, letra f del RGPD);<\/span><\/li>\n<li style=\"font-weight: 400;\" aria-level=\"3\"><span style=\"font-weight: 400;\">con fines t\u00e9cnicos (art. 6, apartado 1, letra f del RGPD).<\/span><\/li>\n<\/ol>\n<\/li>\n<li style=\"font-weight: 400;\" aria-level=\"2\"><span style=\"font-weight: 400;\">La presentaci\u00f3n de un pedido por parte de un Usuario de la P\u00e1gina conlleva el tratamiento de sus datos personales. Indicar los datos marcados como obligatorios se requiere para aceptar y procesar el pedido. Cuando el Usuario realiza el pedido, sus datos personales imprescindibles para tramitarlo se facilitar\u00e1n al Vendedor para ejecutar el Contrato. Los datos personales se tratan:<\/span>\n<ol>\n<li style=\"font-weight: 400;\" aria-level=\"3\"><span style=\"font-weight: 400;\">para procesar el pedido (art. 6, apartado 1, letra b del RGPD);<\/span><\/li>\n<li style=\"font-weight: 400;\" aria-level=\"3\"><span style=\"font-weight: 400;\">para cumplir con las obligaciones legales impuestas al Administrador y el Vendedor (art. 6, apartado 1, letra c del RGPD);<\/span><\/li>\n<li style=\"font-weight: 400;\" aria-level=\"3\"><span style=\"font-weight: 400;\">con fines anal\u00edticos y estad\u00edsticos (art. 6, apartado 1, letra f del RGPD);<\/span><\/li>\n<li style=\"font-weight: 400;\" aria-level=\"3\"><span style=\"font-weight: 400;\">con fines de tramitaci\u00f3n de reclamaciones (art. 6, apartado 1, letra f del RGPD);<\/span><\/li>\n<li style=\"font-weight: 400;\" aria-level=\"3\"><span style=\"font-weight: 400;\">con fines de estudio de la satisfacci\u00f3n (art. 6, apartado 1, letra f del RGPD).<\/span><\/li>\n<\/ol>\n<\/li>\n<li style=\"font-weight: 400;\" aria-level=\"2\"><span style=\"font-weight: 400;\">El Administrador trata los datos personales de los Usuarios para llevar a cabo actividades de marketing, que pueden consistir en:<\/span>\n<ol>\n<li style=\"font-weight: 400;\" aria-level=\"3\"><span style=\"font-weight: 400;\">mostrarle al Usuario contenidos de marketing que no se adaptan a sus preferencias (art. 6, apartado 1, letra f del RGPD);<\/span><\/li>\n<li style=\"font-weight: 400;\" aria-level=\"3\"><span style=\"font-weight: 400;\">enviar mensajes por correo electr\u00f3nico o SMS con ofertas o contenidos que, en algunos casos, contengan informaci\u00f3n comercial en el \u00e1mbito establecido por el consentimiento (art. 6, apartado 1, letra f del RGPD).<\/span><\/li>\n<\/ol>\n<\/li>\n<\/ol>\n<\/li>\n<\/ol>\n<ol style=\"list-style-type: upper-roman;\" start=\"3\">\n<li style=\"font-weight: 400;\" aria-level=\"1\"><span style=\"font-weight: 400;\">COOKIES<\/span>\n<ol>\n<li style=\"font-weight: 400;\" aria-level=\"2\"><span style=\"font-weight: 400;\">Las cookies son peque\u00f1os archivos de texto que se instalan en el dispositivo del Usuario que visita la P\u00e1gina. Las cookies recopilan informaci\u00f3n que facilitan el uso de la p\u00e1gina web. Por ejemplo, recuerdan las visitas del Usuario a la P\u00e1gina y las actividades que ha realizado en ellas.<\/span><\/li>\n<li style=\"font-weight: 400;\" aria-level=\"2\"><span style=\"font-weight: 400;\">El Administrador utiliza las cookies de la p\u00e1gina principalmente para prestarle al Usuario servicios por v\u00eda electr\u00f3nica y mejorar la calidad de dichos servicios. En este sentido, el Administrador y otras entidades que le prestan servicios anal\u00edticos y estad\u00edsticos utilizan cookies, almacenando informaci\u00f3n u obteniendo acceso a informaci\u00f3n previamente almacenada en el dispositivo final del Usuario (ordenador, m\u00f3vil, tableta, etc.). Las cookies utilizadas con este fin incluyen:<\/span>\n<ol>\n<li style=\"font-weight: 400;\" aria-level=\"3\"><span style=\"font-weight: 400;\">cookies con datos introducidos por el Usuario (identificador de sesi\u00f3n) durante la sesi\u00f3n (<\/span><i><span style=\"font-weight: 400;\">user input cookies<\/span><\/i><span style=\"font-weight: 400;\"> en ingl\u00e9s);<\/span><\/li>\n<li style=\"font-weight: 400;\" aria-level=\"3\"><span style=\"font-weight: 400;\">cookies utilizadas para servicios que requieran autenticaci\u00f3n durante la sesi\u00f3n (<\/span><i><span style=\"font-weight: 400;\">authentication cookies<\/span><\/i><span style=\"font-weight: 400;\"> en ingl\u00e9s);<\/span><\/li>\n<li style=\"font-weight: 400;\" aria-level=\"3\"><span style=\"font-weight: 400;\">cookies que sirven para garantizar la seguridad, p. ej. utilizadas para detectar infracciones durante la autenticaci\u00f3n (<\/span><i><span style=\"font-weight: 400;\">user centric security cookies<\/span><\/i><span style=\"font-weight: 400;\"> en ingl\u00e9s);<\/span><\/li>\n<li style=\"font-weight: 400;\" aria-level=\"3\"><span style=\"font-weight: 400;\">cookies de sesi\u00f3n de reproductores multimedia (p. ej. cookies del reproductor flash) durante la sesi\u00f3n (<\/span><i><span style=\"font-weight: 400;\">multimedia player session cookies<\/span><\/i><span style=\"font-weight: 400;\"> en ingl\u00e9s);<\/span><\/li>\n<li style=\"font-weight: 400;\" aria-level=\"3\"><span style=\"font-weight: 400;\">cookies que sirven para monitorizar el movimiento en la p\u00e1gina web.<\/span><\/li>\n<\/ol>\n<\/li>\n<li style=\"font-weight: 400;\" aria-level=\"2\"><span style=\"font-weight: 400;\">El Administrador tambi\u00e9n utiliza cookies con fines de marketing. Para ello, el Administrador almacena informaci\u00f3n o consigue acceso a informaci\u00f3n previamente almacenada en el dispositivo final del Usuario (ordenador, m\u00f3vil, tableta, etc.). El uso de las cookies y los datos personales recopilados mediante ellas con fines de marketing, en particular para la promoci\u00f3n de servicios y bienes de terceros, requiere el consentimiento del Usuario. Este consentimiento se puede expresar mediante la configuraci\u00f3n adecuada del navegador. Adem\u00e1s, se puede retirar en cualquier momento, en particular borrando el historial de cookies y desactiv\u00e1ndolas en los ajustes del navegador.<\/span><\/li>\n<\/ol>\n<\/li>\n<\/ol>\n<ol style=\"list-style-type: upper-roman;\" start=\"4\">\n<li style=\"font-weight: 400;\" aria-level=\"1\"><span style=\"font-weight: 400;\">PERIODO DEL PROCESAMIENTO DE DATOS<\/span>\n<ol>\n<li style=\"font-weight: 400;\" aria-level=\"2\"><span style=\"font-weight: 400;\">Los datos se procesan durante la prestaci\u00f3n de servicios o la tramitaci\u00f3n del pedido, hasta que se retire el consentimiento expreso o se notifique una oposici\u00f3n eficaz al tratamiento de datos en los casos en los que la base jur\u00eddica para el tratamiento de datos sea el inter\u00e9s leg\u00edtimo del Administrador.<\/span><\/li>\n<li style=\"font-weight: 400;\" aria-level=\"2\"><span style=\"font-weight: 400;\">El periodo de tratamiento de datos puede prolongarse si el tratamiento es imprescindible para determinar y resolver las posibles reclamaciones o defenderse de ellas, y despu\u00e9s de ese periodo, solo en el \u00e1mbito requerido por la legislaci\u00f3n. Cuando finalice el periodo de tratamiento, los datos se eliminar\u00e1n de forma irreversible o se anonimizar\u00e1n.<\/span><\/li>\n<\/ol>\n<\/li>\n<\/ol>\n<ol style=\"list-style-type: upper-roman;\" start=\"5\">\n<li style=\"font-weight: 400;\" aria-level=\"1\"><span style=\"font-weight: 400;\">DERECHOS DEL USUARIO<\/span>\n<ol>\n<li style=\"font-weight: 400;\" aria-level=\"2\"><span style=\"font-weight: 400;\">Derecho a informaci\u00f3n sobre el tratamiento de los datos personales: sobre esta base, el Administrador env\u00eda a una persona que exprese esta petici\u00f3n informaci\u00f3n sobre el tratamiento de datos personales, principalmente sobre los objetivos y las bases jur\u00eddicas del tratamiento, el alcance de los datos en su posesi\u00f3n, las entidades a las que se revelan los datos personales y su fecha prevista de eliminaci\u00f3n.<\/span><\/li>\n<li style=\"font-weight: 400;\" aria-level=\"2\"><span style=\"font-weight: 400;\">Derecho a obtener una copia de los datos: sobre esta base, el Administrador env\u00eda una copia de los datos procesados sobre la persona que expresa la petici\u00f3n.<\/span><\/li>\n<li style=\"font-weight: 400;\" aria-level=\"2\"><span style=\"font-weight: 400;\">Derecho a corregir: sobre esta base, el Administrador elimina los posibles errores de los datos personales procesados, los complementa o los actualiza si no est\u00e1n completos o han sufrido cambios.<\/span><\/li>\n<li style=\"font-weight: 400;\" aria-level=\"2\"><span style=\"font-weight: 400;\">Derecho a eliminar datos: sobre esta base, se puede exigir la eliminaci\u00f3n de los datos cuyo tratamiento ya no sea necesario para cumplir ninguno de los objetivos para los que se hab\u00edan recopilado.<\/span><\/li>\n<li style=\"font-weight: 400;\" aria-level=\"2\"><span style=\"font-weight: 400;\">Derecho a limitar el tratamiento: sobre esta base, el Administrador cesa de realizar operaciones con los datos personales, excepto aquellas para las que haya expresado su consentimiento la persona a la que ata\u00f1en los datos, y de almacenarlos de acuerdo con las normas de retenci\u00f3n aceptadas, o hasta que cesen las causas para limitar el tratamiento de los datos (p. ej. un \u00f3rgano de supervisi\u00f3n emite un fallo que permite seguir procesando los datos).<\/span><\/li>\n<li style=\"font-weight: 400;\" aria-level=\"2\"><span style=\"font-weight: 400;\">Derecho a transferir datos: sobre esta base, en el \u00e1mbito en el que se procesan los datos en relaci\u00f3n con el contrato celebrado o el consentimiento expreso, el Administrador emite los datos proporcionados por la persona a quien estos ata\u00f1en en un formato que permita su lectura en un ordenador. Tambi\u00e9n es posible solicitar que se transfieran estos datos a otra entidad. Sin embargo, deben existir las posibilidades t\u00e9cnicas necesarias para ello, tanto por parte del Administrador como de la otra entidad.<\/span><\/li>\n<li style=\"font-weight: 400;\" aria-level=\"2\"><span style=\"font-weight: 400;\">Derecho a oposici\u00f3n al tratamiento de datos con fines de marketing: la persona a la que ata\u00f1en los datos puede oponerse en cualquier momento al tratamiento de datos personales con fines de marketing.<\/span><\/li>\n<li style=\"font-weight: 400;\" aria-level=\"2\"><span style=\"font-weight: 400;\">Derecho a oposici\u00f3n al tratamiento de datos con fines de estudio de la satisfacci\u00f3n: la persona a la que ata\u00f1en los datos puede oponerse en cualquier momento al tratamiento de datos personales con fines de estudio de la satisfacci\u00f3n.<\/span><\/li>\n<li style=\"font-weight: 400;\" aria-level=\"2\"><span style=\"font-weight: 400;\">Derecho a oposici\u00f3n a otros objetivos del tratamiento de datos: la persona a la que ata\u00f1en los datos puede oponerse en cualquier momento al tratamiento de los datos personales con base en el inter\u00e9s leg\u00edtimo del Administrador (p. ej. con fines anal\u00edticos o estad\u00edsticos, o por motivos relacionados con la protecci\u00f3n de bienes). Esta oposici\u00f3n debe incluir una justificaci\u00f3n y estar\u00e1 sujeta a la valoraci\u00f3n del Administrador.<\/span><\/li>\n<li style=\"font-weight: 400;\" aria-level=\"2\"><span style=\"font-weight: 400;\">Derecho a retirar el consentimiento: si los datos se tratan con base en el consentimiento de la persona a la que ata\u00f1en, tiene derecho a retirarlo en cualquier momento, sin que esto influya en la legitimidad del tratamiento realizado antes de retirar el consentimiento.<\/span><\/li>\n<li style=\"font-weight: 400;\" aria-level=\"2\"><span style=\"font-weight: 400;\">Derecho a reclamaciones: en caso de considerar que el tratamiento de datos personales infringe las normativas del RGPD u otras normativas sobre la protecci\u00f3n de datos personales, la persona a la que ata\u00f1en los datos puede presentar una reclamaci\u00f3n al organismo nacional correspondiente.<\/span><\/li>\n<li style=\"font-weight: 400;\" aria-level=\"2\"><span style=\"font-weight: 400;\">La solicitud sobre el ejercicio de los derechos se debe enviar a la direcci\u00f3n del Administrador indicada en el Reglamento.<\/span><\/li>\n<\/ol>\n<\/li>\n<\/ol>\n<ol style=\"list-style-type: upper-roman;\" start=\"6\">\n<li style=\"font-weight: 400;\" aria-level=\"1\"><span style=\"font-weight: 400;\">ENV\u00cdO Y SEGURIDAD DE LOS DATOS<\/span>\n<ol>\n<li style=\"font-weight: 400;\" aria-level=\"2\"><span style=\"font-weight: 400;\">Para cumplir los objetivos expuestos con anterioridad, los datos personales se pueden revelar a entidades terceras, en particular a proveedores como bancos y operadores de pagos, entidades que prestan servicios contables, legales, de transporte, de marketing, as\u00ed como entidades relacionadas con el Administrador. En caso de realizar un pedido, los datos del Usuario se revelar\u00e1n al Vendedor para la celebraci\u00f3n y ejecuci\u00f3n del contrato de venta.<\/span><\/li>\n<li style=\"font-weight: 400;\" aria-level=\"2\"><span style=\"font-weight: 400;\">Los datos personales de los Usuarios no se env\u00edan fuera del EEE.<\/span><\/li>\n<li style=\"font-weight: 400;\" aria-level=\"2\"><span style=\"font-weight: 400;\">El Administrador realiza un an\u00e1lisis de riesgos actualizado para garantizar que los datos personales se procesen de forma segura. Principalmente, garantiza que solo las personas autorizadas tengan acceso a los datos, y solo en el \u00e1mbito necesario de acuerdo con las tareas realizadas. El Administrador se preocupa de que todas las operaciones con los datos personales se registren y corran a cargo \u00fanicamente de empleados y colaboradores autorizados.<\/span><\/li>\n<li style=\"font-weight: 400;\" aria-level=\"2\"><span style=\"font-weight: 400;\">El Administrador tomar\u00e1 todas las medidas necesarias para que sus subcontratistas y otras entidades colaboradoras garanticen el uso de las medidas de seguridad oportunas siempre que traten datos personales por encargo del Administrador.<\/span><\/li>\n<\/ol>\n<\/li>\n<\/ol>\n<ol style=\"list-style-type: upper-roman;\" start=\"7\">\n<li style=\"font-weight: 400;\" aria-level=\"1\"><span style=\"font-weight: 400;\">DISPOSICIONES FINALES<\/span>\n<ol>\n<li style=\"font-weight: 400;\" aria-level=\"2\"><span style=\"font-weight: 400;\">El Administrador se reserva la posibilidad de modificar esta Pol\u00edtica.<\/span><\/li>\n<li style=\"font-weight: 400;\" aria-level=\"2\"><span style=\"font-weight: 400;\">A excepci\u00f3n de la legislaci\u00f3n internacional, la ley aplicable en esta Pol\u00edtica es la ley de la sede del Administrador.<\/span><\/li>\n<\/ol>\n<\/li>\n<\/ol>\n","protected":false},"excerpt":{"rendered":"<p>DEFINICIONES Administrador \u2013 entidad mencionada en el Reglamento. Datos personales \u2013 toda la informaci\u00f3n sobre una persona f\u00edsica identificada o identificable mediante uno o varios factores espec\u00edficos que determinan la identidad f\u00edsica, fisiol\u00f3gica, gen\u00e9tica, ps\u00edquica, econ\u00f3mica, cultural y social, lo que incluye la IP del dispositivo, los datos de ubicaci\u00f3n, el identificador de internet e [&hellip;]<\/p>\n","protected":false},"author":1,"featured_media":0,"parent":0,"menu_order":0,"comment_status":"closed","ping_status":"closed","template":"","meta":{"footnotes":""},"class_list":["post-74300","page","type-page","status-publish","hentry"],"_links":{"self":[{"href":"https:\/\/eu.nutramarket.net\/es\/wp-json\/wp\/v2\/pages\/74300","targetHints":{"allow":["GET"]}}],"collection":[{"href":"https:\/\/eu.nutramarket.net\/es\/wp-json\/wp\/v2\/pages"}],"about":[{"href":"https:\/\/eu.nutramarket.net\/es\/wp-json\/wp\/v2\/types\/page"}],"author":[{"embeddable":true,"href":"https:\/\/eu.nutramarket.net\/es\/wp-json\/wp\/v2\/users\/1"}],"replies":[{"embeddable":true,"href":"https:\/\/eu.nutramarket.net\/es\/wp-json\/wp\/v2\/comments?post=74300"}],"version-history":[{"count":3,"href":"https:\/\/eu.nutramarket.net\/es\/wp-json\/wp\/v2\/pages\/74300\/revisions"}],"predecessor-version":[{"id":109909,"href":"https:\/\/eu.nutramarket.net\/es\/wp-json\/wp\/v2\/pages\/74300\/revisions\/109909"}],"wp:attachment":[{"href":"https:\/\/eu.nutramarket.net\/es\/wp-json\/wp\/v2\/media?parent=74300"}],"curies":[{"name":"wp","href":"https:\/\/api.w.org\/{rel}","templated":true}]}}