{"id":109705,"date":"2023-06-28T07:36:39","date_gmt":"2023-06-28T05:36:39","guid":{"rendered":"https:\/\/eu.nutramarket.net\/product\/beauty-eyes\/"},"modified":"2023-10-27T13:43:20","modified_gmt":"2023-10-27T11:43:20","slug":"beauty-eyes","status":"publish","type":"product","link":"https:\/\/eu.nutramarket.net\/es\/producto\/beauty-eyes\/","title":{"rendered":"Beauty Eyes"},"content":{"rendered":"<p><span style=\"font-weight: 400;\">Producto desarrollado para las personas que:<\/span><\/p>\n<ul>\n<li style=\"font-weight: 400;\" aria-level=\"1\"><span style=\"font-weight: 400;\">quieren reforzar y aportar volumen a sus cejas y pesta\u00f1as<\/span><\/li>\n<li style=\"font-weight: 400;\" aria-level=\"1\"><span style=\"font-weight: 400;\">quieren acelerar el crecimiento de cejas y pesta\u00f1as<\/span><\/li>\n<li style=\"font-weight: 400;\" aria-level=\"1\"><span style=\"font-weight: 400;\">quieren notar efectos despu\u00e9s de 15 d\u00edas de uso peri\u00f3dico<\/span><\/li>\n<li style=\"font-weight: 400;\" aria-level=\"1\"><span style=\"font-weight: 400;\">tienen ojos sensibles y llevan lentillas<\/span><\/li>\n<\/ul>\n","protected":false},"excerpt":{"rendered":"<p><span style=\"font-weight: 400;\">Suero estimulante del crecimiento de cejas y pesta\u00f1as<\/span><span style=\"font-weight: 400;\"><br \/>\n<\/span><span style=\"font-weight: 400;\">7 ml<\/span><\/p>\n<p><span style=\"font-weight: 400;\">GetShape Beauty Eyes es un cosm\u00e9tico destinado para las personas que deseen cuidar de sus cejas y pesta\u00f1as. La f\u00f3rmula cuidadosamente desarrollada del producto previene la ca\u00edda de cejas y pesta\u00f1as, adem\u00e1s de acelerar su crecimiento. Asimismo, el producto otorga volumen, espesor y brillo a las cejas y las pesta\u00f1as. Las personas que llevan lentillas o tienen ojos sensibles pueden usarlo sin problemas.<\/span><\/p>\n","protected":false},"featured_media":19093,"template":"","meta":[],"product_cat":[84],"product_tag":[],"class_list":{"0":"post-109705","1":"product","2":"type-product","3":"status-publish","4":"has-post-thumbnail","6":"product_cat-beauty-es","8":"first","9":"instock","10":"shipping-taxable","11":"purchasable","12":"product-type-simple"},"_links":{"self":[{"href":"https:\/\/eu.nutramarket.net\/es\/wp-json\/wp\/v2\/product\/109705","targetHints":{"allow":["GET"]}}],"collection":[{"href":"https:\/\/eu.nutramarket.net\/es\/wp-json\/wp\/v2\/product"}],"about":[{"href":"https:\/\/eu.nutramarket.net\/es\/wp-json\/wp\/v2\/types\/product"}],"wp:featuredmedia":[{"embeddable":true,"href":"https:\/\/eu.nutramarket.net\/es\/wp-json\/wp\/v2\/media\/19093"}],"wp:attachment":[{"href":"https:\/\/eu.nutramarket.net\/es\/wp-json\/wp\/v2\/media?parent=109705"}],"wp:term":[{"taxonomy":"product_cat","embeddable":true,"href":"https:\/\/eu.nutramarket.net\/es\/wp-json\/wp\/v2\/product_cat?post=109705"},{"taxonomy":"product_tag","embeddable":true,"href":"https:\/\/eu.nutramarket.net\/es\/wp-json\/wp\/v2\/product_tag?post=109705"}],"curies":[{"name":"wp","href":"https:\/\/api.w.org\/{rel}","templated":true}]}}