{"id":109738,"date":"2023-06-28T07:23:55","date_gmt":"2023-06-28T05:23:55","guid":{"rendered":"https:\/\/eu.nutramarket.net\/product\/menmax\/"},"modified":"2023-10-27T13:48:40","modified_gmt":"2023-10-27T11:48:40","slug":"menmax","status":"publish","type":"product","link":"https:\/\/eu.nutramarket.net\/es\/producto\/menmax\/","title":{"rendered":"Menmax"},"content":{"rendered":"<p><span style=\"font-weight: 400;\">Producto desarrollado para los hombres que:\u00a0<\/span><\/p>\n<ul>\n<li style=\"font-weight: 400;\" aria-level=\"1\"><span style=\"font-weight: 400;\">quieren apoyar su capacidad sexual y libido<\/span><\/li>\n<li style=\"font-weight: 400;\" aria-level=\"1\"><span style=\"font-weight: 400;\">quieren complementar el nivel de L-arginina<\/span><\/li>\n<li style=\"font-weight: 400;\" aria-level=\"1\"><span style=\"font-weight: 400;\">quieren apoyar la inmunidad<\/span><\/li>\n<\/ul>\n","protected":false},"excerpt":{"rendered":"<p><span style=\"font-weight: 400;\">C\u00e1psulas para los hombres a los que les importa el placer sexual<\/span><span style=\"font-weight: 400;\"><br \/>\n<\/span><span style=\"font-weight: 400;\">60 c\u00e1psulas<\/span><\/p>\n<p><span style=\"font-weight: 400;\">MenMax es un complemento alimenticio que se ha desarrollado pensando en los hombres que quieren disfrutar al m\u00e1ximo de la vida. Las c\u00e1psulas apoyan la potencia y estimulan. Tambi\u00e9n ayudan a reforzar los mecanismos naturales de defensa del cuerpo. El ingrediente principal del producto es la L-arginina. Por su parte, el extracto de abrojo apoya la libido y la capacidad sexual.<\/span><\/p>\n","protected":false},"featured_media":19086,"template":"","meta":[],"product_cat":[92],"product_tag":[],"class_list":{"0":"post-109738","1":"product","2":"type-product","3":"status-publish","4":"has-post-thumbnail","6":"product_cat-well-being-es","8":"first","9":"instock","10":"shipping-taxable","11":"purchasable","12":"product-type-simple"},"_links":{"self":[{"href":"https:\/\/eu.nutramarket.net\/es\/wp-json\/wp\/v2\/product\/109738","targetHints":{"allow":["GET"]}}],"collection":[{"href":"https:\/\/eu.nutramarket.net\/es\/wp-json\/wp\/v2\/product"}],"about":[{"href":"https:\/\/eu.nutramarket.net\/es\/wp-json\/wp\/v2\/types\/product"}],"wp:featuredmedia":[{"embeddable":true,"href":"https:\/\/eu.nutramarket.net\/es\/wp-json\/wp\/v2\/media\/19086"}],"wp:attachment":[{"href":"https:\/\/eu.nutramarket.net\/es\/wp-json\/wp\/v2\/media?parent=109738"}],"wp:term":[{"taxonomy":"product_cat","embeddable":true,"href":"https:\/\/eu.nutramarket.net\/es\/wp-json\/wp\/v2\/product_cat?post=109738"},{"taxonomy":"product_tag","embeddable":true,"href":"https:\/\/eu.nutramarket.net\/es\/wp-json\/wp\/v2\/product_tag?post=109738"}],"curies":[{"name":"wp","href":"https:\/\/api.w.org\/{rel}","templated":true}]}}