{"id":109747,"date":"2023-05-11T10:33:18","date_gmt":"2023-05-11T08:33:18","guid":{"rendered":"https:\/\/eu.nutramarket.net\/product\/fenecard\/"},"modified":"2023-10-27T13:47:46","modified_gmt":"2023-10-27T11:47:46","slug":"fenecard","status":"publish","type":"product","link":"https:\/\/eu.nutramarket.net\/es\/producto\/fenecard\/","title":{"rendered":"Fenecard"},"content":{"rendered":"<p><span style=\"font-weight: 400;\">El producto se ha desarrollado para las personas que:\u00a0<\/span><\/p>\n<ul>\n<li style=\"font-weight: 400;\" aria-level=\"1\"><span style=\"font-weight: 400;\">quieren que su coraz\u00f3n funcione adecuadamente (espino)<\/span><\/li>\n<li style=\"font-weight: 400;\" aria-level=\"1\"><span style=\"font-weight: 400;\">quieren apoyar el mantenimiento del equilibrio electrol\u00edtico (magnesio)<\/span><\/li>\n<li style=\"font-weight: 400;\" aria-level=\"1\"><span style=\"font-weight: 400;\">quieren apoyar la producci\u00f3n de gl\u00f3bulos rojos (vitamina B6)<\/span><\/li>\n<li style=\"font-weight: 400;\" aria-level=\"1\"><span style=\"font-weight: 400;\">quieren apoyar el mantenimiento de la presi\u00f3n sangu\u00ednea adecuada (potasio)<\/span><\/li>\n<li style=\"font-weight: 400;\" aria-level=\"1\"><span style=\"font-weight: 400;\">quieren que sus m\u00fasculos funcionen adecuadamente (magnesio y potasio)<\/span><\/li>\n<\/ul>\n","protected":false},"excerpt":{"rendered":"<p><span style=\"font-weight: 400;\">Pastillas de apoyo a la funci\u00f3n card\u00edaca y del sistema circulatorio<\/span><span style=\"font-weight: 400;\"><br \/>\n<\/span><span style=\"font-weight: 400;\">60 pastillas<\/span><\/p>\n<p><span style=\"font-weight: 400;\">Fenecard es un complemento alimenticio para las personas que quieran cuidar de las fuerzas vitales de su organismo. Est\u00e1 indicado para cualquier persona expuesta al estr\u00e9s, con actividad f\u00edsica reducida o en edad avanzada. Los ingredientes de Fenecard pueden apoyar la funci\u00f3n card\u00edaca y regular la presi\u00f3n sangu\u00ednea. Adem\u00e1s, apoyan el funcionamiento adecuado de los m\u00fasculos y ayudan a mantener el equilibrio electrol\u00edtico.<\/span><\/p>\n","protected":false},"featured_media":14036,"template":"","meta":[],"product_cat":[92],"product_tag":[],"class_list":{"0":"post-109747","1":"product","2":"type-product","3":"status-publish","4":"has-post-thumbnail","6":"product_cat-well-being-es","8":"first","9":"instock","10":"shipping-taxable","11":"purchasable","12":"product-type-simple"},"_links":{"self":[{"href":"https:\/\/eu.nutramarket.net\/es\/wp-json\/wp\/v2\/product\/109747","targetHints":{"allow":["GET"]}}],"collection":[{"href":"https:\/\/eu.nutramarket.net\/es\/wp-json\/wp\/v2\/product"}],"about":[{"href":"https:\/\/eu.nutramarket.net\/es\/wp-json\/wp\/v2\/types\/product"}],"wp:featuredmedia":[{"embeddable":true,"href":"https:\/\/eu.nutramarket.net\/es\/wp-json\/wp\/v2\/media\/14036"}],"wp:attachment":[{"href":"https:\/\/eu.nutramarket.net\/es\/wp-json\/wp\/v2\/media?parent=109747"}],"wp:term":[{"taxonomy":"product_cat","embeddable":true,"href":"https:\/\/eu.nutramarket.net\/es\/wp-json\/wp\/v2\/product_cat?post=109747"},{"taxonomy":"product_tag","embeddable":true,"href":"https:\/\/eu.nutramarket.net\/es\/wp-json\/wp\/v2\/product_tag?post=109747"}],"curies":[{"name":"wp","href":"https:\/\/api.w.org\/{rel}","templated":true}]}}