{"id":109771,"date":"2023-05-09T13:48:28","date_gmt":"2023-05-09T11:48:28","guid":{"rendered":"https:\/\/eu.nutramarket.net\/product\/yeslashes\/"},"modified":"2023-10-27T13:54:34","modified_gmt":"2023-10-27T11:54:34","slug":"yeslashes","status":"publish","type":"product","link":"https:\/\/eu.nutramarket.net\/es\/producto\/yeslashes\/","title":{"rendered":"YESlashes"},"content":{"rendered":"<p><span style=\"font-weight: 400;\">Producto desarrollado para las personas que:<\/span><\/p>\n<ul>\n<li style=\"font-weight: 400;\" aria-level=\"1\"><span style=\"font-weight: 400;\">quieren acelerar el crecimiento de cejas y pesta\u00f1as<\/span><\/li>\n<li style=\"font-weight: 400;\" aria-level=\"1\"><span style=\"font-weight: 400;\">quieren espesar pesta\u00f1as y las cejas<\/span><\/li>\n<li style=\"font-weight: 400;\" aria-level=\"1\"><span style=\"font-weight: 400;\">prefieren los cosm\u00e9ticos f\u00e1ciles y c\u00f3modos de usar<\/span><\/li>\n<li style=\"font-weight: 400;\" aria-level=\"1\"><span style=\"font-weight: 400;\">tienen ojos sensibles y llevan lentillas.<\/span><\/li>\n<\/ul>\n","protected":false},"excerpt":{"rendered":"<p><span style=\"font-weight: 400;\">Gel para el crecimiento de cejas y pesta\u00f1as<\/span><span style=\"font-weight: 400;\"><br \/>\n<\/span><span style=\"font-weight: 400;\">10 ml<\/span><\/p>\n<p><span style=\"font-weight: 400;\">YESlashes es un acondicionador en forma de gel para cualquier persona que quiera apoyar el crecimiento de sus cejas y pesta\u00f1as. Los ingredientes activos se han seleccionado especialmente para estimular el crecimiento r\u00e1pido de los pelos. Adem\u00e1s, el acondicionador puede ayudar a espesar y oscurecer tanto las cejas como las pesta\u00f1as. Gracias a ello, tu mirada ser\u00e1 m\u00e1s expresiva y tu rostro ganar\u00e1 car\u00e1cter. El envase se parece al de un r\u00edmel cl\u00e1sico, lo que facilita el uso del gel.<\/span><\/p>\n","protected":false},"featured_media":14048,"template":"","meta":[],"product_cat":[84],"product_tag":[],"class_list":{"0":"post-109771","1":"product","2":"type-product","3":"status-publish","4":"has-post-thumbnail","6":"product_cat-beauty-es","8":"first","9":"instock","10":"shipping-taxable","11":"purchasable","12":"product-type-simple"},"_links":{"self":[{"href":"https:\/\/eu.nutramarket.net\/es\/wp-json\/wp\/v2\/product\/109771","targetHints":{"allow":["GET"]}}],"collection":[{"href":"https:\/\/eu.nutramarket.net\/es\/wp-json\/wp\/v2\/product"}],"about":[{"href":"https:\/\/eu.nutramarket.net\/es\/wp-json\/wp\/v2\/types\/product"}],"wp:featuredmedia":[{"embeddable":true,"href":"https:\/\/eu.nutramarket.net\/es\/wp-json\/wp\/v2\/media\/14048"}],"wp:attachment":[{"href":"https:\/\/eu.nutramarket.net\/es\/wp-json\/wp\/v2\/media?parent=109771"}],"wp:term":[{"taxonomy":"product_cat","embeddable":true,"href":"https:\/\/eu.nutramarket.net\/es\/wp-json\/wp\/v2\/product_cat?post=109771"},{"taxonomy":"product_tag","embeddable":true,"href":"https:\/\/eu.nutramarket.net\/es\/wp-json\/wp\/v2\/product_tag?post=109771"}],"curies":[{"name":"wp","href":"https:\/\/api.w.org\/{rel}","templated":true}]}}