{"id":109789,"date":"2023-05-09T13:30:08","date_gmt":"2023-05-09T11:30:08","guid":{"rendered":"https:\/\/eu.nutramarket.net\/product\/trichomist-forte\/"},"modified":"2023-10-27T13:51:41","modified_gmt":"2023-10-27T11:51:41","slug":"trichomist-forte","status":"publish","type":"product","link":"https:\/\/eu.nutramarket.net\/es\/producto\/trichomist-forte\/","title":{"rendered":"Trichomist Forte"},"content":{"rendered":"<p><span style=\"font-weight: 400;\">Producto desarrollado para las personas que tienen los siguientes problemas:<\/span><\/p>\n<ul>\n<li style=\"font-weight: 400;\" aria-level=\"1\"><span style=\"font-weight: 400;\">Ca\u00edda del cabello<\/span><\/li>\n<li style=\"font-weight: 400;\" aria-level=\"1\"><span style=\"font-weight: 400;\">Pelo falto de volumen<\/span><\/li>\n<li style=\"font-weight: 400;\" aria-level=\"1\"><span style=\"font-weight: 400;\">Cuero cabelludo excesivamente graso<\/span><\/li>\n<li style=\"font-weight: 400;\" aria-level=\"1\"><span style=\"font-weight: 400;\">Aspecto enfermo del cabello<\/span><\/li>\n<li style=\"font-weight: 400;\" aria-level=\"1\"><span style=\"font-weight: 400;\">Propensi\u00f3n del pelo a sufrir da\u00f1os mec\u00e1nicos<\/span><\/li>\n<\/ul>\n","protected":false},"excerpt":{"rendered":"<p><span style=\"font-weight: 400;\">Pulverizador estimulante del crecimiento capilar<\/span><span style=\"font-weight: 400;\"><br \/>\n<\/span><span style=\"font-weight: 400;\">50 ml<\/span><\/p>\n<p><span style=\"font-weight: 400;\">Trichomist Forte es un cosm\u00e9tico en forma de pulverizador indicado para las personas que sufren una ca\u00edda excesiva del cabello. Gracias a su riqueza de ingredientes activos, el producto ejerce una influencia beneficiosa sobre el pelo, acelerando su crecimiento y contrarrestando su ca\u00edda. Adem\u00e1s, aumenta el volumen del pelo, lo refuerza, le otorga un aspecto sano y restablece su brillo.<\/span><\/p>\n","protected":false},"featured_media":13951,"template":"","meta":[],"product_cat":[84],"product_tag":[],"class_list":{"0":"post-109789","1":"product","2":"type-product","3":"status-publish","4":"has-post-thumbnail","6":"product_cat-beauty-es","8":"first","9":"instock","10":"shipping-taxable","11":"purchasable","12":"product-type-simple"},"_links":{"self":[{"href":"https:\/\/eu.nutramarket.net\/es\/wp-json\/wp\/v2\/product\/109789","targetHints":{"allow":["GET"]}}],"collection":[{"href":"https:\/\/eu.nutramarket.net\/es\/wp-json\/wp\/v2\/product"}],"about":[{"href":"https:\/\/eu.nutramarket.net\/es\/wp-json\/wp\/v2\/types\/product"}],"wp:featuredmedia":[{"embeddable":true,"href":"https:\/\/eu.nutramarket.net\/es\/wp-json\/wp\/v2\/media\/13951"}],"wp:attachment":[{"href":"https:\/\/eu.nutramarket.net\/es\/wp-json\/wp\/v2\/media?parent=109789"}],"wp:term":[{"taxonomy":"product_cat","embeddable":true,"href":"https:\/\/eu.nutramarket.net\/es\/wp-json\/wp\/v2\/product_cat?post=109789"},{"taxonomy":"product_tag","embeddable":true,"href":"https:\/\/eu.nutramarket.net\/es\/wp-json\/wp\/v2\/product_tag?post=109789"}],"curies":[{"name":"wp","href":"https:\/\/api.w.org\/{rel}","templated":true}]}}