{"id":109797,"date":"2023-04-19T07:58:37","date_gmt":"2023-04-19T05:58:37","guid":{"rendered":"https:\/\/eu.nutramarket.net\/product\/dr-merritz\/"},"modified":"2024-04-24T15:04:24","modified_gmt":"2024-04-24T13:04:24","slug":"dr-merritz","status":"publish","type":"product","link":"https:\/\/eu.nutramarket.net\/es\/producto\/dr-merritz\/","title":{"rendered":"Dr. Merritz"},"content":{"rendered":"<p><span style=\"font-weight: 400;\">Producto desarrollado para las personas que:\u00a0<\/span><\/p>\n<ul>\n<li style=\"font-weight: 400;\" aria-level=\"1\"><span style=\"font-weight: 400;\">Quieren regenerar y reforzar las u\u00f1as<\/span><\/li>\n<li style=\"font-weight: 400;\" aria-level=\"1\"><span style=\"font-weight: 400;\">Quieren mejorar la condici\u00f3n de sus u\u00f1as<\/span><\/li>\n<li style=\"font-weight: 400;\" aria-level=\"1\"><span style=\"font-weight: 400;\">Quieren aumentar la resistencia de sus u\u00f1as a los da\u00f1os mec\u00e1nicos<\/span><\/li>\n<li style=\"font-weight: 400;\" aria-level=\"1\"><span style=\"font-weight: 400;\">Quieren conseguir un efecto de u\u00f1as brillantes y lisas<\/span><\/li>\n<li style=\"font-weight: 400;\" aria-level=\"1\"><span style=\"font-weight: 400;\">Quieren apoyar el crecimiento de las u\u00f1as<\/span><\/li>\n<li style=\"font-weight: 400;\" aria-level=\"1\"><span style=\"font-weight: 400;\">Buscan un producto que, adem\u00e1s de efectos de cuidado, ofrezca una actividad antibacteriana y antif\u00fangica<\/span><\/li>\n<\/ul>\n","protected":false},"excerpt":{"rendered":"<p><span style=\"font-weight: 400;\">Acondicionador regenerador para u\u00f1as deterioradas con propiedades antimicrobianas<\/span><span style=\"font-weight: 400;\"><br \/>\n<\/span><span style=\"font-weight: 400;\">5 ml<\/span><\/p>\n<p><span style=\"font-weight: 400;\">Dr. Merritz es un acondicionador en forma de esmalte de u\u00f1as c\u00f3modo de usar. Se ha desarrollado pensando en las personas que sufren problemas alrededor de las u\u00f1as de pies y manos. El esmalte posee propiedades antibacterianas y antif\u00fangicas. Tambi\u00e9n se puede utilizar para regenerar, reforzar y mejorar la condici\u00f3n de las u\u00f1as. Como resultado de su uso, puedes conseguir unas u\u00f1as brillantes y lisas.<\/span><\/p>\n","protected":false},"featured_media":190332,"template":"","meta":[],"product_cat":[84],"product_tag":[],"class_list":{"0":"post-109797","1":"product","2":"type-product","3":"status-publish","4":"has-post-thumbnail","6":"product_cat-beauty-es","8":"first","9":"instock","10":"shipping-taxable","11":"purchasable","12":"product-type-simple"},"_links":{"self":[{"href":"https:\/\/eu.nutramarket.net\/es\/wp-json\/wp\/v2\/product\/109797","targetHints":{"allow":["GET"]}}],"collection":[{"href":"https:\/\/eu.nutramarket.net\/es\/wp-json\/wp\/v2\/product"}],"about":[{"href":"https:\/\/eu.nutramarket.net\/es\/wp-json\/wp\/v2\/types\/product"}],"wp:featuredmedia":[{"embeddable":true,"href":"https:\/\/eu.nutramarket.net\/es\/wp-json\/wp\/v2\/media\/190332"}],"wp:attachment":[{"href":"https:\/\/eu.nutramarket.net\/es\/wp-json\/wp\/v2\/media?parent=109797"}],"wp:term":[{"taxonomy":"product_cat","embeddable":true,"href":"https:\/\/eu.nutramarket.net\/es\/wp-json\/wp\/v2\/product_cat?post=109797"},{"taxonomy":"product_tag","embeddable":true,"href":"https:\/\/eu.nutramarket.net\/es\/wp-json\/wp\/v2\/product_tag?post=109797"}],"curies":[{"name":"wp","href":"https:\/\/api.w.org\/{rel}","templated":true}]}}