{"id":120035,"date":"2023-12-13T14:58:32","date_gmt":"2023-12-13T13:58:32","guid":{"rendered":"https:\/\/eu.nutramarket.net\/?post_type=product&#038;p=120035"},"modified":"2024-02-14T15:44:58","modified_gmt":"2024-02-14T14:44:58","slug":"vitasimil","status":"publish","type":"product","link":"https:\/\/eu.nutramarket.net\/es\/producto\/vitasimil\/","title":{"rendered":"VITASIMIL"},"content":{"rendered":"<p><b>Producto desarrollado para las personas que:<\/b><\/p>\n<ul>\n<li style=\"font-weight: 400;\" aria-level=\"1\"><span style=\"font-weight: 400;\">necesitan ayuda para bajar de peso<\/span><\/li>\n<li style=\"font-weight: 400;\" aria-level=\"1\"><span style=\"font-weight: 400;\">prefieren formas de administraci\u00f3n novedosas<\/span><\/li>\n<li style=\"font-weight: 400;\" aria-level=\"1\"><span style=\"font-weight: 400;\">buscan efectos multidireccionales\u00a0<\/span><\/li>\n<li style=\"font-weight: 400;\" aria-level=\"1\"><span style=\"font-weight: 400;\">quieren apoyar el metabolismo de los l\u00edpidos y los hidratos de carbono<\/span><\/li>\n<li style=\"font-weight: 400;\" aria-level=\"1\"><span style=\"font-weight: 400;\">quieren mantener la glucemia adecuada<\/span><\/li>\n<li style=\"font-weight: 400;\" aria-level=\"1\"><span style=\"font-weight: 400;\">quieren mantener el buen estado f\u00edsico<\/span><\/li>\n<li style=\"font-weight: 400;\" aria-level=\"1\">quieren apoyar la digesti\u00f3n.<\/li>\n<\/ul>\n<p>&nbsp;<\/p>\n","protected":false},"excerpt":{"rendered":"<p><span style=\"font-weight: 400;\">Pastillas efervescentes de apoyo al proceso de adelgazamiento<\/span><\/p>\n<p><span style=\"font-weight: 400;\">\u00a0<\/span><\/p>\n<p><span style=\"font-weight: 400;\">14 sobres<\/span><\/p>\n<p><span style=\"font-weight: 400;\">\u00a0<\/span><\/p>\n<p><span style=\"font-weight: 400;\">Vitasimil es un complemento alimenticio que se ha desarrollado pensando en las personas que buscan apoyo para adelgazar. Es un producto innovador en polvo que puedes a\u00f1adir a tu batido, yogur o zumo favorito. Sus ingredientes activos tienen como objetivo apoyar el metabolismo de l\u00edpidos (grasas) e hidratos de carbono. Mientras tanto, la fibra que contiene regula la digesti\u00f3n<\/span><\/p>\n","protected":false},"featured_media":120064,"template":"","meta":[],"product_cat":[92],"product_tag":[],"class_list":{"0":"post-120035","1":"product","2":"type-product","3":"status-publish","4":"has-post-thumbnail","6":"product_cat-well-being-es","8":"first","9":"instock","10":"shipping-taxable","11":"purchasable","12":"product-type-simple"},"_links":{"self":[{"href":"https:\/\/eu.nutramarket.net\/es\/wp-json\/wp\/v2\/product\/120035","targetHints":{"allow":["GET"]}}],"collection":[{"href":"https:\/\/eu.nutramarket.net\/es\/wp-json\/wp\/v2\/product"}],"about":[{"href":"https:\/\/eu.nutramarket.net\/es\/wp-json\/wp\/v2\/types\/product"}],"wp:featuredmedia":[{"embeddable":true,"href":"https:\/\/eu.nutramarket.net\/es\/wp-json\/wp\/v2\/media\/120064"}],"wp:attachment":[{"href":"https:\/\/eu.nutramarket.net\/es\/wp-json\/wp\/v2\/media?parent=120035"}],"wp:term":[{"taxonomy":"product_cat","embeddable":true,"href":"https:\/\/eu.nutramarket.net\/es\/wp-json\/wp\/v2\/product_cat?post=120035"},{"taxonomy":"product_tag","embeddable":true,"href":"https:\/\/eu.nutramarket.net\/es\/wp-json\/wp\/v2\/product_tag?post=120035"}],"curies":[{"name":"wp","href":"https:\/\/api.w.org\/{rel}","templated":true}]}}