{"id":190188,"date":"2023-04-19T15:58:02","date_gmt":"2023-04-19T13:58:02","guid":{"rendered":"https:\/\/eu.nutramarket.net\/product\/vidia-oil\/"},"modified":"2024-02-15T18:04:09","modified_gmt":"2024-02-15T17:04:09","slug":"vidia-oil","status":"publish","type":"product","link":"https:\/\/eu.nutramarket.net\/es\/producto\/vidia-oil\/","title":{"rendered":"Vidia Oil"},"content":{"rendered":"<p><b>Producto desarrollado para las personas que:\u00a0<\/b><\/p>\n<ul>\n<li style=\"font-weight: 400;\" aria-level=\"1\"><span style=\"font-weight: 400;\">quieren cuidar de su o\u00eddo<\/span><\/li>\n<li style=\"font-weight: 400;\" aria-level=\"1\"><span style=\"font-weight: 400;\">quieren cuidar de su sistema cardiovascular\u00a0<\/span><\/li>\n<li style=\"font-weight: 400;\" aria-level=\"1\"><span style=\"font-weight: 400;\">quieren controlar mejor el nivel de colesterol<\/span><\/li>\n<li style=\"font-weight: 400;\" aria-level=\"1\"><span style=\"font-weight: 400;\">quieren apoyar el sistema inmunitario<\/span><\/li>\n<li style=\"font-weight: 400;\" aria-level=\"1\"><span style=\"font-weight: 400;\">quieren disfrutar de buen humor\u00a0\u00a0<\/span><\/li>\n<\/ul>\n<p>&nbsp;<\/p>\n<p>&nbsp;<\/p>\n","protected":false},"excerpt":{"rendered":"<p>Complemento alimenticio en forma de gotas con efectos beneficiosos para la salud.<br \/>\n10 g<\/p>\n<p><span style=\"font-weight: 400;\">Vidia Oil es un aceite destinado principalmente para las personas que quieren cuidar de su o\u00eddo. <\/span><span style=\"font-weight: 400;\">Gracias a su contenido en aceite de semillas de cannabis sativa, influye beneficiosamente en el sistema cardiovascular, adem\u00e1s de calmar y relajar. Esto hace que el o\u00eddo funcione mejor, porque el cuerpo entero deja de estar expuesto al estr\u00e9s. El aceite tambi\u00e9n apoya la funci\u00f3n adecuada del sistema inmunitario.\u00a0<\/span><\/p>\n","protected":false},"featured_media":190180,"template":"","meta":[],"product_cat":[92],"product_tag":[],"class_list":{"0":"post-190188","1":"product","2":"type-product","3":"status-publish","4":"has-post-thumbnail","6":"product_cat-well-being-es","8":"first","9":"instock","10":"shipping-taxable","11":"purchasable","12":"product-type-simple"},"_links":{"self":[{"href":"https:\/\/eu.nutramarket.net\/es\/wp-json\/wp\/v2\/product\/190188","targetHints":{"allow":["GET"]}}],"collection":[{"href":"https:\/\/eu.nutramarket.net\/es\/wp-json\/wp\/v2\/product"}],"about":[{"href":"https:\/\/eu.nutramarket.net\/es\/wp-json\/wp\/v2\/types\/product"}],"wp:featuredmedia":[{"embeddable":true,"href":"https:\/\/eu.nutramarket.net\/es\/wp-json\/wp\/v2\/media\/190180"}],"wp:attachment":[{"href":"https:\/\/eu.nutramarket.net\/es\/wp-json\/wp\/v2\/media?parent=190188"}],"wp:term":[{"taxonomy":"product_cat","embeddable":true,"href":"https:\/\/eu.nutramarket.net\/es\/wp-json\/wp\/v2\/product_cat?post=190188"},{"taxonomy":"product_tag","embeddable":true,"href":"https:\/\/eu.nutramarket.net\/es\/wp-json\/wp\/v2\/product_tag?post=190188"}],"curies":[{"name":"wp","href":"https:\/\/api.w.org\/{rel}","templated":true}]}}