{"id":190204,"date":"2024-02-15T18:08:16","date_gmt":"2024-02-15T17:08:16","guid":{"rendered":"https:\/\/eu.nutramarket.net\/product\/mifastin\/"},"modified":"2024-04-19T14:41:38","modified_gmt":"2024-04-19T12:41:38","slug":"mifastin","status":"publish","type":"product","link":"https:\/\/eu.nutramarket.net\/es\/producto\/mifastin\/","title":{"rendered":"Mifastin"},"content":{"rendered":"<p><b>Producto desarrollado para las personas que:\u00a0<\/b><\/p>\n<ul>\n<li style=\"font-weight: 400;\" aria-level=\"1\"><span style=\"font-weight: 400;\">est\u00e1n a dieta cetog\u00e9nica: el \u00e1cido capr\u00edlico puede apoyar la formaci\u00f3n de cuerpos cet\u00f3nicos\u00a0<\/span><\/li>\n<li style=\"font-weight: 400;\" aria-level=\"1\"><span style=\"font-weight: 400;\">sufren infecciones f\u00fangicas, especialmente las causadas por las levaduras <\/span><i><span style=\"font-weight: 400;\">Candida<\/span><\/i><span style=\"font-weight: 400;\">\u00a0<\/span><\/li>\n<li style=\"font-weight: 400;\" aria-level=\"1\"><span style=\"font-weight: 400;\">sufren problemas digestivos\u00a0<\/span><\/li>\n<li style=\"font-weight: 400;\" aria-level=\"1\"><span style=\"font-weight: 400;\">experimentan ganas excesivas de dulces\u00a0\u00a0<\/span><\/li>\n<\/ul>\n","protected":false},"excerpt":{"rendered":"<p><span style=\"font-weight: 400;\">C\u00e1psulas de apoyo a la dieta cetog\u00e9nica<\/span><\/p>\n<p>&nbsp;<\/p>\n<p><span style=\"font-weight: 400;\">60 c\u00e1psulas<\/span><\/p>\n<p>&nbsp;<\/p>\n<p><span style=\"font-weight: 400;\">Mifastin es un complemento alimenticio que se ha desarrollado pensando en las personas que quieren cuidar de su cuerpo durante la dieta cetog\u00e9nica. Las c\u00e1psulas son ricas en ingredientes que, por un lado, permiten que la cetosis transcurra de manera adecuada, y por el otro, apoyan el tracto digestivo expuesto a levaduras, hongos y bacterias. Tambi\u00e9n ayudan a reforzar los mecanismos naturales de defensa del cuerpo, as\u00ed como su vitalidad.\u00a0<\/span><\/p>\n","protected":false},"featured_media":190308,"template":"","meta":[],"product_cat":[92],"product_tag":[],"class_list":{"0":"post-190204","1":"product","2":"type-product","3":"status-publish","4":"has-post-thumbnail","6":"product_cat-well-being-es","8":"first","9":"instock","10":"shipping-taxable","11":"purchasable","12":"product-type-simple"},"_links":{"self":[{"href":"https:\/\/eu.nutramarket.net\/es\/wp-json\/wp\/v2\/product\/190204","targetHints":{"allow":["GET"]}}],"collection":[{"href":"https:\/\/eu.nutramarket.net\/es\/wp-json\/wp\/v2\/product"}],"about":[{"href":"https:\/\/eu.nutramarket.net\/es\/wp-json\/wp\/v2\/types\/product"}],"wp:featuredmedia":[{"embeddable":true,"href":"https:\/\/eu.nutramarket.net\/es\/wp-json\/wp\/v2\/media\/190308"}],"wp:attachment":[{"href":"https:\/\/eu.nutramarket.net\/es\/wp-json\/wp\/v2\/media?parent=190204"}],"wp:term":[{"taxonomy":"product_cat","embeddable":true,"href":"https:\/\/eu.nutramarket.net\/es\/wp-json\/wp\/v2\/product_cat?post=190204"},{"taxonomy":"product_tag","embeddable":true,"href":"https:\/\/eu.nutramarket.net\/es\/wp-json\/wp\/v2\/product_tag?post=190204"}],"curies":[{"name":"wp","href":"https:\/\/api.w.org\/{rel}","templated":true}]}}