{"id":190252,"date":"2024-03-07T12:08:09","date_gmt":"2024-03-07T11:08:09","guid":{"rendered":"https:\/\/eu.nutramarket.net\/product\/luminissa\/"},"modified":"2024-03-07T13:06:41","modified_gmt":"2024-03-07T12:06:41","slug":"luminissa","status":"publish","type":"product","link":"https:\/\/eu.nutramarket.net\/es\/producto\/luminissa\/","title":{"rendered":"Luminissa"},"content":{"rendered":"<p><b>Producto desarrollado para las personas que:<\/b><\/p>\n<ul>\n<li><span style=\"font-weight: 400;\"> \u00a0 <\/span> <span style=\"font-weight: 400;\">Quieren cuidar de su belleza desde dentro<\/span><\/li>\n<li><span style=\"font-weight: 400;\"> \u00a0 <\/span> <span style=\"font-weight: 400;\">Quieren complementar la dieta con ingredientes de acci\u00f3n antioxidante<\/span><\/li>\n<li><span style=\"font-weight: 400;\"> \u00a0 <\/span> <span style=\"font-weight: 400;\">Prefieren los productos multifuncionales<\/span><\/li>\n<li>\u00a0 Quieren apoyar la hidrataci\u00f3n adecuada del organismo<\/li>\n<\/ul>\n","protected":false},"excerpt":{"rendered":"<p><span style=\"font-weight: 400;\">Pastillas efervescentes que ayudan a restablecer el brillo de la piel y el cabello<\/span><\/p>\n<p><span style=\"font-weight: 400;\">20 pastillas<\/span><\/p>\n<p><span style=\"font-weight: 400;\">Luminissa es un complemento alimenticio que se ha desarrollad pensando en las personas que buscan el nivel hidrataci\u00f3n adecuado que les garantice una belleza que fluye desde el interior. Por comodidad, tiene forma de pastillas efervescentes de sabor a naranja, que no solo son f\u00e1ciles de tomar, sino que tambi\u00e9n ofrecen una dosis adicional de vitaminas C y E. La vitamina C influye en la producci\u00f3n de col\u00e1geno para garantizar el funcionamiento adecuado de la piel, entre otros \u00f3rganos, mientras que la vitamina E act\u00faa como antioxidante potente que protege a las c\u00e9lulas contra la influencia perjudicial de los radicales libres, algo importante para prevenir los procesos de envejecimiento y mantener el buen estado de salud general. La biotina influye beneficiosamente en el mantenimiento de un pelo sano, mientras que el resto de ingredientes complementan perfectamente la composici\u00f3n del producto para cuidar de todo el cuerpo.<\/span><\/p>\n","protected":false},"featured_media":190244,"template":"","meta":[],"product_cat":[92],"product_tag":[],"class_list":{"0":"post-190252","1":"product","2":"type-product","3":"status-publish","4":"has-post-thumbnail","6":"product_cat-well-being-es","8":"first","9":"instock","10":"shipping-taxable","11":"purchasable","12":"product-type-simple"},"_links":{"self":[{"href":"https:\/\/eu.nutramarket.net\/es\/wp-json\/wp\/v2\/product\/190252","targetHints":{"allow":["GET"]}}],"collection":[{"href":"https:\/\/eu.nutramarket.net\/es\/wp-json\/wp\/v2\/product"}],"about":[{"href":"https:\/\/eu.nutramarket.net\/es\/wp-json\/wp\/v2\/types\/product"}],"wp:featuredmedia":[{"embeddable":true,"href":"https:\/\/eu.nutramarket.net\/es\/wp-json\/wp\/v2\/media\/190244"}],"wp:attachment":[{"href":"https:\/\/eu.nutramarket.net\/es\/wp-json\/wp\/v2\/media?parent=190252"}],"wp:term":[{"taxonomy":"product_cat","embeddable":true,"href":"https:\/\/eu.nutramarket.net\/es\/wp-json\/wp\/v2\/product_cat?post=190252"},{"taxonomy":"product_tag","embeddable":true,"href":"https:\/\/eu.nutramarket.net\/es\/wp-json\/wp\/v2\/product_tag?post=190252"}],"curies":[{"name":"wp","href":"https:\/\/api.w.org\/{rel}","templated":true}]}}