{"id":74372,"date":"2023-04-19T07:49:55","date_gmt":"2023-04-19T05:49:55","guid":{"rendered":"https:\/\/eu.nutramarket.net\/delivery-and-return-policy\/"},"modified":"2023-10-20T14:19:21","modified_gmt":"2023-10-20T12:19:21","slug":"tarne-ja-tagastuspoliitika","status":"publish","type":"page","link":"https:\/\/eu.nutramarket.net\/et\/tarne-ja-tagastuspoliitika\/","title":{"rendered":"Tarne- ja tagastuspoliitika"},"content":{"rendered":"<ol style=\"list-style-type: upper-roman;\" start=\"1\">\n<li style=\"font-weight: 400;\" aria-level=\"1\"><span style=\"font-weight: 400;\">\u00dcLDS\u00c4TTED<\/span>\n<ol>\n<li style=\"font-weight: 400;\" aria-level=\"2\"><span style=\"font-weight: 400;\">Selles osas, mida k\u00e4esolev Poliitika ei h\u00f5lma, kohaldatakse M\u00e4\u00e4rustes s\u00e4testatut.<\/span><\/li>\n<\/ol>\n<\/li>\n<li style=\"font-weight: 400;\" aria-level=\"1\"><span style=\"font-weight: 400;\">TOODETE KOHALETOIMETAMINE<\/span>\n<ol>\n<li style=\"font-weight: 400;\" aria-level=\"2\"><span style=\"font-weight: 400;\">Toodete kohaletoimetamine toimub kullerfirma vahendusel.<\/span><\/li>\n<li style=\"font-weight: 400;\" aria-level=\"2\"><span style=\"font-weight: 400;\">Kohaletoimetamise kulu esitatakse Tellimuse vormistamisel. Kui kohaletoimetamiskulusid ei ole n\u00e4idatud, on kohaletoimetamine tasuta.<\/span><\/li>\n<li style=\"font-weight: 400;\" aria-level=\"2\"><span style=\"font-weight: 400;\">Toodete standardne kohaletoimetamine toimub 3 t\u00f6\u00f6p\u00e4eva jooksul alates Tellimuse esitamise kuup\u00e4evast (tellimuse t\u00f6\u00f6tlemise aeg). Tavaline tarneaeg on 3 t\u00f6\u00f6p\u00e4eva alates saatmise kuup\u00e4evast (tarneaeg). Kuller teeb kaks k\u00e4ttetoimetamiskatset, peale mida peab Klient pakile kullerifirmasse j\u00e4rele minema.<\/span><\/li>\n<li style=\"font-weight: 400;\" aria-level=\"2\"><span style=\"font-weight: 400;\">Kui Tooteid Kliendile ei tarnita, p\u00fc\u00fcab M\u00fc\u00fcja Kliendiga \u00fchendust v\u00f5tta. Uuesti saatmine toimub Kliendi kulul. Saadetise mittekohaletoimetamise korral on M\u00fc\u00fcjal \u00f5igus Lepingust taganeda. Sel juhul tagastab M\u00fc\u00fcja Kliendile tema poolt makstud hinna, millest on maha arvatud saatekulud.<\/span><\/li>\n<li style=\"font-weight: 400;\" aria-level=\"2\"><span style=\"font-weight: 400;\">Klient on kohustatud Tooteid kohe p\u00e4rast \u00fcleandmist kontrollima, et teha kindlaks, kas Tooted ei ole saanud transpordi k\u00e4igus kahjustada. Tellija kannab toodete juhusliku kahjustamise riski kohaletoimetamise ajal. Toodete kahjustumisel palume koheselt \u00fchendust v\u00f5tta M\u00fc\u00fcjaga. Garantii raames v\u00f5ib Klient teatada ka defektist.<\/span><\/li>\n<li style=\"font-weight: 400;\" aria-level=\"2\"><span style=\"font-weight: 400;\">Kliendi puhul, kes ei ole Tarbija, l\u00e4heb Toodete juhusliku kahjustumise v\u00f5i kaotsimineku risk \u00fcle Kliendile Toodete \u00fcleandmisel vedajale.<\/span><\/li>\n<\/ol>\n<\/li>\n<li style=\"font-weight: 400;\" aria-level=\"1\"><span style=\"font-weight: 400;\">TAGASTAMINE<\/span>\n<ol>\n<li style=\"font-weight: 400;\" aria-level=\"2\"><span style=\"font-weight: 400;\">Lepingust taganemise ja kaebuste esitamise s\u00e4tted on leitavad M\u00e4\u00e4rustes.<\/span><\/li>\n<li style=\"font-weight: 400;\" aria-level=\"2\"><span style=\"font-weight: 400;\">Lepingust taganemise korral on Tarbija kohustatud omal kulul M\u00fc\u00fcjale tagastama saadud Tooted 14 p\u00e4eva jooksul Lepingust taganemise avalduse esitamise p\u00e4evast arvates. K\u00e4ttetoimetamise tagastusi ei aktsepteerita. Tagastamine peaks sisaldama k\u00f5iki Tarbijale M\u00fc\u00fcjalt saadud esemeid, sealhulgas Tellimuse raames tasuta saadud esemeid.<\/span><\/li>\n<li style=\"font-weight: 400;\" aria-level=\"2\"><span style=\"font-weight: 400;\">Raha tagastamine toimub 14 p\u00e4eva jooksul alates Tarbijalt Toodete tagastamise v\u00f5i Toodete saatmise kinnituse k\u00e4ttesaamise p\u00e4evast, olenevalt sellest, kumb saabub varem. Tagasimakse tehakse kontole, millelt makse sooritati, v\u00f5i m\u00f5nele muule Kliendi poolt n\u00e4idatud pangakontole. Pangakonto andmete puudumisel n\u00f5uab M\u00fc\u00fcja viivitamatult andmete edastamist ning tagastamine toimub 14 p\u00e4eva jooksul nende esitamisest. Konto, kuhu raha tagastatakse, peab kuuluma Kliendile v\u00f5i tema huve esindavale ja vastavaid volitusi omavale isikule.<\/span><\/li>\n<li style=\"font-weight: 400;\" aria-level=\"2\"><span style=\"font-weight: 400;\">Kui tagastamine l\u00f5ikes 4. nimetatud viisil ei ole v\u00f5imalik, tagastab M\u00fc\u00fcja makse, kasutades sama makseviisi, mida Tarbija kasutas, v\u00e4lja arvatud juhul, kui Tarbija on selges\u00f5naliselt n\u00f5ustunud teistsuguse tagastamisviisiga, millega ei kaasne talle kulusid.<\/span><\/li>\n<li style=\"font-weight: 400;\" aria-level=\"2\"><span style=\"font-weight: 400;\">Kui kaebuse aktsepteerimise tulemusena tuleb raha Kliendile tagastada, teavitab M\u00fc\u00fcja Klienti enne raha tagastamist, kas ta n\u00f5uab Toodete tagastamist. Tagastamine toimub 14 p\u00e4eva jooksul alates kaebuse l\u00e4bivaatamise v\u00f5i Toodete M\u00fc\u00fcja poolt k\u00e4ttesaamise p\u00e4evast. Vastavalt kohaldatakse seaduse 2\u20134 s\u00e4tteid.<\/span><\/li>\n<li style=\"font-weight: 400;\" aria-level=\"2\"><span style=\"font-weight: 400;\">Juhul, kui Tellimuse objektiks peale Toodete olid ka Vaut\u0161erid, h\u00f5lmab tagastamiskohustus ka Vaut\u0161ereid.<\/span><\/li>\n<\/ol>\n<\/li>\n<\/ol>\n<ol style=\"list-style-type: upper-roman;\" start=\"1\">\n<li style=\"list-style-type: none;\"><\/li>\n<\/ol>\n","protected":false},"excerpt":{"rendered":"<p>\u00dcLDS\u00c4TTED Selles osas, mida k\u00e4esolev Poliitika ei h\u00f5lma, kohaldatakse M\u00e4\u00e4rustes s\u00e4testatut. TOODETE KOHALETOIMETAMINE Toodete kohaletoimetamine toimub kullerfirma vahendusel. Kohaletoimetamise kulu esitatakse Tellimuse vormistamisel. Kui kohaletoimetamiskulusid ei ole n\u00e4idatud, on kohaletoimetamine tasuta. Toodete standardne kohaletoimetamine toimub 3 t\u00f6\u00f6p\u00e4eva jooksul alates Tellimuse esitamise kuup\u00e4evast (tellimuse t\u00f6\u00f6tlemise aeg). Tavaline tarneaeg on 3 t\u00f6\u00f6p\u00e4eva alates saatmise kuup\u00e4evast (tarneaeg). Kuller [&hellip;]<\/p>\n","protected":false},"author":1,"featured_media":0,"parent":0,"menu_order":0,"comment_status":"closed","ping_status":"closed","template":"","meta":{"footnotes":""},"class_list":["post-74372","page","type-page","status-publish","hentry"],"_links":{"self":[{"href":"https:\/\/eu.nutramarket.net\/et\/wp-json\/wp\/v2\/pages\/74372","targetHints":{"allow":["GET"]}}],"collection":[{"href":"https:\/\/eu.nutramarket.net\/et\/wp-json\/wp\/v2\/pages"}],"about":[{"href":"https:\/\/eu.nutramarket.net\/et\/wp-json\/wp\/v2\/types\/page"}],"author":[{"embeddable":true,"href":"https:\/\/eu.nutramarket.net\/et\/wp-json\/wp\/v2\/users\/1"}],"replies":[{"embeddable":true,"href":"https:\/\/eu.nutramarket.net\/et\/wp-json\/wp\/v2\/comments?post=74372"}],"version-history":[{"count":2,"href":"https:\/\/eu.nutramarket.net\/et\/wp-json\/wp\/v2\/pages\/74372\/revisions"}],"predecessor-version":[{"id":109830,"href":"https:\/\/eu.nutramarket.net\/et\/wp-json\/wp\/v2\/pages\/74372\/revisions\/109830"}],"wp:attachment":[{"href":"https:\/\/eu.nutramarket.net\/et\/wp-json\/wp\/v2\/media?parent=74372"}],"curies":[{"name":"wp","href":"https:\/\/api.w.org\/{rel}","templated":true}]}}