{"id":74376,"date":"2023-04-19T07:44:36","date_gmt":"2023-04-19T05:44:36","guid":{"rendered":"https:\/\/eu.nutramarket.net\/privacy-and-cookies-policy\/"},"modified":"2023-10-20T14:07:08","modified_gmt":"2023-10-20T12:07:08","slug":"privaatsuspoliitika-ja-kupsised","status":"publish","type":"page","link":"https:\/\/eu.nutramarket.net\/et\/privaatsuspoliitika-ja-kupsised\/","title":{"rendered":"Privaatsuspoliitika ja k\u00fcpsised"},"content":{"rendered":"<ol style=\"list-style-type: upper-roman;\" start=\"1\">\n<li style=\"font-weight: 400;\" aria-level=\"1\"><span style=\"font-weight: 400;\">M\u00d5ISTED<\/span>\n<ol>\n<li style=\"font-weight: 400;\" aria-level=\"2\"><span style=\"font-weight: 400;\">Administraator \u2013 M\u00e4\u00e4rustes loetletud isik;<\/span><\/li>\n<li style=\"font-weight: 400;\" aria-level=\"2\"><span style=\"font-weight: 400;\">Isikuandmed \u2013 kogu teave f\u00fc\u00fcsilise isiku kohta, kes on tuvastatud v\u00f5i tuvastatav \u00fche v\u00f5i mitme konkreetse f\u00fc\u00fcsilise, f\u00fcsioloogilise, geneetilise, vaimse, majandusliku, kultuurilise v\u00f5i sotsiaalse identiteedi m\u00e4\u00e4rava teguriga, sealhulgas seadme IP, asukohaandmed, v\u00f5rguidentifikaator ning k\u00fcpsiste ja muu sarnase tehnoloogia abil kogutud teave;<\/span><\/li>\n<li style=\"font-weight: 400;\" aria-level=\"2\"><span style=\"font-weight: 400;\">Poliitika \u2013 k\u00e4esolev Privaatsuspoliitika;<\/span><\/li>\n<li style=\"font-weight: 400;\" aria-level=\"2\"><span style=\"font-weight: 400;\">GDPR &#8211; Euroopa Parlamendi ja N\u00f5ukogu 27. aprilli 2016 m\u00e4\u00e4rus (EL) 2016\/679 \u00fcksikisikute kaitse isikuandmete t\u00f6\u00f6tlemise ja selliste andmete vaba liikumise kohta ning direktiivi 95\/46\/E\u00dc kehtetuks tunnistamise kohta;<\/span><\/li>\n<li style=\"font-weight: 400;\" aria-level=\"2\"><span style=\"font-weight: 400;\">Kasutaja \u2013 Veebilehte t\u00e4isealine f\u00fc\u00fcsiline isik, kes on t\u00e4ies teov\u00f5imes ja seadusj\u00e4rgse esindaja n\u00f5usolekul, alaealine v\u00f5i teov\u00f5imetu isik;<\/span><\/li>\n<\/ol>\n<\/li>\n<li style=\"font-weight: 400;\" aria-level=\"1\"><span style=\"font-weight: 400;\">ANDMET\u00d6\u00d6TLEMISE EESM\u00c4RGID<\/span>\n<ol>\n<li style=\"font-weight: 400;\" aria-level=\"2\"><span style=\"font-weight: 400;\">Andmeid, sealhulgas Kasutajate isikuandmeid, kogutakse ja t\u00f6\u00f6deldakse selleks, et:<\/span>\n<ol>\n<li style=\"font-weight: 400;\" aria-level=\"3\"><span style=\"font-weight: 400;\">kasutada Veebilehte;<\/span><\/li>\n<li style=\"font-weight: 400;\" aria-level=\"3\"><span style=\"font-weight: 400;\">Tellimuse esitamiseks ja t\u00e4itmiseks;<\/span><\/li>\n<li style=\"font-weight: 400;\" aria-level=\"3\"><span style=\"font-weight: 400;\">turundustegevuste l\u00e4biviimiseks, sh kontekstuaalseks ja k\u00e4itumuslikuks reklaamiks;<\/span><\/li>\n<li style=\"font-weight: 400;\" aria-level=\"3\"><span style=\"font-weight: 400;\">otseturunduseks, kui Kasutaja on sellega n\u00f5ustunud.<\/span><\/li>\n<\/ol>\n<\/li>\n<li style=\"font-weight: 400;\" aria-level=\"2\"><span style=\"font-weight: 400;\">K\u00f5igi Veebilehte kasutavate isikute isikuandmeid (sh IP-aadressi ja k\u00fcpsiste v\u00f5i muude sarnaste tehnoloogiate kaudu kogutud teavet) t\u00f6\u00f6tleb Haldaja:<\/span>\n<ol>\n<li style=\"font-weight: 400;\" aria-level=\"3\"><span style=\"font-weight: 400;\">Veebilehel elektrooniliste teenuste pakkumiseks (art. 6 s\u00e4te s\u00e4te 1 punkt b);<\/span><\/li>\n<li style=\"font-weight: 400;\" aria-level=\"3\"><span style=\"font-weight: 400;\">Veebilehel tehtud tellimuste k\u00e4sitlemiseks, sealhulgas M\u00fc\u00fcjale \u00fcleandmiseks (art. 6 s\u00e4te s\u00e4te 1 punkt b);<\/span><\/li>\n<li style=\"font-weight: 400;\" aria-level=\"3\"><span style=\"font-weight: 400;\">M\u00fc\u00fcja kaebuse k\u00e4sitlemiseks (GDPR 6 s\u00e4te s\u00e4te 1 punkt b);<\/span><\/li>\n<li style=\"font-weight: 400;\" aria-level=\"3\"><span style=\"font-weight: 400;\">anal\u00fc\u00fctilistel ja statistilistel eesm\u00e4rkidel (art. 6 s\u00e4te s\u00e4te 1 punkt f);<\/span><\/li>\n<li style=\"font-weight: 400;\" aria-level=\"3\"><span style=\"font-weight: 400;\">kontekstuaalse turunduse l\u00e4biviimiseks (GDPR 6 s\u00e4te s\u00e4te 1 punkt f);<\/span><\/li>\n<li style=\"font-weight: 400;\" aria-level=\"3\"><span style=\"font-weight: 400;\">tehnilistel eesm\u00e4rkidel (GDPR 6 s\u00e4te s\u00e4te 1 punkt f);<\/span><\/li>\n<\/ol>\n<\/li>\n<li style=\"font-weight: 400;\" aria-level=\"2\"><span style=\"font-weight: 400;\">Veebilehe kasutaja poolt tellimuse esitamine t\u00e4hendab tema isikuandmete t\u00f6\u00f6tlemist. Kohustuslikuks m\u00e4rgitud andmete esitamine on vajalik tellimuse vastuv\u00f5tmiseks ja t\u00f6\u00f6tlemiseks. Kasutaja poolt tellimuse esitamine toob kaasa selle, et tellimuse t\u00e4itmiseks vajalikud Kasutaja isikuandmed tehakse lepingu t\u00e4itmiseks m\u00fc\u00fcjale k\u00e4ttesaadavaks. Isikuandmeid t\u00f6\u00f6deldakse:<\/span>\n<ol>\n<li style=\"font-weight: 400;\" aria-level=\"3\"><span style=\"font-weight: 400;\">esitatud Tellimuse t\u00e4itmiseks (art. 6 s\u00e4te 1 lit. b GDPR);<\/span><\/li>\n<li style=\"font-weight: 400;\" aria-level=\"3\"><span style=\"font-weight: 400;\">Administraatori ja M\u00fc\u00fcja seadusest tulenevate kohustuste t\u00e4itmiseks (art. 6 s\u00e4te 1 lit. c GDPR);<\/span><\/li>\n<li style=\"font-weight: 400;\" aria-level=\"3\"><span style=\"font-weight: 400;\">anal\u00fc\u00fctilistel ja statistilistel eesm\u00e4rkidel (art. 6 s\u00e4te 1 lit. f GDPR);<\/span><\/li>\n<li style=\"font-weight: 400;\" aria-level=\"3\"><span style=\"font-weight: 400;\">n\u00f5uete esitamiseks (art. 6 s\u00e4te 1 lit. f GDPR);<\/span><\/li>\n<li style=\"font-weight: 400;\" aria-level=\"3\"><span style=\"font-weight: 400;\">rahulolu-uuringu eesm\u00e4rgil (art. 6 s\u00e4te 1 lit. f GDPR).<\/span><\/li>\n<\/ol>\n<\/li>\n<li style=\"font-weight: 400;\" aria-level=\"2\"><span style=\"font-weight: 400;\">Haldaja t\u00f6\u00f6tleb Kasutajate isikuandmeid turundustegevuse l\u00e4biviimiseks, mis v\u00f5ib h\u00f5lmata j\u00e4rgmist:<\/span>\n<ol>\n<li style=\"font-weight: 400;\" aria-level=\"3\"><span style=\"font-weight: 400;\">Kasutajale turundussisu kuvamine ei ole kohandatud tema eelistustele (art. 6 s\u00e4te 1 lit. f GDPR);<\/span><\/li>\n<li style=\"font-weight: 400;\" aria-level=\"3\"><span style=\"font-weight: 400;\">pakkumiste v\u00f5i sisu kohta e-kirjade v\u00f5i SMS-teadete saatmine, mis m\u00f5nel juhul sisaldavad \u00e4rialast teavet, antud n\u00f5usoleku piires (art. 6 s\u00e4te 1 lit. f GDPR).<\/span><\/li>\n<\/ol>\n<\/li>\n<\/ol>\n<\/li>\n<li style=\"font-weight: 400;\" aria-level=\"1\"><span style=\"font-weight: 400;\">K\u00dcPSISED<\/span>\n<ol>\n<li style=\"font-weight: 400;\" aria-level=\"2\"><span style=\"font-weight: 400;\">K\u00fcpsised on v\u00e4ikesed tekstifailid, mis on installitud Veebilehte sirviva Kasutaja seadmesse. K\u00fcpsised koguvad teavet, mis h\u00f5lbustab Veebilehe kasutamist \u2013 nt j\u00e4tab meelde Kasutaja Veebilehe k\u00fclastused ja tema toimingud.<\/span><\/li>\n<li style=\"font-weight: 400;\" aria-level=\"2\"><span style=\"font-weight: 400;\">Administraator kasutab nn teenusek\u00fcpsiseid eelk\u00f5ige selleks, et pakkuda Kasutajale elektrooniliselt pakutavaid teenuseid ja parandada nende teenuste kvaliteeti. Seet\u00f5ttu kasutavad Administraator ja teised talle anal\u00fc\u00fctilisi ja statistilisi teenuseid pakkuvad \u00fcksused k\u00fcpsiseid, teabe salvestamiseks v\u00f5i juurdep\u00e4\u00e4su saamiseks teabele, mis on juba salvestatud Kasutaja telekommunikatsiooni l\u00f5ppseadmesse (arvuti, telefon, tahvelarvuti jne). Sel eesm\u00e4rgil kasutatavad k\u00fcpsised h\u00f5lmavad j\u00e4rgmist:<\/span>\n<ol>\n<li style=\"font-weight: 400;\" aria-level=\"3\"><span style=\"font-weight: 400;\">k\u00fcpsised Kasutaja sisestatud andmetega (seansi ID) seansi ajaks (ang.\u00a0<\/span><i><span style=\"font-weight: 400;\">user input cookies<\/span><\/i><span style=\"font-weight: 400;\">);<\/span><\/li>\n<li style=\"font-weight: 400;\" aria-level=\"3\"><span style=\"font-weight: 400;\">autentimisk\u00fcpsised, mida kasutatakse teenuste jaoks, mis n\u00f5uavad autentimist seansi kestel (ang.\u00a0<\/span><i><span style=\"font-weight: 400;\">authentication cookies<\/span><\/i><span style=\"font-weight: 400;\">);<\/span><\/li>\n<li style=\"font-weight: 400;\" aria-level=\"3\"><span style=\"font-weight: 400;\">turvalisuse tagamiseks kasutatavad k\u00fcpsised, nt kuritegevuse tuvastamiseks autentimise valdkonnas (ang.\u00a0<\/span><i><span style=\"font-weight: 400;\">user centric security cookies<\/span><\/i><span style=\"font-weight: 400;\">);<\/span><\/li>\n<li style=\"font-weight: 400;\" aria-level=\"3\"><span style=\"font-weight: 400;\">multimeediapleierite seansik\u00fcpsised (nt. flash-m\u00e4ngija k\u00fcpsised), seansi ajaks(ang.\u00a0<\/span><i><span style=\"font-weight: 400;\">multimedia player session cookies<\/span><\/i><span style=\"font-weight: 400;\">);<\/span><\/li>\n<li style=\"font-weight: 400;\" aria-level=\"3\"><span style=\"font-weight: 400;\">k\u00fcpsised, mida kasutatakse Veebilehe liikluse j\u00e4lgimiseks.<\/span><\/li>\n<\/ol>\n<\/li>\n<li style=\"font-weight: 400;\" aria-level=\"2\"><span style=\"font-weight: 400;\">Administraator kasutab k\u00fcpsiseid ka turunduslikel eesm\u00e4rkidel, selleks salvestab Administraator teavet v\u00f5i p\u00e4\u00e4seb ligi juba Kasutaja telekommunikatsiooni l\u00f5ppseadmes (arvuti, telefon, tahvelarvuti jne) salvestatud teabele. K\u00fcpsiste ja nende kaudu kogutud isikuandmete kasutamine turunduslikel eesm\u00e4rkidel, eelk\u00f5ige kolmandate isikute teenuste ja kaupade reklaamimise valdkonnas, n\u00f5uab Kasutaja n\u00f5usolekut. Seda n\u00f5usolekut saab v\u00e4ljendada brauseri sobiva konfiguratsiooni kaudu ja selle saab igal ajal tagasi v\u00f5tta, eelk\u00f5ige kustutades k\u00fcpsiste ajaloo ja keelates k\u00fcpsised brauseri seadetes.<\/span><\/li>\n<\/ol>\n<\/li>\n<li style=\"font-weight: 400;\" aria-level=\"1\"><span style=\"font-weight: 400;\">ANDMETE T\u00d6\u00d6TLEMISE PERIOOD<\/span>\n<ol>\n<li style=\"font-weight: 400;\" aria-level=\"2\"><span style=\"font-weight: 400;\">Andmeid t\u00f6\u00f6deldakse teenuse osutamise v\u00f5i tellimuse t\u00e4itmise kestel, kuni n\u00f5usoleku tagasiv\u00f5tmiseni v\u00f5i andmete t\u00f6\u00f6tlemisele tegeliku vastuv\u00e4ite esitamiseni juhtudel, kui andmete t\u00f6\u00f6tlemise \u00f5iguslikuks aluseks on p\u00f5hjendatu Administraatori huvi.<\/span><\/li>\n<li style=\"font-weight: 400;\" aria-level=\"2\"><span style=\"font-weight: 400;\">Andmete t\u00f6\u00f6tlemise t\u00e4htaega v\u00f5ib pikendada, kui t\u00f6\u00f6tlemine on vajalik n\u00f5uete esitamiseks v\u00f5i nende vastu kaitsmiseks ning p\u00e4rast seda ainult seadusega n\u00f5utud juhtudel ja ulatuses. P\u00e4rast t\u00f6\u00f6tlemisperioodi l\u00f5ppu andmed kustutatakse j\u00e4\u00e4davalt v\u00f5i muudetakse anon\u00fc\u00fcmseks.<\/span><\/li>\n<\/ol>\n<\/li>\n<li style=\"font-weight: 400;\" aria-level=\"1\"><span style=\"font-weight: 400;\">KASUTAJA LUBA<\/span>\n<ol>\n<li style=\"font-weight: 400;\" aria-level=\"2\"><span style=\"font-weight: 400;\">\u00d5igus saada teavet isikuandmete t\u00f6\u00f6tlemise kohta \u2013 selle alusel annab sellise taotluse esitanud isik, Administraator teavet isikuandmete t\u00f6\u00f6tlemise kohta, sealhulgas eelk\u00f5ige t\u00f6\u00f6tlemise eesm\u00e4rkide ja \u00f5iguslike aluste, s\u00e4ilitatavate andmete ulatuse, \u00fcksuste, kellele isikuandmeid avaldatakse ja nende eemaldamise kavandatud kuup\u00e4ev.<\/span><\/li>\n<li style=\"font-weight: 400;\" aria-level=\"2\"><span style=\"font-weight: 400;\">\u00d5igus saada andmetest koopia \u2013 selle alusel annab Administraator p\u00e4ringu esitaja kohta koopia t\u00f6\u00f6deldud andmetest.<\/span><\/li>\n<li style=\"font-weight: 400;\" aria-level=\"2\"><span style=\"font-weight: 400;\">\u00d5igus parandada &#8211; selle alusel eemaldab Administraator k\u00f5ik t\u00f6\u00f6deldud isikuandmetega seotud ebak\u00f5lad v\u00f5i vead ning t\u00e4iendab v\u00f5i ajakohastab neid, kui need on puudulikud v\u00f5i muutunud.<\/span><\/li>\n<li style=\"font-weight: 400;\" aria-level=\"2\"><span style=\"font-weight: 400;\">\u00d5igus andmete kustutamisele \u2013 selle alusel saate taotleda andmete kustutamist, mille t\u00f6\u00f6tlemine ei ole enam vajalik \u00fchegi eesm\u00e4rgi saavutamiseks, milleks need koguti.<\/span><\/li>\n<li style=\"font-weight: 400;\" aria-level=\"2\"><span style=\"font-weight: 400;\">\u00d5igus piirata t\u00f6\u00f6tlemist \u2013 selle alusel l\u00f5petab Administraator isikuandmetega toimingute tegemise, v\u00e4lja arvatud toimingud, millele Kasutaja on n\u00f5usoleku andnud, ja nende s\u00e4ilitamine, vastavalt vastuv\u00f5etud s\u00e4ilitamisreeglitele v\u00f5i kuni andmet\u00f6\u00f6tluse piiramise p\u00f5hjuste \u00e4ralangemiseni (nt v\u00e4ljastatakse j\u00e4relevalveasutuse otsus, mis lubab edasist andmet\u00f6\u00f6tlust).<\/span><\/li>\n<li style=\"font-weight: 400;\" aria-level=\"2\"><span style=\"font-weight: 400;\">\u00d5igus andmete edastamisele &#8211; selle alusel v\u00e4ljastab Administraator selles ulatuses, milles andmeid t\u00f6\u00f6deldakse seoses s\u00f5lmitud lepingu v\u00f5i n\u00f5usolekuga, isiku poolt, kellega need on seotud, edastatud andmed vormingus, mis v\u00f5imaldab neid lugeda arvuti. Samuti on v\u00f5imalik taotleda nende andmete saatmist m\u00f5nele teisele isikule \u2013 eeldusel, et selleks on tehnilised v\u00f5imalused nii Administraatoril kui ka teisel \u00fcksusel.<\/span><\/li>\n<li style=\"font-weight: 400;\" aria-level=\"2\"><span style=\"font-weight: 400;\">\u00d5igus esitada vastuv\u00e4iteid andmete t\u00f6\u00f6tlemisele turunduseesm\u00e4rkidel \u2013 Kasutaja v\u00f5ib igal ajal esitada vastuv\u00e4iteid isikuandmete t\u00f6\u00f6tlemisele turunduseesm\u00e4rkidel.<\/span><\/li>\n<li style=\"font-weight: 400;\" aria-level=\"2\"><span style=\"font-weight: 400;\">\u00d5igus esitada vastuv\u00e4iteid andmete t\u00f6\u00f6tlemisele rahuloluk\u00fcsitlusega seotud eesm\u00e4rkidel \u2013 Kasutaja v\u00f5ib igal ajal esitada vastuv\u00e4iteid isikuandmete t\u00f6\u00f6tlemisele rahuloluk\u00fcsitlusega seotud eesm\u00e4rkidel.<\/span><\/li>\n<li style=\"font-weight: 400;\" aria-level=\"2\"><span style=\"font-weight: 400;\">\u00d5igus esitada vastuv\u00e4iteid muude andmet\u00f6\u00f6tluse eesm\u00e4rkide suhtes \u2013 Kasutaja v\u00f5ib igal ajal esitada vastuv\u00e4iteid isikuandmete t\u00f6\u00f6tlemisele Administraatori poolse \u00f5igustatud huvi alusel (nt. anal\u00fc\u00fctilistel v\u00f5i statistilistel eesm\u00e4rkidel v\u00f5i omandi kaitsega seotud p\u00f5hjustel). Sellekohane vastuv\u00e4ide peaks sisaldama p\u00f5hjendust ja seda hindab Administraator.<\/span><\/li>\n<li style=\"font-weight: 400;\" aria-level=\"2\"><span style=\"font-weight: 400;\">\u00d5igus n\u00f5usolek tagasi v\u00f5tta \u2013 kui andmeid t\u00f6\u00f6deldakse n\u00f5usoleku alusel, on Kasutajal \u00f5igus see igal ajal tagasi v\u00f5tta, mis aga ei m\u00f5juta enne k\u00e4esoleva n\u00f5usoleku tagasiv\u00f5tmist teostatud t\u00f6\u00f6tlemise seaduslikkust.<\/span><\/li>\n<li style=\"font-weight: 400;\" aria-level=\"2\"><span style=\"font-weight: 400;\">Kaebuse esitamise \u00f5igus \u2013 kui leitakse, et isikuandmete t\u00f6\u00f6tlemisel rikutakse GDPR-i v\u00f5i muid isikuandmete kaitset puudutavaid s\u00e4tteid, v\u00f5ib Kasutaja esitada kaebuse p\u00e4devale riiklikule asutusele.<\/span><\/li>\n<li style=\"font-weight: 400;\" aria-level=\"2\"><span style=\"font-weight: 400;\">Avaldus \u00f5iguste teostamise kohta tuleb esitada M\u00e4\u00e4rustes m\u00e4rgitud Administraatori aadressil.<\/span><\/li>\n<\/ol>\n<\/li>\n<li style=\"font-weight: 400;\" aria-level=\"1\"><span style=\"font-weight: 400;\">ANDMEEDASTUS JA TURVALISUS<\/span>\n<ol>\n<li style=\"font-weight: 400;\" aria-level=\"2\"><span style=\"font-weight: 400;\">\u00dclalkirjeldatud eesm\u00e4rkidel v\u00f5idakse isikuandmeid avaldada v\u00e4listele isikutele, sealhulgas eelk\u00f5ige tarnijatele, \u00fcksustele nagu pangad ja makseoperaatorid, raamatupidamis-, \u00f5igus-, transpordi- ja turundusteenuseid osutavatele \u00fcksustele ning Administraatoriga seotud \u00fcksustele. Tellimuse vormistamise korral avaldatakse Kasutaja andmed M\u00fc\u00fcjale m\u00fc\u00fcgilepingu s\u00f5lmimiseks ja selle t\u00e4itmiseks.<\/span><\/li>\n<li style=\"font-weight: 400;\" aria-level=\"2\"><span style=\"font-weight: 400;\">Kasutajate isikuandmeid v\u00e4ljadspoole EMP-d ei edastata.<\/span><\/li>\n<li style=\"font-weight: 400;\" aria-level=\"2\"><span style=\"font-weight: 400;\">Administraator viib jooksvalt l\u00e4bi riskianal\u00fc\u00fcsi, et tagada isikuandmete turvaline t\u00f6\u00f6tlemine tema poolt \u2013 tagades eelk\u00f5ige selle, et andmetele p\u00e4\u00e4sevad ligi ainult selleks volitatud isikud ja ainult niiv\u00f5rd, kuiv\u00f5rd see on nende poolt t\u00e4idetavate \u00fclesannete t\u00f5ttu vajalik. Administraator tagab, et k\u00f5ik isikuandmetega tehtavad toimingud registreeritakse ja neid teeksid ainult selleks volitatud t\u00f6\u00f6tajad ja kaast\u00f6\u00f6tajad.<\/span><\/li>\n<li style=\"font-weight: 400;\" aria-level=\"2\"><span style=\"font-weight: 400;\">Administraator teeb k\u00f5ik vajalikud toimingud tagamaks, et ka tema allt\u00f6\u00f6v\u00f5tjad ja teised koost\u00f6\u00f6d tegevad isikud tagavad asjakohaste turvameetmete kohaldamise alati, kui nad Administraatori n\u00f5udmisel isikuandmeid t\u00f6\u00f6tlevad.<\/span><\/li>\n<\/ol>\n<\/li>\n<li style=\"font-weight: 400;\" aria-level=\"1\"><span style=\"font-weight: 400;\">L\u00d5PPS\u00c4TTED<\/span>\n<ol>\n<li style=\"font-weight: 400;\" aria-level=\"2\"><span style=\"font-weight: 400;\">Administraator j\u00e4tab endale \u00f5iguse seda Poliitikat muuta.<\/span><\/li>\n<li style=\"font-weight: 400;\" aria-level=\"2\"><span style=\"font-weight: 400;\">Arvestades \u00fcldkohalduvaid seaduses\u00e4tteid, on k\u00e4esolevale Poliitikale kohaldatav \u00f5igus Haldaja registrij\u00e4rgse asukoha seadus.<\/span><\/li>\n<\/ol>\n<\/li>\n<\/ol>\n<ol style=\"list-style-type: upper-roman;\" start=\"3\">\n<li style=\"font-weight: 400;\" aria-level=\"1\"><\/li>\n<\/ol>\n<ol style=\"list-style-type: upper-roman;\" start=\"7\">\n<li style=\"font-weight: 400;\" aria-level=\"1\"><\/li>\n<\/ol>\n","protected":false},"excerpt":{"rendered":"<p>M\u00d5ISTED Administraator \u2013 M\u00e4\u00e4rustes loetletud isik; Isikuandmed \u2013 kogu teave f\u00fc\u00fcsilise isiku kohta, kes on tuvastatud v\u00f5i tuvastatav \u00fche v\u00f5i mitme konkreetse f\u00fc\u00fcsilise, f\u00fcsioloogilise, geneetilise, vaimse, majandusliku, kultuurilise v\u00f5i sotsiaalse identiteedi m\u00e4\u00e4rava teguriga, sealhulgas seadme IP, asukohaandmed, v\u00f5rguidentifikaator ning k\u00fcpsiste ja muu sarnase tehnoloogia abil kogutud teave; Poliitika \u2013 k\u00e4esolev Privaatsuspoliitika; GDPR &#8211; Euroopa Parlamendi [&hellip;]<\/p>\n","protected":false},"author":1,"featured_media":0,"parent":0,"menu_order":0,"comment_status":"closed","ping_status":"closed","template":"","meta":{"footnotes":""},"class_list":["post-74376","page","type-page","status-publish","hentry"],"_links":{"self":[{"href":"https:\/\/eu.nutramarket.net\/et\/wp-json\/wp\/v2\/pages\/74376","targetHints":{"allow":["GET"]}}],"collection":[{"href":"https:\/\/eu.nutramarket.net\/et\/wp-json\/wp\/v2\/pages"}],"about":[{"href":"https:\/\/eu.nutramarket.net\/et\/wp-json\/wp\/v2\/types\/page"}],"author":[{"embeddable":true,"href":"https:\/\/eu.nutramarket.net\/et\/wp-json\/wp\/v2\/users\/1"}],"replies":[{"embeddable":true,"href":"https:\/\/eu.nutramarket.net\/et\/wp-json\/wp\/v2\/comments?post=74376"}],"version-history":[{"count":2,"href":"https:\/\/eu.nutramarket.net\/et\/wp-json\/wp\/v2\/pages\/74376\/revisions"}],"predecessor-version":[{"id":109826,"href":"https:\/\/eu.nutramarket.net\/et\/wp-json\/wp\/v2\/pages\/74376\/revisions\/109826"}],"wp:attachment":[{"href":"https:\/\/eu.nutramarket.net\/et\/wp-json\/wp\/v2\/media?parent=74376"}],"curies":[{"name":"wp","href":"https:\/\/api.w.org\/{rel}","templated":true}]}}