{"id":109699,"date":"2023-06-28T07:36:39","date_gmt":"2023-06-28T05:36:39","guid":{"rendered":"https:\/\/eu.nutramarket.net\/product\/beauty-eyes\/"},"modified":"2023-10-20T14:31:51","modified_gmt":"2023-10-20T12:31:51","slug":"beauty-eyes","status":"publish","type":"product","link":"https:\/\/eu.nutramarket.net\/et\/toode\/beauty-eyes\/","title":{"rendered":"Beauty Eyes"},"content":{"rendered":"<p><span style=\"font-weight: 400;\">Toode loodi neile, kes:<\/span><\/p>\n<ul>\n<li style=\"font-weight: 400;\" aria-level=\"1\"><span style=\"font-weight: 400;\">soovivad tugevdada ja tihendada oma ripsmeid ja kulme<\/span><\/li>\n<li style=\"font-weight: 400;\" aria-level=\"1\"><span style=\"font-weight: 400;\">tahavad kiirendada ripsmete ja kulmude kasvu<\/span><\/li>\n<li style=\"font-weight: 400;\" aria-level=\"1\"><span style=\"font-weight: 400;\">soovivad n\u00e4ha tulemusi juba p\u00e4rast 15-p\u00e4evast regulaarset kasutamist<\/span><\/li>\n<li style=\"font-weight: 400;\" aria-level=\"1\"><span style=\"font-weight: 400;\">on tundlikud silmad ja kannavad kontaktl\u00e4\u00e4tsi<\/span><\/li>\n<\/ul>\n","protected":false},"excerpt":{"rendered":"<p><span style=\"font-weight: 400;\">Ripsmete ja kulmude kasvu stimuleeriv seerum<\/span><span style=\"font-weight: 400;\"><br \/>\n<\/span><span style=\"font-weight: 400;\">7 ml<\/span><\/p>\n<p><span style=\"font-weight: 400;\">GetShape Beauty Eyes on kosmeetikavahend, mis on m\u00f5eldud inimestele, kes soovivad hoolitseda oma kulmude ja ripsmete eest. Preparaadi hoolikalt v\u00e4lja t\u00f6\u00f6tatud valem hoiab \u00e4ra ripsmete ja kulmude kadumise ning kiirendab nende kasvu. Lisaks preparaat tihendab, kohevdab ja l\u00e4igitab ripsmeid ja kulme. Seda v\u00f5ivad kasutada ka kontaktl\u00e4\u00e4tsede kandjad ja tundlike silmadega inimesed.<\/span><\/p>\n","protected":false},"featured_media":19093,"template":"","meta":[],"product_cat":[78],"product_tag":[],"class_list":{"0":"post-109699","1":"product","2":"type-product","3":"status-publish","4":"has-post-thumbnail","6":"product_cat-beauty-et","8":"first","9":"instock","10":"shipping-taxable","11":"purchasable","12":"product-type-simple"},"_links":{"self":[{"href":"https:\/\/eu.nutramarket.net\/et\/wp-json\/wp\/v2\/product\/109699","targetHints":{"allow":["GET"]}}],"collection":[{"href":"https:\/\/eu.nutramarket.net\/et\/wp-json\/wp\/v2\/product"}],"about":[{"href":"https:\/\/eu.nutramarket.net\/et\/wp-json\/wp\/v2\/types\/product"}],"wp:featuredmedia":[{"embeddable":true,"href":"https:\/\/eu.nutramarket.net\/et\/wp-json\/wp\/v2\/media\/19093"}],"wp:attachment":[{"href":"https:\/\/eu.nutramarket.net\/et\/wp-json\/wp\/v2\/media?parent=109699"}],"wp:term":[{"taxonomy":"product_cat","embeddable":true,"href":"https:\/\/eu.nutramarket.net\/et\/wp-json\/wp\/v2\/product_cat?post=109699"},{"taxonomy":"product_tag","embeddable":true,"href":"https:\/\/eu.nutramarket.net\/et\/wp-json\/wp\/v2\/product_tag?post=109699"}],"curies":[{"name":"wp","href":"https:\/\/api.w.org\/{rel}","templated":true}]}}