{"id":109707,"date":"2023-06-28T07:30:28","date_gmt":"2023-06-28T05:30:28","guid":{"rendered":"https:\/\/eu.nutramarket.net\/product\/vigaman\/"},"modified":"2023-10-20T14:43:28","modified_gmt":"2023-10-20T12:43:28","slug":"vigaman","status":"publish","type":"product","link":"https:\/\/eu.nutramarket.net\/et\/toode\/vigaman\/","title":{"rendered":"Vigaman"},"content":{"rendered":"<p><span style=\"font-weight: 400;\">Toode on v\u00e4lja t\u00f6\u00f6tatud meestele, kes soovivad:<\/span><\/p>\n<ul>\n<li style=\"font-weight: 400;\" aria-level=\"1\"><span style=\"font-weight: 400;\">s\u00e4ilitada seksuaalse aktiivsuse<\/span><\/li>\n<li style=\"font-weight: 400;\" aria-level=\"1\"><span style=\"font-weight: 400;\">toetada spermatogeneesi \u00f5iget kulgu<\/span><\/li>\n<li style=\"font-weight: 400;\" aria-level=\"1\"><span style=\"font-weight: 400;\">toetada f\u00fc\u00fcsilist ja vaimset vormi<\/span><\/li>\n<li style=\"font-weight: 400;\" aria-level=\"1\"><span style=\"font-weight: 400;\">igak\u00fclgselt hoolitseda tervise ja eluj\u00f5u eest<\/span><\/li>\n<\/ul>\n","protected":false},"excerpt":{"rendered":"<p><span style=\"font-weight: 400;\">Kihisevad tabletid meestele, kes soovivad oma tervise eest igak\u00fclgselt hoolt kanda<\/span><span style=\"font-weight: 400;\"><br \/>\n<\/span><span style=\"font-weight: 400;\">20 tabletti<\/span><\/p>\n<p><span style=\"font-weight: 400;\">Vigaman on toidulisand, mis on loodud meestele, kellele meeldib elu t\u00e4iel rinnal nautida. Toimeained v\u00f5imaldavad s\u00e4ilitada eluj\u00f5udu ning toetada f\u00fc\u00fcsilist ja vaimset vormi. Oluline on toetada seksuaalset aktiivsust, tagades \u00f5ige testosteroonitaseme.<\/span><\/p>\n","protected":false},"featured_media":19088,"template":"","meta":[],"product_cat":[85],"product_tag":[],"class_list":{"0":"post-109707","1":"product","2":"type-product","3":"status-publish","4":"has-post-thumbnail","6":"product_cat-well-being-et","8":"first","9":"instock","10":"shipping-taxable","11":"purchasable","12":"product-type-simple"},"_links":{"self":[{"href":"https:\/\/eu.nutramarket.net\/et\/wp-json\/wp\/v2\/product\/109707","targetHints":{"allow":["GET"]}}],"collection":[{"href":"https:\/\/eu.nutramarket.net\/et\/wp-json\/wp\/v2\/product"}],"about":[{"href":"https:\/\/eu.nutramarket.net\/et\/wp-json\/wp\/v2\/types\/product"}],"wp:featuredmedia":[{"embeddable":true,"href":"https:\/\/eu.nutramarket.net\/et\/wp-json\/wp\/v2\/media\/19088"}],"wp:attachment":[{"href":"https:\/\/eu.nutramarket.net\/et\/wp-json\/wp\/v2\/media?parent=109707"}],"wp:term":[{"taxonomy":"product_cat","embeddable":true,"href":"https:\/\/eu.nutramarket.net\/et\/wp-json\/wp\/v2\/product_cat?post=109707"},{"taxonomy":"product_tag","embeddable":true,"href":"https:\/\/eu.nutramarket.net\/et\/wp-json\/wp\/v2\/product_tag?post=109707"}],"curies":[{"name":"wp","href":"https:\/\/api.w.org\/{rel}","templated":true}]}}