{"id":109732,"date":"2023-06-28T07:23:55","date_gmt":"2023-06-28T05:23:55","guid":{"rendered":"https:\/\/eu.nutramarket.net\/product\/menmax\/"},"modified":"2023-10-20T15:44:36","modified_gmt":"2023-10-20T13:44:36","slug":"menmax","status":"publish","type":"product","link":"https:\/\/eu.nutramarket.net\/et\/toode\/menmax\/","title":{"rendered":"Menmax"},"content":{"rendered":"<p><span style=\"font-weight: 400;\">Toode on v\u00e4lja t\u00f6\u00f6tatud meestele, kes:\u00a0<\/span><\/p>\n<ul>\n<li style=\"font-weight: 400;\" aria-level=\"1\"><span style=\"font-weight: 400;\">soovivad toetada oma seksuaalseid v\u00f5imeid ja soovi<\/span><\/li>\n<li style=\"font-weight: 400;\" aria-level=\"1\"><span style=\"font-weight: 400;\">soovivad oma L-arginiini taset t\u00e4iendada<\/span><\/li>\n<li style=\"font-weight: 400;\" aria-level=\"1\"><span style=\"font-weight: 400;\">tahavad immuunsust toetada<\/span><\/li>\n<\/ul>\n","protected":false},"excerpt":{"rendered":"<p><span style=\"font-weight: 400;\">Kapslid meestele, kes soovivad seksi nautida<\/span><span style=\"font-weight: 400;\"><br \/>\n<\/span><span style=\"font-weight: 400;\">60 kapslit<\/span><\/p>\n<p><span style=\"font-weight: 400;\">MenMax on toidulisand, mis on loodud meestele, kes soovivad elu t\u00e4iel rinnal nautida. Kapslid toetavad potentsi ja stimuleerivad. Samuti aitavad need tugevdada keha loomulikku kaitsev\u00f5imet. Preparaadi p\u00f5hikomponent on L-arginiin. Teisest k\u00fcljest toetab tribulus terrestris ekstrakt iha ja seksuaalseid v\u00f5imeid.<\/span><\/p>\n","protected":false},"featured_media":19086,"template":"","meta":[],"product_cat":[85],"product_tag":[],"class_list":{"0":"post-109732","1":"product","2":"type-product","3":"status-publish","4":"has-post-thumbnail","6":"product_cat-well-being-et","8":"first","9":"instock","10":"shipping-taxable","11":"purchasable","12":"product-type-simple"},"_links":{"self":[{"href":"https:\/\/eu.nutramarket.net\/et\/wp-json\/wp\/v2\/product\/109732","targetHints":{"allow":["GET"]}}],"collection":[{"href":"https:\/\/eu.nutramarket.net\/et\/wp-json\/wp\/v2\/product"}],"about":[{"href":"https:\/\/eu.nutramarket.net\/et\/wp-json\/wp\/v2\/types\/product"}],"wp:featuredmedia":[{"embeddable":true,"href":"https:\/\/eu.nutramarket.net\/et\/wp-json\/wp\/v2\/media\/19086"}],"wp:attachment":[{"href":"https:\/\/eu.nutramarket.net\/et\/wp-json\/wp\/v2\/media?parent=109732"}],"wp:term":[{"taxonomy":"product_cat","embeddable":true,"href":"https:\/\/eu.nutramarket.net\/et\/wp-json\/wp\/v2\/product_cat?post=109732"},{"taxonomy":"product_tag","embeddable":true,"href":"https:\/\/eu.nutramarket.net\/et\/wp-json\/wp\/v2\/product_tag?post=109732"}],"curies":[{"name":"wp","href":"https:\/\/api.w.org\/{rel}","templated":true}]}}