{"id":109741,"date":"2023-05-11T10:33:18","date_gmt":"2023-05-11T08:33:18","guid":{"rendered":"https:\/\/eu.nutramarket.net\/product\/fenecard\/"},"modified":"2023-10-20T15:13:50","modified_gmt":"2023-10-20T13:13:50","slug":"fenecard","status":"publish","type":"product","link":"https:\/\/eu.nutramarket.net\/et\/toode\/fenecard\/","title":{"rendered":"Fenecard"},"content":{"rendered":"<p><span style=\"font-weight: 400;\">Toode on m\u00f5eldud inimestele, kes:\u00a0<\/span><\/p>\n<ul>\n<li style=\"font-weight: 400;\" aria-level=\"1\"><span style=\"font-weight: 400;\">soovivad hoolitseda s\u00fcdame korraliku toimimise eest (viirpuu)<\/span><\/li>\n<li style=\"font-weight: 400;\" aria-level=\"1\"><span style=\"font-weight: 400;\">soovivad s\u00e4ilitada elektrol\u00fc\u00fctide tasakaalu (magneesium)<\/span><\/li>\n<li style=\"font-weight: 400;\" aria-level=\"1\"><span style=\"font-weight: 400;\">soovivad toetada punaste vereliblede tootmist (vitamiin B6)<\/span><\/li>\n<li style=\"font-weight: 400;\" aria-level=\"1\"><span style=\"font-weight: 400;\">soovivad toetada normaalset verer\u00f5hku (kaalium)<\/span><\/li>\n<li style=\"font-weight: 400;\" aria-level=\"1\"><span style=\"font-weight: 400;\">soovivad hoolitseda lihaste \u00f5ige toimimise eest (magneesium ja kaalium)<\/span><\/li>\n<\/ul>\n","protected":false},"excerpt":{"rendered":"<p><span style=\"font-weight: 400;\">S\u00fcdame ja vereringes\u00fcsteemi t\u00f6\u00f6d toetavad tabletid<\/span><span style=\"font-weight: 400;\"><br \/>\n<\/span><span style=\"font-weight: 400;\">60 tabletti<\/span><\/p>\n<p><span style=\"font-weight: 400;\">Fenecard on toidulisand inimestele, kes soovivad hoolitseda oma keha vastupidavuse eest. Seda soovitatakse k\u00f5igile, kes puutuvad kokku stressiga, on madalama kehalise aktiivsusega v\u00f5i vanemas elueas. Fenecardis sisalduvad koostisained v\u00f5ivad toetada s\u00fcdame t\u00f6\u00f6d ja tagada \u00f5ige verer\u00f5hu. Samuti toetavad need lihaste n\u00f5uetekohast toimimist ja s\u00e4ilitavad elektrol\u00fc\u00fctide tasakaalu.<\/span><\/p>\n","protected":false},"featured_media":14036,"template":"","meta":[],"product_cat":[85],"product_tag":[],"class_list":{"0":"post-109741","1":"product","2":"type-product","3":"status-publish","4":"has-post-thumbnail","6":"product_cat-well-being-et","8":"first","9":"instock","10":"shipping-taxable","11":"purchasable","12":"product-type-simple"},"_links":{"self":[{"href":"https:\/\/eu.nutramarket.net\/et\/wp-json\/wp\/v2\/product\/109741","targetHints":{"allow":["GET"]}}],"collection":[{"href":"https:\/\/eu.nutramarket.net\/et\/wp-json\/wp\/v2\/product"}],"about":[{"href":"https:\/\/eu.nutramarket.net\/et\/wp-json\/wp\/v2\/types\/product"}],"wp:featuredmedia":[{"embeddable":true,"href":"https:\/\/eu.nutramarket.net\/et\/wp-json\/wp\/v2\/media\/14036"}],"wp:attachment":[{"href":"https:\/\/eu.nutramarket.net\/et\/wp-json\/wp\/v2\/media?parent=109741"}],"wp:term":[{"taxonomy":"product_cat","embeddable":true,"href":"https:\/\/eu.nutramarket.net\/et\/wp-json\/wp\/v2\/product_cat?post=109741"},{"taxonomy":"product_tag","embeddable":true,"href":"https:\/\/eu.nutramarket.net\/et\/wp-json\/wp\/v2\/product_tag?post=109741"}],"curies":[{"name":"wp","href":"https:\/\/api.w.org\/{rel}","templated":true}]}}