{"id":109757,"date":"2023-05-09T13:50:34","date_gmt":"2023-05-09T11:50:34","guid":{"rendered":"https:\/\/eu.nutramarket.net\/product\/activestin\/"},"modified":"2024-07-18T15:25:01","modified_gmt":"2024-07-18T13:25:01","slug":"fizzburn","status":"publish","type":"product","link":"https:\/\/eu.nutramarket.net\/et\/toode\/fizzburn\/","title":{"rendered":"FizzBurn"},"content":{"rendered":"<p><span style=\"font-weight: 400;\">Toode loodi neile, kes:<\/span><\/p>\n<ul>\n<li style=\"font-weight: 400;\" aria-level=\"1\"><span style=\"font-weight: 400;\">otsivad tuge kaalulangetamise protsessis<\/span><\/li>\n<li style=\"font-weight: 400;\" aria-level=\"1\"><span style=\"font-weight: 400;\">otsivad alternatiivi tablettidele\/kapslitele<\/span><\/li>\n<li style=\"font-weight: 400;\" aria-level=\"1\"><span style=\"font-weight: 400;\">\u00a0vajavad rohkem energiat<\/span><\/li>\n<li style=\"font-weight: 400;\" aria-level=\"1\"><span style=\"font-weight: 400;\">eelistavad suure toimeainesisaldusega ja mitmesuunalise toimega tooteid<\/span><\/li>\n<\/ul>\n","protected":false},"excerpt":{"rendered":"<p><span style=\"font-weight: 400;\">Kaalulangetamise protsessi toetavad kihisevad tabletid<\/span><span style=\"font-weight: 400;\"><br \/>\n<\/span><span style=\"font-weight: 400;\">20 tabletti<\/span><\/p>\n<p><span style=\"font-weight: 400;\">FizzBurn on toidulisand, mis on loodud inimestele, kes otsivad salenemisprotsessis abi. Mugavuse huvides tuleb see apelsinimaitseliste kihisevate tablettidena, mis mitte ainult ei muuda selle v\u00f5tmist lihtsaks, vaid v\u00f5imaldab tagada ka t\u00e4iendava niisutuse. Preparaat sisaldab kasulike omadustega tauriini \u2013 nt. m\u00f5ju sooritusv\u00f5imele ja rasvap\u00f5letusprotsessile f\u00fc\u00fcsilise koormuse ajal. \u00dclej\u00e4\u00e4nud koostisosad toetavad lihaste n\u00f5uetekohast talitlust, aitavad v\u00e4hendada v\u00e4simust ja kurnatust ning hoiavad energia ainevahetust \u00f5igel tasemel.<\/span><\/p>\n","protected":false},"featured_media":223668,"template":"","meta":[],"product_cat":[85],"product_tag":[],"class_list":{"0":"post-109757","1":"product","2":"type-product","3":"status-publish","4":"has-post-thumbnail","6":"product_cat-well-being-et","8":"first","9":"instock","10":"shipping-taxable","11":"purchasable","12":"product-type-simple"},"_links":{"self":[{"href":"https:\/\/eu.nutramarket.net\/et\/wp-json\/wp\/v2\/product\/109757","targetHints":{"allow":["GET"]}}],"collection":[{"href":"https:\/\/eu.nutramarket.net\/et\/wp-json\/wp\/v2\/product"}],"about":[{"href":"https:\/\/eu.nutramarket.net\/et\/wp-json\/wp\/v2\/types\/product"}],"wp:featuredmedia":[{"embeddable":true,"href":"https:\/\/eu.nutramarket.net\/et\/wp-json\/wp\/v2\/media\/223668"}],"wp:attachment":[{"href":"https:\/\/eu.nutramarket.net\/et\/wp-json\/wp\/v2\/media?parent=109757"}],"wp:term":[{"taxonomy":"product_cat","embeddable":true,"href":"https:\/\/eu.nutramarket.net\/et\/wp-json\/wp\/v2\/product_cat?post=109757"},{"taxonomy":"product_tag","embeddable":true,"href":"https:\/\/eu.nutramarket.net\/et\/wp-json\/wp\/v2\/product_tag?post=109757"}],"curies":[{"name":"wp","href":"https:\/\/api.w.org\/{rel}","templated":true}]}}