{"id":109765,"date":"2023-05-09T13:48:28","date_gmt":"2023-05-09T11:48:28","guid":{"rendered":"https:\/\/eu.nutramarket.net\/product\/yeslashes\/"},"modified":"2023-10-20T15:49:18","modified_gmt":"2023-10-20T13:49:18","slug":"yeslashes","status":"publish","type":"product","link":"https:\/\/eu.nutramarket.net\/et\/toode\/yeslashes\/","title":{"rendered":"YESlashes"},"content":{"rendered":"<p><span style=\"font-weight: 400;\">Toode loodi neile, kes:<\/span><\/p>\n<ul>\n<li style=\"font-weight: 400;\" aria-level=\"1\"><span style=\"font-weight: 400;\">soovivad ripsmete ja kulmude kiiremat kasvu,<\/span><\/li>\n<li style=\"font-weight: 400;\" aria-level=\"1\"><span style=\"font-weight: 400;\">tahavad ripsmeid ja kulme tihendada,<\/span><\/li>\n<li style=\"font-weight: 400;\" aria-level=\"1\"><span style=\"font-weight: 400;\">lihtsalt ja mugavalt kosmeetikatooteid kasutada,<\/span><\/li>\n<li style=\"font-weight: 400;\" aria-level=\"1\"><span style=\"font-weight: 400;\">on tundlikud silmad ja kannavad kontaktl\u00e4\u00e4tsi.<\/span><\/li>\n<\/ul>\n","protected":false},"excerpt":{"rendered":"<p><span style=\"font-weight: 400;\">Geel ripsmete ja kulmude kasvatamiseks<\/span><span style=\"font-weight: 400;\"><br \/>\n<\/span><span style=\"font-weight: 400;\">10 ml<\/span><\/p>\n<p><span style=\"font-weight: 400;\">YESlashes on geeli kujul olev palsam neile, kes soovivad toetada oma ripsmete ja kulmude kasvu. Toimeained on valitud selleks, et stimuleerida juukseid kiiremini kasvama. Lisaks v\u00f5ib palsami toime aidata kulme ja ripsmeid tihendada ning neid tumedamaks muuta. T\u00e4nu sellele saab v\u00e4limus ilme ja n\u00e4gu iseloomu. Pakend meenutab traditsioonilist ripsmetu\u0161\u0161i, mis lihtsustab geeli kasutamist.<\/span><\/p>\n","protected":false},"featured_media":14048,"template":"","meta":[],"product_cat":[78],"product_tag":[],"class_list":{"0":"post-109765","1":"product","2":"type-product","3":"status-publish","4":"has-post-thumbnail","6":"product_cat-beauty-et","8":"first","9":"instock","10":"shipping-taxable","11":"purchasable","12":"product-type-simple"},"_links":{"self":[{"href":"https:\/\/eu.nutramarket.net\/et\/wp-json\/wp\/v2\/product\/109765","targetHints":{"allow":["GET"]}}],"collection":[{"href":"https:\/\/eu.nutramarket.net\/et\/wp-json\/wp\/v2\/product"}],"about":[{"href":"https:\/\/eu.nutramarket.net\/et\/wp-json\/wp\/v2\/types\/product"}],"wp:featuredmedia":[{"embeddable":true,"href":"https:\/\/eu.nutramarket.net\/et\/wp-json\/wp\/v2\/media\/14048"}],"wp:attachment":[{"href":"https:\/\/eu.nutramarket.net\/et\/wp-json\/wp\/v2\/media?parent=109765"}],"wp:term":[{"taxonomy":"product_cat","embeddable":true,"href":"https:\/\/eu.nutramarket.net\/et\/wp-json\/wp\/v2\/product_cat?post=109765"},{"taxonomy":"product_tag","embeddable":true,"href":"https:\/\/eu.nutramarket.net\/et\/wp-json\/wp\/v2\/product_tag?post=109765"}],"curies":[{"name":"wp","href":"https:\/\/api.w.org\/{rel}","templated":true}]}}