{"id":109774,"date":"2023-05-09T13:45:46","date_gmt":"2023-05-09T11:45:46","guid":{"rendered":"https:\/\/eu.nutramarket.net\/product\/perfecto-cream\/"},"modified":"2023-10-20T15:45:55","modified_gmt":"2023-10-20T13:45:55","slug":"perfecto-cream","status":"publish","type":"product","link":"https:\/\/eu.nutramarket.net\/et\/toode\/perfecto-cream\/","title":{"rendered":"Perfecto Cream"},"content":{"rendered":"<p><span style=\"font-weight: 400;\">Toode loodi neile, kes:<\/span><\/p>\n<ul>\n<li style=\"font-weight: 400;\" aria-level=\"1\"><span style=\"font-weight: 400;\">soovivad igak\u00fclgselt hoolitseda tselluliidilise naha eest,<\/span><\/li>\n<li style=\"font-weight: 400;\" aria-level=\"1\"><span style=\"font-weight: 400;\">soovivad parandada oma naha v\u00e4limust ja seisundit,<\/span><\/li>\n<li style=\"font-weight: 400;\" aria-level=\"1\"><span style=\"font-weight: 400;\">kurdavad liigse keharasva \u00fcle.<\/span><\/li>\n<\/ul>\n","protected":false},"excerpt":{"rendered":"<p><span style=\"font-weight: 400;\">Hoolitsev ja pinguldav ihupiim<\/span><span style=\"font-weight: 400;\"><br \/>\n<\/span><span style=\"font-weight: 400;\">200 ml<\/span><\/p>\n<p><span style=\"font-weight: 400;\">Perfecto Cream on palsam k\u00f5igile, kes hoolivad kehahooldusest ja selle heast seisukorrast. Palsami oluline aspekt on selle kasulik toime tselluliidi v\u00e4hendamisele. Sellel on toetav toime liigsest keharasvast vabanemisel. Koostisosade rohkus tagab nahahoolduse terveks p\u00e4evaks. Sellele vaatamata on toote konsistents \u00f5rn ja imendub kiiresti, mis t\u00e4hendab, et palsamit saab kasutada hommikul ja \u00f5htul.<\/span><\/p>\n","protected":false},"featured_media":13954,"template":"","meta":[],"product_cat":[78],"product_tag":[],"class_list":{"0":"post-109774","1":"product","2":"type-product","3":"status-publish","4":"has-post-thumbnail","6":"product_cat-beauty-et","8":"first","9":"instock","10":"shipping-taxable","11":"purchasable","12":"product-type-simple"},"_links":{"self":[{"href":"https:\/\/eu.nutramarket.net\/et\/wp-json\/wp\/v2\/product\/109774","targetHints":{"allow":["GET"]}}],"collection":[{"href":"https:\/\/eu.nutramarket.net\/et\/wp-json\/wp\/v2\/product"}],"about":[{"href":"https:\/\/eu.nutramarket.net\/et\/wp-json\/wp\/v2\/types\/product"}],"wp:featuredmedia":[{"embeddable":true,"href":"https:\/\/eu.nutramarket.net\/et\/wp-json\/wp\/v2\/media\/13954"}],"wp:attachment":[{"href":"https:\/\/eu.nutramarket.net\/et\/wp-json\/wp\/v2\/media?parent=109774"}],"wp:term":[{"taxonomy":"product_cat","embeddable":true,"href":"https:\/\/eu.nutramarket.net\/et\/wp-json\/wp\/v2\/product_cat?post=109774"},{"taxonomy":"product_tag","embeddable":true,"href":"https:\/\/eu.nutramarket.net\/et\/wp-json\/wp\/v2\/product_tag?post=109774"}],"curies":[{"name":"wp","href":"https:\/\/api.w.org\/{rel}","templated":true}]}}