{"id":109783,"date":"2023-05-09T13:30:08","date_gmt":"2023-05-09T11:30:08","guid":{"rendered":"https:\/\/eu.nutramarket.net\/product\/trichomist-forte\/"},"modified":"2023-10-20T15:48:10","modified_gmt":"2023-10-20T13:48:10","slug":"trichomist-forte","status":"publish","type":"product","link":"https:\/\/eu.nutramarket.net\/et\/toode\/trichomist-forte\/","title":{"rendered":"Trichomist Forte"},"content":{"rendered":"<p><span style=\"font-weight: 400;\">Toode on loodud neile, kellel on probleeme:<\/span><\/p>\n<ul>\n<li style=\"font-weight: 400;\" aria-level=\"1\"><span style=\"font-weight: 400;\">juuste v\u00e4ljalangemisega,<\/span><\/li>\n<li style=\"font-weight: 400;\" aria-level=\"1\"><span style=\"font-weight: 400;\">h\u00f5redate juustega,<\/span><\/li>\n<li style=\"font-weight: 400;\" aria-level=\"1\"><span style=\"font-weight: 400;\">rasuse peanahaga,<\/span><\/li>\n<li style=\"font-weight: 400;\" aria-level=\"1\"><span style=\"font-weight: 400;\">ebatervete juustega,<\/span><\/li>\n<li style=\"font-weight: 400;\" aria-level=\"1\"><span style=\"font-weight: 400;\">vastuv\u00f5tlikkusega mehaanilistele kahjustustele.<\/span><\/li>\n<\/ul>\n","protected":false},"excerpt":{"rendered":"<p><span style=\"font-weight: 400;\">Juuksekasvu stimuleeriv sprei<\/span><span style=\"font-weight: 400;\"><br \/>\n<\/span><span style=\"font-weight: 400;\">50 ml<\/span><\/p>\n<p><span style=\"font-weight: 400;\">Trichomist Forte on sprei kujul olev kosmeetikavahend, mis on m\u00f5eldud inimestele, kes kurdavad liigse juuste v\u00e4ljalangemise \u00fcle. T\u00e4nu aktiivsete koostisosade rikkalikkusele avaldab toode juustele soodsat m\u00f5ju, kiirendades nende kasvu ja ennetades juuste v\u00e4ljalangemist. Lisaks suurendab see juuste mahtu, tugevdab neid, annab neile terve v\u00e4limuse ja s\u00e4ra.<\/span><\/p>\n","protected":false},"featured_media":13951,"template":"","meta":[],"product_cat":[78],"product_tag":[],"class_list":{"0":"post-109783","1":"product","2":"type-product","3":"status-publish","4":"has-post-thumbnail","6":"product_cat-beauty-et","8":"first","9":"instock","10":"shipping-taxable","11":"purchasable","12":"product-type-simple"},"_links":{"self":[{"href":"https:\/\/eu.nutramarket.net\/et\/wp-json\/wp\/v2\/product\/109783","targetHints":{"allow":["GET"]}}],"collection":[{"href":"https:\/\/eu.nutramarket.net\/et\/wp-json\/wp\/v2\/product"}],"about":[{"href":"https:\/\/eu.nutramarket.net\/et\/wp-json\/wp\/v2\/types\/product"}],"wp:featuredmedia":[{"embeddable":true,"href":"https:\/\/eu.nutramarket.net\/et\/wp-json\/wp\/v2\/media\/13951"}],"wp:attachment":[{"href":"https:\/\/eu.nutramarket.net\/et\/wp-json\/wp\/v2\/media?parent=109783"}],"wp:term":[{"taxonomy":"product_cat","embeddable":true,"href":"https:\/\/eu.nutramarket.net\/et\/wp-json\/wp\/v2\/product_cat?post=109783"},{"taxonomy":"product_tag","embeddable":true,"href":"https:\/\/eu.nutramarket.net\/et\/wp-json\/wp\/v2\/product_tag?post=109783"}],"curies":[{"name":"wp","href":"https:\/\/api.w.org\/{rel}","templated":true}]}}