{"id":109791,"date":"2023-04-19T07:58:37","date_gmt":"2023-04-19T05:58:37","guid":{"rendered":"https:\/\/eu.nutramarket.net\/product\/dr-merritz\/"},"modified":"2024-04-24T15:00:19","modified_gmt":"2024-04-24T13:00:19","slug":"dr-merritz","status":"publish","type":"product","link":"https:\/\/eu.nutramarket.net\/et\/toode\/dr-merritz\/","title":{"rendered":"Dr. Merritz"},"content":{"rendered":"<p><span style=\"font-weight: 400;\">Toode loodi neile, kes:\u00a0<\/span><\/p>\n<ul>\n<li style=\"font-weight: 400;\" aria-level=\"1\"><span style=\"font-weight: 400;\">tahavad oma k\u00fc\u00fcsi taastada ja tugevdada<\/span><\/li>\n<li style=\"font-weight: 400;\" aria-level=\"1\"><span style=\"font-weight: 400;\">soovivad oma k\u00fc\u00fcnte seisukorda parandada<\/span><\/li>\n<li style=\"font-weight: 400;\" aria-level=\"1\"><span style=\"font-weight: 400;\">tahavad parandada k\u00fc\u00fcnte vastupidavust mehaanilistele kahjustustele<\/span><\/li>\n<li style=\"font-weight: 400;\" aria-level=\"1\"><span style=\"font-weight: 400;\">soovivad saada l\u00e4ikivad ja siledad k\u00fc\u00fcned<\/span><\/li>\n<li style=\"font-weight: 400;\" aria-level=\"1\"><span style=\"font-weight: 400;\">tahavad aidata kaasa k\u00fc\u00fcneplaadi kasvule<\/span><\/li>\n<li style=\"font-weight: 400;\" aria-level=\"1\"><span style=\"font-weight: 400;\">otsivad toodet, millel on lisaks hooldusele ka antibakteriaalsed ja seenevastased omadused<\/span><\/li>\n<\/ul>\n","protected":false},"excerpt":{"rendered":"<p><span style=\"font-weight: 400;\">Antimikroobsete omadustega taastav palsam kahjustatud k\u00fc\u00fcntele<\/span><span style=\"font-weight: 400;\"><br \/>\n<\/span><span style=\"font-weight: 400;\">5 ml<\/span><\/p>\n<p><span style=\"font-weight: 400;\">Dr. Merritz on mugavas k\u00fc\u00fcnelaki vormis palsam. See on loodud neile, kellel on probleeme k\u00e4e- ja varbak\u00fc\u00fcntega. Lakil on antibakteriaalsed ja seenevastased omadused. Seda saab kasutada ka k\u00fc\u00fcnte seisundi parandamiseks, taastamiseks ja tugevdamiseks. Kasutamise tulemuseks v\u00f5ib olla l\u00e4ikivad ja siledad k\u00fc\u00fcned.<\/span><\/p>\n","protected":false},"featured_media":190332,"template":"","meta":[],"product_cat":[78],"product_tag":[],"class_list":{"0":"post-109791","1":"product","2":"type-product","3":"status-publish","4":"has-post-thumbnail","6":"product_cat-beauty-et","8":"first","9":"instock","10":"shipping-taxable","11":"purchasable","12":"product-type-simple"},"_links":{"self":[{"href":"https:\/\/eu.nutramarket.net\/et\/wp-json\/wp\/v2\/product\/109791","targetHints":{"allow":["GET"]}}],"collection":[{"href":"https:\/\/eu.nutramarket.net\/et\/wp-json\/wp\/v2\/product"}],"about":[{"href":"https:\/\/eu.nutramarket.net\/et\/wp-json\/wp\/v2\/types\/product"}],"wp:featuredmedia":[{"embeddable":true,"href":"https:\/\/eu.nutramarket.net\/et\/wp-json\/wp\/v2\/media\/190332"}],"wp:attachment":[{"href":"https:\/\/eu.nutramarket.net\/et\/wp-json\/wp\/v2\/media?parent=109791"}],"wp:term":[{"taxonomy":"product_cat","embeddable":true,"href":"https:\/\/eu.nutramarket.net\/et\/wp-json\/wp\/v2\/product_cat?post=109791"},{"taxonomy":"product_tag","embeddable":true,"href":"https:\/\/eu.nutramarket.net\/et\/wp-json\/wp\/v2\/product_tag?post=109791"}],"curies":[{"name":"wp","href":"https:\/\/api.w.org\/{rel}","templated":true}]}}