{"id":120036,"date":"2023-12-13T14:58:32","date_gmt":"2023-12-13T13:58:32","guid":{"rendered":"https:\/\/eu.nutramarket.net\/?post_type=product&#038;p=120036"},"modified":"2024-02-14T14:50:21","modified_gmt":"2024-02-14T13:50:21","slug":"vitasimil","status":"publish","type":"product","link":"https:\/\/eu.nutramarket.net\/et\/toode\/vitasimil\/","title":{"rendered":"VITASIMIL"},"content":{"rendered":"<p><b>Toode loodi neile, kes:<\/b><\/p>\n<ul>\n<li style=\"font-weight: 400;\" aria-level=\"1\"><span style=\"font-weight: 400;\">otsivad tuge kaalu langetamisel,<\/span><\/li>\n<li style=\"font-weight: 400;\" aria-level=\"1\"><span style=\"font-weight: 400;\">kellele meeldivad uued tootevormid,<\/span><\/li>\n<li style=\"font-weight: 400;\" aria-level=\"1\"><span style=\"font-weight: 400;\">ootavad tootelt mitmek\u00fclgset toimet,\u00a0<\/span><\/li>\n<li style=\"font-weight: 400;\" aria-level=\"1\"><span style=\"font-weight: 400;\">soovivad toetada lipiidide ja s\u00fcsivesikute ainevahetust,<\/span><\/li>\n<li style=\"font-weight: 400;\" aria-level=\"1\"><span style=\"font-weight: 400;\">soovivad s\u00e4ilitada \u00f5ige veresuhkru taseme,<\/span><\/li>\n<li style=\"font-weight: 400;\" aria-level=\"1\"><span style=\"font-weight: 400;\">soovivad s\u00e4ilitada hea f\u00fc\u00fcsilise enesetunde,<\/span><\/li>\n<li style=\"font-weight: 400;\" aria-level=\"1\"><span style=\"font-weight: 400;\">tahavad toetada seedimist.<\/span><\/li>\n<\/ul>\n","protected":false},"excerpt":{"rendered":"<p><span style=\"font-weight: 400;\">Kehakaalu langetamise protsessi toetavad kihisevad tabletid<\/span><\/p>\n<p><span style=\"font-weight: 400;\">\u00a0<\/span><\/p>\n<p><span style=\"font-weight: 400;\">14 kotikest<\/span><\/p>\n<p><span style=\"font-weight: 400;\">\u00a0<\/span><\/p>\n<p><span style=\"font-weight: 400;\">Vitasimil on toidulisand, mis on loodud inimestele, kes otsivad tuge kehakaalu langetamisel. See tuleb uuendusliku pulbrivormina, mida saab lisada oma lemmiksmuutile, jogurtile v\u00f5i mahlale. Selles sisalduvad toimeained on m\u00f5eldud toetama keha lipiidide (rasvade) ja s\u00fcsivesikute metabolismi protsessis. Koostises sisalduvad kiudained reguleerivad seedimist.<\/span><\/p>\n","protected":false},"featured_media":120051,"template":"","meta":[],"product_cat":[85],"product_tag":[],"class_list":{"0":"post-120036","1":"product","2":"type-product","3":"status-publish","4":"has-post-thumbnail","6":"product_cat-well-being-et","8":"first","9":"instock","10":"shipping-taxable","11":"purchasable","12":"product-type-simple"},"_links":{"self":[{"href":"https:\/\/eu.nutramarket.net\/et\/wp-json\/wp\/v2\/product\/120036","targetHints":{"allow":["GET"]}}],"collection":[{"href":"https:\/\/eu.nutramarket.net\/et\/wp-json\/wp\/v2\/product"}],"about":[{"href":"https:\/\/eu.nutramarket.net\/et\/wp-json\/wp\/v2\/types\/product"}],"wp:featuredmedia":[{"embeddable":true,"href":"https:\/\/eu.nutramarket.net\/et\/wp-json\/wp\/v2\/media\/120051"}],"wp:attachment":[{"href":"https:\/\/eu.nutramarket.net\/et\/wp-json\/wp\/v2\/media?parent=120036"}],"wp:term":[{"taxonomy":"product_cat","embeddable":true,"href":"https:\/\/eu.nutramarket.net\/et\/wp-json\/wp\/v2\/product_cat?post=120036"},{"taxonomy":"product_tag","embeddable":true,"href":"https:\/\/eu.nutramarket.net\/et\/wp-json\/wp\/v2\/product_tag?post=120036"}],"curies":[{"name":"wp","href":"https:\/\/api.w.org\/{rel}","templated":true}]}}