{"id":120075,"date":"2023-12-18T12:32:21","date_gmt":"2023-12-18T11:32:21","guid":{"rendered":"https:\/\/eu.nutramarket.net\/?post_type=product&#038;p=120075"},"modified":"2023-12-18T14:01:55","modified_gmt":"2023-12-18T13:01:55","slug":"venicoldgel","status":"publish","type":"product","link":"https:\/\/eu.nutramarket.net\/et\/toode\/venicoldgel\/","title":{"rendered":"Venicold Gel"},"content":{"rendered":"<p><strong>Toode on v\u00e4lja t\u00f6\u00f6tatud meestele, kes soovivad:<\/strong><\/p>\n<ul>\n<li style=\"font-weight: 400;\" aria-level=\"1\"><span style=\"font-weight: 400;\">s\u00e4ilitada seksuaalse aktiivsuse<\/span><\/li>\n<li style=\"font-weight: 400;\" aria-level=\"1\"><span style=\"font-weight: 400;\">toetada spermatogeneesi \u00f5iget kulgu<\/span><\/li>\n<li style=\"font-weight: 400;\" aria-level=\"1\"><span style=\"font-weight: 400;\">toetada f\u00fc\u00fcsilist ja vaimset vormi<\/span><\/li>\n<li style=\"font-weight: 400;\" aria-level=\"1\"><span style=\"font-weight: 400;\">igak\u00fclgselt hoolitseda tervise ja eluj\u00f5u eest<\/span><\/li>\n<\/ul>\n","protected":false},"excerpt":{"rendered":"<p><span style=\"font-weight: 400;\">Hoolivate ja jahutavate omadustega geel jaladele<\/span><\/p>\n<p><span style=\"font-weight: 400;\">150 ml<\/span><\/p>\n<p><span style=\"font-weight: 400;\">Venicold Gel on geel, mis t\u00e4nu rikkalikele aktiivsetele koostisosadele avaldab nahale mitmeid kasulikke toimeid. Preparaat suurep\u00e4raselt toidab ja l\u00f5dvestab nahka ning m\u00f5jub jahutavalt ja rahustavalt. Lisaks v\u00f5ib toode leevendada v\u00e4sinud jalgu. Geeli v\u00f5ib kasutada nii aeg-ajalt kui ka regulaarselt.<\/span><\/p>\n","protected":false},"featured_media":120082,"template":"","meta":[],"product_cat":[85],"product_tag":[],"class_list":{"0":"post-120075","1":"product","2":"type-product","3":"status-publish","4":"has-post-thumbnail","6":"product_cat-well-being-et","8":"first","9":"instock","10":"shipping-taxable","11":"purchasable","12":"product-type-simple"},"_links":{"self":[{"href":"https:\/\/eu.nutramarket.net\/et\/wp-json\/wp\/v2\/product\/120075","targetHints":{"allow":["GET"]}}],"collection":[{"href":"https:\/\/eu.nutramarket.net\/et\/wp-json\/wp\/v2\/product"}],"about":[{"href":"https:\/\/eu.nutramarket.net\/et\/wp-json\/wp\/v2\/types\/product"}],"wp:featuredmedia":[{"embeddable":true,"href":"https:\/\/eu.nutramarket.net\/et\/wp-json\/wp\/v2\/media\/120082"}],"wp:attachment":[{"href":"https:\/\/eu.nutramarket.net\/et\/wp-json\/wp\/v2\/media?parent=120075"}],"wp:term":[{"taxonomy":"product_cat","embeddable":true,"href":"https:\/\/eu.nutramarket.net\/et\/wp-json\/wp\/v2\/product_cat?post=120075"},{"taxonomy":"product_tag","embeddable":true,"href":"https:\/\/eu.nutramarket.net\/et\/wp-json\/wp\/v2\/product_tag?post=120075"}],"curies":[{"name":"wp","href":"https:\/\/api.w.org\/{rel}","templated":true}]}}