{"id":190183,"date":"2023-04-19T15:58:02","date_gmt":"2023-04-19T13:58:02","guid":{"rendered":"https:\/\/eu.nutramarket.net\/product\/vidia-oil\/"},"modified":"2024-02-15T17:41:59","modified_gmt":"2024-02-15T16:41:59","slug":"vidia-oil","status":"publish","type":"product","link":"https:\/\/eu.nutramarket.net\/et\/toode\/vidia-oil\/","title":{"rendered":"Vidia Oil"},"content":{"rendered":"<p><b>Toode loodi neile, kes:\u00a0<\/b><\/p>\n<ul>\n<li style=\"font-weight: 400;\" aria-level=\"1\"><span style=\"font-weight: 400;\">tahavad oma kuulmise eest hoolt kanda<\/span><\/li>\n<li style=\"font-weight: 400;\" aria-level=\"1\"><span style=\"font-weight: 400;\">tahavad hoolitseda oma s\u00fcdame-veresoonkonna s\u00fcsteemi eest\u00a0<\/span><\/li>\n<li style=\"font-weight: 400;\" aria-level=\"1\"><span style=\"font-weight: 400;\">soovivad kolesteroolitaset paremini kontrolli all hoida<\/span><\/li>\n<li style=\"font-weight: 400;\" aria-level=\"1\"><span style=\"font-weight: 400;\">tahavad immuuns\u00fcsteemi toetada<\/span><\/li>\n<li style=\"font-weight: 400;\" aria-level=\"1\"><span style=\"font-weight: 400;\">tahavad oma tuju parandada\u00a0\u00a0<\/span><\/li>\n<\/ul>\n<p>&nbsp;<\/p>\n","protected":false},"excerpt":{"rendered":"<p>Tervist edendava toimega toidulisand tilkade kujul<br \/>\n10 g<\/p>\n<p><span style=\"font-weight: 400;\">Vidia Oil on \u00f5li, mis on m\u00f5eldud eelk\u00f5ige inimestele, kes soovivad oma kuulmise eest hoolt kanda. <\/span><span style=\"font-weight: 400;\">T\u00e4nu kanepiseemne\u00f5li sisaldusele avaldab see soodsat m\u00f5ju s\u00fcdame-veresoonkonnale ning m\u00f5jub rahustavalt ja l\u00f5\u00f5gastavalt. See parandab kuulmist, sest kogu keha ei puutu kokku stressiga. \u00d5li toetab ka immuuns\u00fcsteemi n\u00f5uetekohast toimimist.\u00a0<\/span><\/p>\n","protected":false},"featured_media":190180,"template":"","meta":[],"product_cat":[85],"product_tag":[],"class_list":{"0":"post-190183","1":"product","2":"type-product","3":"status-publish","4":"has-post-thumbnail","6":"product_cat-well-being-et","8":"first","9":"instock","10":"shipping-taxable","11":"purchasable","12":"product-type-simple"},"_links":{"self":[{"href":"https:\/\/eu.nutramarket.net\/et\/wp-json\/wp\/v2\/product\/190183","targetHints":{"allow":["GET"]}}],"collection":[{"href":"https:\/\/eu.nutramarket.net\/et\/wp-json\/wp\/v2\/product"}],"about":[{"href":"https:\/\/eu.nutramarket.net\/et\/wp-json\/wp\/v2\/types\/product"}],"wp:featuredmedia":[{"embeddable":true,"href":"https:\/\/eu.nutramarket.net\/et\/wp-json\/wp\/v2\/media\/190180"}],"wp:attachment":[{"href":"https:\/\/eu.nutramarket.net\/et\/wp-json\/wp\/v2\/media?parent=190183"}],"wp:term":[{"taxonomy":"product_cat","embeddable":true,"href":"https:\/\/eu.nutramarket.net\/et\/wp-json\/wp\/v2\/product_cat?post=190183"},{"taxonomy":"product_tag","embeddable":true,"href":"https:\/\/eu.nutramarket.net\/et\/wp-json\/wp\/v2\/product_tag?post=190183"}],"curies":[{"name":"wp","href":"https:\/\/api.w.org\/{rel}","templated":true}]}}