{"id":190199,"date":"2024-02-15T18:08:16","date_gmt":"2024-02-15T17:08:16","guid":{"rendered":"https:\/\/eu.nutramarket.net\/product\/mifastin\/"},"modified":"2024-04-19T14:33:48","modified_gmt":"2024-04-19T12:33:48","slug":"mifastin","status":"publish","type":"product","link":"https:\/\/eu.nutramarket.net\/et\/toode\/mifastin\/","title":{"rendered":"Mifastin"},"content":{"rendered":"<p><b>Toode loodi neile, kes:\u00a0<\/b><\/p>\n<ul>\n<li style=\"font-weight: 400;\" aria-level=\"1\"><span style=\"font-weight: 400;\">on ketogeensel dieedil \u2013 kapr\u00fc\u00fclhape v\u00f5ib toetada ketokehade tootmist\u00a0<\/span><\/li>\n<li style=\"font-weight: 400;\" aria-level=\"1\"><span style=\"font-weight: 400;\">need v\u00f5itlevad seennakkuste, eriti <\/span><i><span style=\"font-weight: 400;\">Candida<\/span><\/i><span style=\"font-weight: 400;\"> p\u00e4rmseente p\u00f5hjustatud infektsioonidega\u00a0<\/span><\/li>\n<li style=\"font-weight: 400;\" aria-level=\"1\"><span style=\"font-weight: 400;\">v\u00f5itlevad seedeprobleemidega\u00a0<\/span><\/li>\n<li style=\"font-weight: 400;\" aria-level=\"1\"><span style=\"font-weight: 400;\">ja suurenenud magusaisuga\u00a0\u00a0\u00a0\u00a0<\/span><\/li>\n<\/ul>\n","protected":false},"excerpt":{"rendered":"<p><span style=\"font-weight: 400;\">Ketogeenset dieeti toetavad kapslid<\/span><\/p>\n<p>&nbsp;<\/p>\n<p><span style=\"font-weight: 400;\">60 tabletti<\/span><\/p>\n<p>&nbsp;<\/p>\n<p><span style=\"font-weight: 400;\">Mifasting on toidulisand, mis loodi inimestele, kes soovivad ketogeense dieedi ajal oma keha eest hoolitseda. Kapslid on rikkad koostisainete poolest, mis \u00fchest k\u00fcljest aitavad tagada ketoosi \u00f5iget kulgu, aga toetab ka p\u00e4rmseente, seente ja bakteritega kokkupuutuva seedetrakti t\u00f6\u00f6d. Samuti aitavad need tugevdada keha loomulikku kaitsev\u00f5imet ja eluj\u00f5udu.\u00a0<\/span><\/p>\n","protected":false},"featured_media":190308,"template":"","meta":[],"product_cat":[85],"product_tag":[],"class_list":{"0":"post-190199","1":"product","2":"type-product","3":"status-publish","4":"has-post-thumbnail","6":"product_cat-well-being-et","8":"first","9":"instock","10":"shipping-taxable","11":"purchasable","12":"product-type-simple"},"_links":{"self":[{"href":"https:\/\/eu.nutramarket.net\/et\/wp-json\/wp\/v2\/product\/190199","targetHints":{"allow":["GET"]}}],"collection":[{"href":"https:\/\/eu.nutramarket.net\/et\/wp-json\/wp\/v2\/product"}],"about":[{"href":"https:\/\/eu.nutramarket.net\/et\/wp-json\/wp\/v2\/types\/product"}],"wp:featuredmedia":[{"embeddable":true,"href":"https:\/\/eu.nutramarket.net\/et\/wp-json\/wp\/v2\/media\/190308"}],"wp:attachment":[{"href":"https:\/\/eu.nutramarket.net\/et\/wp-json\/wp\/v2\/media?parent=190199"}],"wp:term":[{"taxonomy":"product_cat","embeddable":true,"href":"https:\/\/eu.nutramarket.net\/et\/wp-json\/wp\/v2\/product_cat?post=190199"},{"taxonomy":"product_tag","embeddable":true,"href":"https:\/\/eu.nutramarket.net\/et\/wp-json\/wp\/v2\/product_tag?post=190199"}],"curies":[{"name":"wp","href":"https:\/\/api.w.org\/{rel}","templated":true}]}}