{"id":190227,"date":"2024-03-06T15:32:03","date_gmt":"2024-03-06T14:32:03","guid":{"rendered":"https:\/\/eu.nutramarket.net\/product\/nightbeast\/"},"modified":"2024-03-06T15:58:47","modified_gmt":"2024-03-06T14:58:47","slug":"nightbeast","status":"publish","type":"product","link":"https:\/\/eu.nutramarket.net\/et\/toode\/nightbeast\/","title":{"rendered":"Night Beast"},"content":{"rendered":"<p><b>Toode on v\u00e4lja t\u00f6\u00f6tatud meestele, kes soovivad:\u00a0<\/b><\/p>\n<ul>\n<li style=\"font-weight: 400;\" aria-level=\"1\"><span style=\"font-weight: 400;\">pikendada erektsiooni kestust,<\/span><\/li>\n<li style=\"font-weight: 400;\" aria-level=\"1\"><span style=\"font-weight: 400;\">stimuleerida peenise kasvu,<\/span><\/li>\n<li style=\"font-weight: 400;\" aria-level=\"1\"><span style=\"font-weight: 400;\">parandada oma peenise v\u00e4limust,<\/span><\/li>\n<li style=\"font-weight: 400;\" aria-level=\"1\"><span style=\"font-weight: 400;\">toita ja tugevdada intiimpiirkonna nahka<\/span><\/li>\n<li style=\"font-weight: 400;\" aria-level=\"1\"><span style=\"font-weight: 400;\">vahekorra ajal intiimpiirkondi stimuleerida ja sensibiliseerida.<\/span><\/li>\n<\/ul>\n","protected":false},"excerpt":{"rendered":"<p><span style=\"font-weight: 400;\">Intiimkreem meestele, kes soovivad aistinguid tugevdada<\/span><\/p>\n<p><span style=\"font-weight: 400;\">\u00a0<\/span><\/p>\n<p><span style=\"font-weight: 400;\">150 ml<\/span><\/p>\n<p><span style=\"font-weight: 400;\">\u00a0<\/span><\/p>\n<p><span style=\"font-weight: 400;\">Kirjeldus<\/span><\/p>\n<p>&nbsp;<\/p>\n<p><span style=\"font-weight: 400;\">NightBeast on kreem meestele, intiimpiirkondadele. See on m\u00f5eldud k\u00f5igile, kes soovivad vahekorra ajal aistingut tugevdada. Toode v\u00f5imaldab pikendada erektsiooni ning suurendab ka peenist ja parandada \u00fcldiselt selle v\u00e4limust. K\u00f5ik see muudab seksi m\u00f5lema partneri jaoks palju nauditavamaks ja t\u00f5stab oluliselt aktiivsust magamistoas.<\/span><\/p>\n","protected":false},"featured_media":190225,"template":"","meta":[],"product_cat":[85],"product_tag":[],"class_list":{"0":"post-190227","1":"product","2":"type-product","3":"status-publish","4":"has-post-thumbnail","6":"product_cat-well-being-et","8":"first","9":"instock","10":"shipping-taxable","11":"purchasable","12":"product-type-simple"},"_links":{"self":[{"href":"https:\/\/eu.nutramarket.net\/et\/wp-json\/wp\/v2\/product\/190227","targetHints":{"allow":["GET"]}}],"collection":[{"href":"https:\/\/eu.nutramarket.net\/et\/wp-json\/wp\/v2\/product"}],"about":[{"href":"https:\/\/eu.nutramarket.net\/et\/wp-json\/wp\/v2\/types\/product"}],"wp:featuredmedia":[{"embeddable":true,"href":"https:\/\/eu.nutramarket.net\/et\/wp-json\/wp\/v2\/media\/190225"}],"wp:attachment":[{"href":"https:\/\/eu.nutramarket.net\/et\/wp-json\/wp\/v2\/media?parent=190227"}],"wp:term":[{"taxonomy":"product_cat","embeddable":true,"href":"https:\/\/eu.nutramarket.net\/et\/wp-json\/wp\/v2\/product_cat?post=190227"},{"taxonomy":"product_tag","embeddable":true,"href":"https:\/\/eu.nutramarket.net\/et\/wp-json\/wp\/v2\/product_tag?post=190227"}],"curies":[{"name":"wp","href":"https:\/\/api.w.org\/{rel}","templated":true}]}}