{"id":190247,"date":"2024-03-07T12:08:09","date_gmt":"2024-03-07T11:08:09","guid":{"rendered":"https:\/\/eu.nutramarket.net\/product\/luminissa\/"},"modified":"2024-03-07T12:46:11","modified_gmt":"2024-03-07T11:46:11","slug":"luminissa","status":"publish","type":"product","link":"https:\/\/eu.nutramarket.net\/et\/toode\/luminissa\/","title":{"rendered":"Luminissa"},"content":{"rendered":"<p><b>Toode loodi neile, kes:<\/b><\/p>\n<ul>\n<li><span style=\"font-weight: 400;\"> \u00a0 <\/span> <span style=\"font-weight: 400;\">Nad tahavad hoolitseda oma ilu eest seestpoolt<\/span><\/li>\n<li><span style=\"font-weight: 400;\"> \u00a0 <\/span> <span style=\"font-weight: 400;\">Nad soovivad oma dieeti t\u00e4iendada antioks\u00fcdantsete omadustega <\/span>\u00a0<span style=\"font-weight: 400;\">koostisosadeg<\/span><\/li>\n<li><span style=\"font-weight: 400;\">\u00a0 Eelistavad multifunktsionaalseid tooteid<\/span><\/li>\n<li>\u00a0 Soovivad toetada keha \u00f5iget niisutust<\/li>\n<\/ul>\n","protected":false},"excerpt":{"rendered":"<p><span style=\"font-weight: 400;\">Kihisevad tabletid aitavad taastada naha ja juuste s\u00e4ra<\/span><\/p>\n<p><span style=\"font-weight: 400;\">20 tabletti<\/span><\/p>\n<p><span style=\"font-weight: 400;\">Luminissa on toidulisand, mis on loodud inimestele, kes soovivad tagada \u00f5ige h\u00fcdratatsioonitaseme, tagades omale seest tuleva ilu. Mugavuse huvides tuleb see apelsinimaitseliste kihisevate tablettidena, mis mitte ainult ei lihtsusta selle manustamist, vaid v\u00f5imaldab saada ka t\u00e4iendava portsu C- ja E-vitamiini. C-vitamiin m\u00f5jutab kollageeni tootmist, et tagada muuhulgas naha n\u00f5uetekohane toimimine ning E-vitamiin toimib t\u00f5husa antioks\u00fcdandina, kaitstes rakke vabade radikaalide kahjulike m\u00f5jude eest, mis on oluline vananemisprotsesside ennetamiseks ja \u00fcldise tervise s\u00e4ilitamiseks. Biotiinil on positiivne m\u00f5ju tervete juuste s\u00e4ilitamisele ning \u00fclej\u00e4\u00e4nud koostisosad t\u00e4iendavad suurep\u00e4raselt toodete koostist, hoolitsedes kogu keha eest.<\/span><\/p>\n","protected":false},"featured_media":190244,"template":"","meta":[],"product_cat":[85],"product_tag":[],"class_list":{"0":"post-190247","1":"product","2":"type-product","3":"status-publish","4":"has-post-thumbnail","6":"product_cat-well-being-et","8":"first","9":"instock","10":"shipping-taxable","11":"purchasable","12":"product-type-simple"},"_links":{"self":[{"href":"https:\/\/eu.nutramarket.net\/et\/wp-json\/wp\/v2\/product\/190247","targetHints":{"allow":["GET"]}}],"collection":[{"href":"https:\/\/eu.nutramarket.net\/et\/wp-json\/wp\/v2\/product"}],"about":[{"href":"https:\/\/eu.nutramarket.net\/et\/wp-json\/wp\/v2\/types\/product"}],"wp:featuredmedia":[{"embeddable":true,"href":"https:\/\/eu.nutramarket.net\/et\/wp-json\/wp\/v2\/media\/190244"}],"wp:attachment":[{"href":"https:\/\/eu.nutramarket.net\/et\/wp-json\/wp\/v2\/media?parent=190247"}],"wp:term":[{"taxonomy":"product_cat","embeddable":true,"href":"https:\/\/eu.nutramarket.net\/et\/wp-json\/wp\/v2\/product_cat?post=190247"},{"taxonomy":"product_tag","embeddable":true,"href":"https:\/\/eu.nutramarket.net\/et\/wp-json\/wp\/v2\/product_tag?post=190247"}],"curies":[{"name":"wp","href":"https:\/\/api.w.org\/{rel}","templated":true}]}}