{"id":190302,"date":"2023-12-13T15:36:49","date_gmt":"2023-12-13T14:36:49","guid":{"rendered":"https:\/\/eu.nutramarket.net\/product\/supritabs\/"},"modified":"2024-04-12T15:53:28","modified_gmt":"2024-04-12T13:53:28","slug":"supritabs","status":"publish","type":"product","link":"https:\/\/eu.nutramarket.net\/et\/toode\/supritabs\/","title":{"rendered":"Supritabs"},"content":{"rendered":"<p><b>Toode loodi neile, kes:\u00a0<\/b><\/p>\n<ul>\n<li style=\"font-weight: 400;\" aria-level=\"1\"><span style=\"font-weight: 400;\">soovivad oma dieeti vitamiinide ja mineraalainetega t\u00e4iendada\u00a0\u00a0<\/span><\/li>\n<li style=\"font-weight: 400;\" aria-level=\"1\"><span style=\"font-weight: 400;\">neil on probleeme tablettide v\u00f5i kapslite neelamisega ja otsivad teist viisi ravimi manustamiseks\u00a0<\/span><\/li>\n<li style=\"font-weight: 400;\" aria-level=\"1\"><span style=\"font-weight: 400;\">\u00a0vajavad rohkem energiat\u00a0<\/span><\/li>\n<li style=\"font-weight: 400;\" aria-level=\"1\"><span style=\"font-weight: 400;\">eelistavad suure toimeainesisaldusega ja mitmesuunalise toimega tooteid\u00a0\u00a0<\/span><\/li>\n<li style=\"font-weight: 400;\" aria-level=\"1\"><span style=\"font-weight: 400;\">soovivad t\u00e4iendavalt toetada keha h\u00fcdratatsiooni (vajadus lahustada tablett klaasit\u00e4ies vees &#8220;sunnib&#8221; jooma v\u00e4hemalt \u00fche klaasi rohkem vett\u00a0\u00a0<\/span><\/li>\n<\/ul>\n","protected":false},"excerpt":{"rendered":"<p><span style=\"font-weight: 400;\">Kihisevad tabletid \u00fcldise heaolu toetamiseks<\/span><\/p>\n<p><span style=\"font-weight: 400;\">20 tabletti<\/span><\/p>\n<p><span style=\"font-weight: 400;\">Supritabs on toidulisand, mis on loodud inimestele, kes otsivad energiat, heaolu ja vitamiinide lisaannust. Mugavuse huvides tuleb see troopikamaitseliste kihisevate tablettidena, mis mitte ainult ei muuda selle v\u00f5tmist lihtsaks, vaid v\u00f5imaldab tagada ka t\u00e4iendava niisutuse. Preparaat sisaldab muu hulgas kaaliumi, millel on kasulikud omadused, toetades n\u00e4rvis\u00fcsteemi ja tagades \u00f5ige verer\u00f5hu. \u00dclej\u00e4\u00e4nud koostisosad (kaltsium, C-vitamiin, magneesium, kroom) toetavad immuuns\u00fcsteemi n\u00f5uetekohast toimimist, energia n\u00f5uetekohast taset ja tagavad hea enesetunde.\u00a0<\/span><\/p>\n","protected":false},"featured_media":190171,"template":"","meta":[],"product_cat":[85],"product_tag":[],"class_list":{"0":"post-190302","1":"product","2":"type-product","3":"status-publish","4":"has-post-thumbnail","6":"product_cat-well-being-et","8":"first","9":"instock","10":"shipping-taxable","11":"purchasable","12":"product-type-simple"},"_links":{"self":[{"href":"https:\/\/eu.nutramarket.net\/et\/wp-json\/wp\/v2\/product\/190302","targetHints":{"allow":["GET"]}}],"collection":[{"href":"https:\/\/eu.nutramarket.net\/et\/wp-json\/wp\/v2\/product"}],"about":[{"href":"https:\/\/eu.nutramarket.net\/et\/wp-json\/wp\/v2\/types\/product"}],"wp:featuredmedia":[{"embeddable":true,"href":"https:\/\/eu.nutramarket.net\/et\/wp-json\/wp\/v2\/media\/190171"}],"wp:attachment":[{"href":"https:\/\/eu.nutramarket.net\/et\/wp-json\/wp\/v2\/media?parent=190302"}],"wp:term":[{"taxonomy":"product_cat","embeddable":true,"href":"https:\/\/eu.nutramarket.net\/et\/wp-json\/wp\/v2\/product_cat?post=190302"},{"taxonomy":"product_tag","embeddable":true,"href":"https:\/\/eu.nutramarket.net\/et\/wp-json\/wp\/v2\/product_tag?post=190302"}],"curies":[{"name":"wp","href":"https:\/\/api.w.org\/{rel}","templated":true}]}}