{"id":190341,"date":"2024-04-26T10:04:28","date_gmt":"2024-04-26T08:04:28","guid":{"rendered":"https:\/\/eu.nutramarket.net\/?post_type=product&#038;p=190341"},"modified":"2024-04-26T11:00:48","modified_gmt":"2024-04-26T09:00:48","slug":"visadore","status":"publish","type":"product","link":"https:\/\/eu.nutramarket.net\/et\/toode\/visadore\/","title":{"rendered":"Visador\u00e9"},"content":{"rendered":"<p><b>Toode on v\u00e4lja t\u00f6\u00f6tatud naistele, kes:\u00a0<\/b><\/p>\n<ul>\n<li style=\"font-weight: 400;\" aria-level=\"1\"><span style=\"font-weight: 400;\">soovid aeglustada naha vananemisprotsessi,<\/span><\/li>\n<li style=\"font-weight: 400;\" aria-level=\"1\"><span style=\"font-weight: 400;\">otsite t\u00f5stva ja siluva efektiga toodet,<\/span><\/li>\n<li style=\"font-weight: 400;\" aria-level=\"1\"><span style=\"font-weight: 400;\">otsivad toodet, mis imendub kiiresti ega j\u00e4ta kleepuvat kihti,<\/span><\/li>\n<li style=\"font-weight: 400;\" aria-level=\"1\"><span style=\"font-weight: 400;\">otsivad toodet, mis sobib meigi alla<\/span><\/li>\n<\/ul>\n","protected":false},"excerpt":{"rendered":"<p><span style=\"font-weight: 400;\">Silendav n\u00e4o p\u00e4evakreem<\/span><span style=\"font-weight: 400;\">. Naistele, kes hoolivad oma n\u00e4onahast.<br \/>\n<\/span><span style=\"font-weight: 400;\">50 ml<\/span><\/p>\n<p><span style=\"font-weight: 400;\">Visador\u00e8 Day on p\u00e4evakreem, mis on loodud naistele, kes soovivad aeglustada naha vananemisprotsesse. T\u00e4nu toimeainete sisaldusele toetab kreem epidermise taastumist ja on t\u00f5stva toimega. Visador\u00e8 imendub suurep\u00e4raselt ega j\u00e4ta kleepuvat, ebameeldivat kihti, mist\u00f5ttu sobib kasutamiseks meigi all.\u00a0\u00a0<\/span><\/p>\n","protected":false},"featured_media":190347,"template":"","meta":[],"product_cat":[78],"product_tag":[],"class_list":{"0":"post-190341","1":"product","2":"type-product","3":"status-publish","4":"has-post-thumbnail","6":"product_cat-beauty-et","8":"first","9":"instock","10":"shipping-taxable","11":"purchasable","12":"product-type-simple"},"_links":{"self":[{"href":"https:\/\/eu.nutramarket.net\/et\/wp-json\/wp\/v2\/product\/190341","targetHints":{"allow":["GET"]}}],"collection":[{"href":"https:\/\/eu.nutramarket.net\/et\/wp-json\/wp\/v2\/product"}],"about":[{"href":"https:\/\/eu.nutramarket.net\/et\/wp-json\/wp\/v2\/types\/product"}],"wp:featuredmedia":[{"embeddable":true,"href":"https:\/\/eu.nutramarket.net\/et\/wp-json\/wp\/v2\/media\/190347"}],"wp:attachment":[{"href":"https:\/\/eu.nutramarket.net\/et\/wp-json\/wp\/v2\/media?parent=190341"}],"wp:term":[{"taxonomy":"product_cat","embeddable":true,"href":"https:\/\/eu.nutramarket.net\/et\/wp-json\/wp\/v2\/product_cat?post=190341"},{"taxonomy":"product_tag","embeddable":true,"href":"https:\/\/eu.nutramarket.net\/et\/wp-json\/wp\/v2\/product_tag?post=190341"}],"curies":[{"name":"wp","href":"https:\/\/api.w.org\/{rel}","templated":true}]}}