{"id":74245,"date":"2020-10-13T09:00:26","date_gmt":"2020-10-13T07:00:26","guid":{"rendered":"https:\/\/eu.nutramarket.net\/about-us\/"},"modified":"2024-12-19T13:01:03","modified_gmt":"2024-12-19T12:01:03","slug":"about-us","status":"publish","type":"page","link":"https:\/\/eu.nutramarket.net\/hr\/about-us\/","title":{"rendered":"O nama"},"content":{"rendered":"\t\t<div data-elementor-type=\"wp-page\" data-elementor-id=\"74245\" class=\"elementor elementor-74245 elementor-633\">\n\t\t\t\t\t\t<section class=\"elementor-section elementor-top-section elementor-element elementor-element-695d9620 elementor-section-boxed elementor-section-height-default elementor-section-height-default\" data-id=\"695d9620\" data-element_type=\"section\">\n\t\t\t\t\t\t<div class=\"elementor-container elementor-column-gap-extended\">\n\t\t\t\t\t<div class=\"elementor-column elementor-col-50 elementor-top-column elementor-element elementor-element-3ab8bd90\" data-id=\"3ab8bd90\" data-element_type=\"column\">\n\t\t\t<div class=\"elementor-widget-wrap elementor-element-populated\">\n\t\t\t\t\t\t<div class=\"elementor-element elementor-element-79de2f57 elementor-widget elementor-widget-image\" data-id=\"79de2f57\" data-element_type=\"widget\" data-widget_type=\"image.default\">\n\t\t\t\t<div class=\"elementor-widget-container\">\n\t\t\t\t\t\t\t\t\t\t\t\t\t\t\t<img fetchpriority=\"high\" decoding=\"async\" width=\"570\" height=\"500\" src=\"https:\/\/eu.nutramarket.net\/wp-content\/uploads\/sites\/32\/2023\/04\/about-1.png\" class=\"attachment-large size-large wp-image-13750\" alt=\"\" \/>\t\t\t\t\t\t\t\t\t\t\t\t\t\t\t<\/div>\n\t\t\t\t<\/div>\n\t\t\t\t\t<\/div>\n\t\t<\/div>\n\t\t\t\t<div class=\"elementor-column elementor-col-50 elementor-top-column elementor-element elementor-element-6e3daedb\" data-id=\"6e3daedb\" data-element_type=\"column\">\n\t\t\t<div class=\"elementor-widget-wrap elementor-element-populated\">\n\t\t\t\t\t\t<div class=\"elementor-element elementor-element-5904d5cf elementor-widget elementor-widget-heading\" data-id=\"5904d5cf\" data-element_type=\"widget\" data-widget_type=\"heading.default\">\n\t\t\t\t<div class=\"elementor-widget-container\">\n\t\t\t\t\t<h6 class=\"elementor-heading-title elementor-size-default\">To smo mi!<\/h6>\t\t\t\t<\/div>\n\t\t\t\t<\/div>\n\t\t\t\t<div class=\"elementor-element elementor-element-56e64a63 elementor-widget elementor-widget-heading\" data-id=\"56e64a63\" data-element_type=\"widget\" data-widget_type=\"heading.default\">\n\t\t\t\t<div class=\"elementor-widget-container\">\n\t\t\t\t\t<h3 class=\"elementor-heading-title elementor-size-default\">Nekoliko rije\u010di o nama<\/h3>\t\t\t\t<\/div>\n\t\t\t\t<\/div>\n\t\t\t\t<div class=\"elementor-element elementor-element-ec0bd3f elementor-widget elementor-widget-text-editor\" data-id=\"ec0bd3f\" data-element_type=\"widget\" data-widget_type=\"text-editor.default\">\n\t\t\t\t<div class=\"elementor-widget-container\">\n\t\t\t\t\t\t\t\t\t<p><span data-sheets-value=\"{&quot;1&quot;:2,&quot;2&quot;:&quot;Volimo prirodu, jer svi potje\u010demo iz nje. Zato smo stvorili mjesto koje \u0107e prirodu u\u010diniti bli\u017eom ljudima, bli\u017eom vama. Ne pristajemo na kompromise. Sami cijenimo kvalitetu i izvrsnu uslugu. Zato je na\u0161a trgovina upravo takvo mjesto gdje \u017eelimo kupovati.&quot;}\" data-sheets-userformat=\"{&quot;2&quot;:14721,&quot;3&quot;:{&quot;1&quot;:0,&quot;3&quot;:1},&quot;10&quot;:0,&quot;11&quot;:4,&quot;14&quot;:{&quot;1&quot;:3,&quot;3&quot;:1},&quot;15&quot;:&quot;Calibri&quot;,&quot;16&quot;:11}\" data-sheets-textstyleruns=\"{&quot;1&quot;:0,&quot;2&quot;:{&quot;2&quot;:{&quot;1&quot;:3,&quot;3&quot;:1},&quot;3&quot;:&quot;Calibri&quot;,&quot;4&quot;:11}}\">Volimo prirodu, jer svi potje\u010demo iz nje. Zato smo stvorili mjesto koje \u0107e prirodu u\u010diniti bli\u017eom ljudima, bli\u017eom vama. Ne pristajemo na kompromise. Sami cijenimo kvalitetu i izvrsnu uslugu. Zato je na\u0161a trgovina upravo takvo mjesto gdje \u017eelimo kupovati.<\/span><\/p>\t\t\t\t\t\t\t\t<\/div>\n\t\t\t\t<\/div>\n\t\t\t\t<div class=\"elementor-element elementor-element-5692eee elementor-widget elementor-widget-text-editor\" data-id=\"5692eee\" data-element_type=\"widget\" data-widget_type=\"text-editor.default\">\n\t\t\t\t<div class=\"elementor-widget-container\">\n\t\t\t\t\t\t\t\t\t<p><span data-sheets-value=\"{&quot;1&quot;:2,&quot;2&quot;:&quot;Naravno, ovdje \u0107ete imati samo lijepa iskustva i najbolje stvari koje vrijedi imati.&quot;}\" data-sheets-userformat=\"{&quot;2&quot;:14721,&quot;3&quot;:{&quot;1&quot;:0,&quot;3&quot;:1},&quot;10&quot;:0,&quot;11&quot;:4,&quot;14&quot;:{&quot;1&quot;:3,&quot;3&quot;:1},&quot;15&quot;:&quot;Calibri&quot;,&quot;16&quot;:11}\" data-sheets-textstyleruns=\"{&quot;1&quot;:0,&quot;2&quot;:{&quot;2&quot;:{&quot;1&quot;:3,&quot;3&quot;:1},&quot;3&quot;:&quot;Calibri&quot;,&quot;4&quot;:11}}\">Naravno, ovdje \u0107ete imati samo lijepa iskustva i najbolje stvari koje vrijedi imati.<\/span><\/p>\t\t\t\t\t\t\t\t<\/div>\n\t\t\t\t<\/div>\n\t\t\t\t\t<\/div>\n\t\t<\/div>\n\t\t\t\t\t<\/div>\n\t\t<\/section>\n\t\t\t\t<section class=\"elementor-section elementor-top-section elementor-element elementor-element-2deadd83 elementor-section-boxed elementor-section-height-default elementor-section-height-default\" data-id=\"2deadd83\" data-element_type=\"section\">\n\t\t\t\t\t\t<div class=\"elementor-container elementor-column-gap-extended\">\n\t\t\t\t\t<div class=\"elementor-column elementor-col-50 elementor-top-column elementor-element elementor-element-29a198a0\" data-id=\"29a198a0\" data-element_type=\"column\">\n\t\t\t<div class=\"elementor-widget-wrap elementor-element-populated\">\n\t\t\t\t\t\t<div class=\"elementor-element elementor-element-27452aa1 elementor-widget elementor-widget-heading\" data-id=\"27452aa1\" data-element_type=\"widget\" data-widget_type=\"heading.default\">\n\t\t\t\t<div class=\"elementor-widget-container\">\n\t\t\t\t\t<h6 class=\"elementor-heading-title elementor-size-default\">Za vas!<\/h6>\t\t\t\t<\/div>\n\t\t\t\t<\/div>\n\t\t\t\t<div class=\"elementor-element elementor-element-266e7633 elementor-widget elementor-widget-heading\" data-id=\"266e7633\" data-element_type=\"widget\" data-widget_type=\"heading.default\">\n\t\t\t\t<div class=\"elementor-widget-container\">\n\t\t\t\t\t<h3 class=\"elementor-heading-title elementor-size-default\">Ugodite sebi jer to zaslu\u017eujete<\/h3>\t\t\t\t<\/div>\n\t\t\t\t<\/div>\n\t\t\t\t<div class=\"elementor-element elementor-element-7fc3ef8f elementor-widget elementor-widget-text-editor\" data-id=\"7fc3ef8f\" data-element_type=\"widget\" data-widget_type=\"text-editor.default\">\n\t\t\t\t<div class=\"elementor-widget-container\">\n\t\t\t\t\t\t\t\t\t<p><span data-sheets-value=\"{&quot;1&quot;:2,&quot;2&quot;:&quot;Ne zaboravite da vrijedi usporiti. Svaki dan odvojite za sebe barem 5 minuta. ZA SEBE! Tada ne razmi\u0161ljajte o obvezama, zadacima, rokovima... Recite sebi da ste divna osoba. Prona\u0111ite barem jednu pozitivnu osobinu i pohvalite se za nju.&quot;}\" data-sheets-userformat=\"{&quot;2&quot;:14721,&quot;3&quot;:{&quot;1&quot;:0,&quot;3&quot;:1},&quot;10&quot;:0,&quot;11&quot;:4,&quot;14&quot;:{&quot;1&quot;:3,&quot;3&quot;:1},&quot;15&quot;:&quot;Calibri&quot;,&quot;16&quot;:11}\" data-sheets-textstyleruns=\"{&quot;1&quot;:0,&quot;2&quot;:{&quot;2&quot;:{&quot;1&quot;:3,&quot;3&quot;:1},&quot;3&quot;:&quot;Calibri&quot;,&quot;4&quot;:11}}\">Ne zaboravite da vrijedi usporiti. Svaki dan odvojite za sebe barem 5 minuta. ZA SEBE! Tada ne razmi\u0161ljajte o obvezama, zadacima, rokovima&#8230; Recite sebi da ste divna osoba. Prona\u0111ite barem jednu pozitivnu osobinu i pohvalite se za nju.<\/span><\/p>\t\t\t\t\t\t\t\t<\/div>\n\t\t\t\t<\/div>\n\t\t\t\t<div class=\"elementor-element elementor-element-7dc0fece elementor-widget elementor-widget-text-editor\" data-id=\"7dc0fece\" data-element_type=\"widget\" data-widget_type=\"text-editor.default\">\n\t\t\t\t<div class=\"elementor-widget-container\">\n\t\t\t\t\t\t\t\t\t<p><span data-sheets-value=\"{&quot;1&quot;:2,&quot;2&quot;:&quot;Barem jednom mjese\u010dno prona\u0111ite jedan dan za sebe. Tada mo\u017eete, primjerice, u miru gledati ponudu NUTRAMARKET-a. Razmislite o tome \u0161to trebate ili \u017eelite.&quot;}\" data-sheets-userformat=\"{&quot;2&quot;:14721,&quot;3&quot;:{&quot;1&quot;:0,&quot;3&quot;:1},&quot;10&quot;:0,&quot;11&quot;:4,&quot;14&quot;:{&quot;1&quot;:3,&quot;3&quot;:1},&quot;15&quot;:&quot;Calibri&quot;,&quot;16&quot;:11}\" data-sheets-textstyleruns=\"{&quot;1&quot;:0,&quot;2&quot;:{&quot;2&quot;:{&quot;1&quot;:3,&quot;3&quot;:1},&quot;3&quot;:&quot;Calibri&quot;,&quot;4&quot;:11}}\">Barem jednom mjese\u010dno prona\u0111ite jedan dan za sebe. Tada mo\u017eete, primjerice, u miru gledati ponudu NUTRAGOODS-a. Razmislite o tome \u0161to trebate ili \u017eelite.<\/span><\/p>\t\t\t\t\t\t\t\t<\/div>\n\t\t\t\t<\/div>\n\t\t\t\t\t<\/div>\n\t\t<\/div>\n\t\t\t\t<div class=\"elementor-column elementor-col-50 elementor-top-column elementor-element elementor-element-399d8f45\" data-id=\"399d8f45\" data-element_type=\"column\">\n\t\t\t<div class=\"elementor-widget-wrap elementor-element-populated\">\n\t\t\t\t\t\t<div class=\"elementor-element elementor-element-284648c8 elementor-widget elementor-widget-image\" data-id=\"284648c8\" data-element_type=\"widget\" data-widget_type=\"image.default\">\n\t\t\t\t<div class=\"elementor-widget-container\">\n\t\t\t\t\t\t\t\t\t\t\t\t\t\t\t<img decoding=\"async\" width=\"570\" height=\"500\" src=\"https:\/\/eu.nutramarket.net\/wp-content\/uploads\/sites\/32\/2023\/04\/about-2.png\" class=\"attachment-large size-large wp-image-13751\" alt=\"\" \/>\t\t\t\t\t\t\t\t\t\t\t\t\t\t\t<\/div>\n\t\t\t\t<\/div>\n\t\t\t\t\t<\/div>\n\t\t<\/div>\n\t\t\t\t\t<\/div>\n\t\t<\/section>\n\t\t\t\t<section class=\"elementor-section elementor-top-section elementor-element elementor-element-1a4019b5 elementor-section-boxed elementor-section-height-default elementor-section-height-default\" data-id=\"1a4019b5\" data-element_type=\"section\" data-settings=\"{&quot;background_background&quot;:&quot;classic&quot;}\">\n\t\t\t\t\t\t<div class=\"elementor-container elementor-column-gap-no\">\n\t\t\t\t\t<div class=\"elementor-column elementor-col-100 elementor-top-column elementor-element elementor-element-3a1a9408\" data-id=\"3a1a9408\" data-element_type=\"column\" data-settings=\"{&quot;background_background&quot;:&quot;classic&quot;}\">\n\t\t\t<div class=\"elementor-widget-wrap elementor-element-populated\">\n\t\t\t\t\t\t<div class=\"elementor-element elementor-element-55a7bec9 elementor-widget elementor-widget-text-editor\" data-id=\"55a7bec9\" data-element_type=\"widget\" data-widget_type=\"text-editor.default\">\n\t\t\t\t<div class=\"elementor-widget-container\">\n\t\t\t\t\t\t\t\t\t<p><span data-sheets-value=\"{&quot;1&quot;:2,&quot;2&quot;:&quot;PRIRODNO&quot;}\" data-sheets-userformat=\"{&quot;2&quot;:14721,&quot;3&quot;:{&quot;1&quot;:0,&quot;3&quot;:1},&quot;10&quot;:0,&quot;11&quot;:4,&quot;14&quot;:{&quot;1&quot;:3,&quot;3&quot;:1},&quot;15&quot;:&quot;Calibri&quot;,&quot;16&quot;:11}\" data-sheets-textstyleruns=\"{&quot;1&quot;:0,&quot;2&quot;:{&quot;2&quot;:{&quot;1&quot;:3,&quot;3&quot;:1},&quot;3&quot;:&quot;Calibri&quot;,&quot;4&quot;:11}}\">PRIRODNO<\/span><br \/><span data-sheets-value=\"{&quot;1&quot;:2,&quot;2&quot;:&quot;Va\u0161a udobnost i zadovoljstvo&quot;}\" data-sheets-userformat=\"{&quot;2&quot;:14721,&quot;3&quot;:{&quot;1&quot;:0,&quot;3&quot;:1},&quot;10&quot;:0,&quot;11&quot;:4,&quot;14&quot;:{&quot;1&quot;:3,&quot;3&quot;:1},&quot;15&quot;:&quot;Calibri&quot;,&quot;16&quot;:11}\" data-sheets-textstyleruns=\"{&quot;1&quot;:0,&quot;2&quot;:{&quot;2&quot;:{&quot;1&quot;:3,&quot;3&quot;:1},&quot;3&quot;:&quot;Calibri&quot;,&quot;4&quot;:11}}\">Va\u0161a udobnost i zadovoljstvo<\/span><br \/><span data-sheets-value=\"{&quot;1&quot;:2,&quot;2&quot;:&quot;Za to se brine NUTRAMARKET&quot;}\" data-sheets-userformat=\"{&quot;2&quot;:14721,&quot;3&quot;:{&quot;1&quot;:0,&quot;3&quot;:1},&quot;10&quot;:0,&quot;11&quot;:4,&quot;14&quot;:{&quot;1&quot;:3,&quot;3&quot;:1},&quot;15&quot;:&quot;Calibri&quot;,&quot;16&quot;:11}\" data-sheets-textstyleruns=\"{&quot;1&quot;:0,&quot;2&quot;:{&quot;2&quot;:{&quot;1&quot;:3,&quot;3&quot;:1},&quot;3&quot;:&quot;Calibri&quot;,&quot;4&quot;:11}}\">Za to se brine NUTRAGOODS<\/span><\/p>\t\t\t\t\t\t\t\t<\/div>\n\t\t\t\t<\/div>\n\t\t\t\t\t<\/div>\n\t\t<\/div>\n\t\t\t\t\t<\/div>\n\t\t<\/section>\n\t\t\t\t<section class=\"elementor-section elementor-top-section elementor-element elementor-element-4202385e elementor-section-boxed elementor-section-height-default elementor-section-height-default\" data-id=\"4202385e\" data-element_type=\"section\">\n\t\t\t\t\t\t<div class=\"elementor-container elementor-column-gap-extended\">\n\t\t\t\t\t<div class=\"elementor-column elementor-col-25 elementor-top-column elementor-element elementor-element-426bbfac\" data-id=\"426bbfac\" data-element_type=\"column\">\n\t\t\t<div class=\"elementor-widget-wrap\">\n\t\t\t\t\t\t\t<\/div>\n\t\t<\/div>\n\t\t\t\t<div class=\"elementor-column elementor-col-25 elementor-top-column elementor-element elementor-element-b4ff28e\" data-id=\"b4ff28e\" data-element_type=\"column\">\n\t\t\t<div class=\"elementor-widget-wrap elementor-element-populated\">\n\t\t\t\t\t\t<div class=\"elementor-element elementor-element-587b8304 elementor-widget elementor-widget-image\" data-id=\"587b8304\" data-element_type=\"widget\" data-widget_type=\"image.default\">\n\t\t\t\t<div class=\"elementor-widget-container\">\n\t\t\t\t\t\t\t\t\t\t\t\t\t\t\t<img decoding=\"async\" width=\"470\" height=\"540\" src=\"https:\/\/eu.nutramarket.net\/wp-content\/uploads\/sites\/32\/2023\/04\/about-3.jpg\" class=\"attachment-large size-large wp-image-13752\" alt=\"\" srcset=\"https:\/\/eu.nutramarket.net\/wp-content\/uploads\/sites\/32\/2023\/04\/about-3.jpg 470w, https:\/\/eu.nutramarket.net\/wp-content\/uploads\/sites\/32\/2023\/04\/about-3-261x300.jpg 261w\" sizes=\"(max-width: 470px) 100vw, 470px\" \/>\t\t\t\t\t\t\t\t\t\t\t\t\t\t\t<\/div>\n\t\t\t\t<\/div>\n\t\t\t\t<div class=\"elementor-element elementor-element-5ea6e983 elementor-widget elementor-widget-image\" data-id=\"5ea6e983\" data-element_type=\"widget\" data-widget_type=\"image.default\">\n\t\t\t\t<div class=\"elementor-widget-container\">\n\t\t\t\t\t\t\t\t\t\t\t\t\t\t\t<img loading=\"lazy\" decoding=\"async\" width=\"470\" height=\"340\" src=\"https:\/\/eu.nutramarket.net\/wp-content\/uploads\/sites\/32\/2023\/04\/about-5.jpg\" class=\"attachment-large size-large wp-image-13754\" alt=\"\" srcset=\"https:\/\/eu.nutramarket.net\/wp-content\/uploads\/sites\/32\/2023\/04\/about-5.jpg 470w, https:\/\/eu.nutramarket.net\/wp-content\/uploads\/sites\/32\/2023\/04\/about-5-300x217.jpg 300w\" sizes=\"(max-width: 470px) 100vw, 470px\" \/>\t\t\t\t\t\t\t\t\t\t\t\t\t\t\t<\/div>\n\t\t\t\t<\/div>\n\t\t\t\t\t<\/div>\n\t\t<\/div>\n\t\t\t\t<div class=\"elementor-column elementor-col-25 elementor-top-column elementor-element elementor-element-6f7cda36\" data-id=\"6f7cda36\" data-element_type=\"column\">\n\t\t\t<div class=\"elementor-widget-wrap elementor-element-populated\">\n\t\t\t\t\t\t<div class=\"elementor-element elementor-element-1c7fa477 elementor-widget elementor-widget-image\" data-id=\"1c7fa477\" data-element_type=\"widget\" data-widget_type=\"image.default\">\n\t\t\t\t<div class=\"elementor-widget-container\">\n\t\t\t\t\t\t\t\t\t\t\t\t\t\t\t<img loading=\"lazy\" decoding=\"async\" width=\"470\" height=\"340\" src=\"https:\/\/eu.nutramarket.net\/wp-content\/uploads\/sites\/32\/2023\/04\/about-4.jpg\" class=\"attachment-large size-large wp-image-13753\" alt=\"\" srcset=\"https:\/\/eu.nutramarket.net\/wp-content\/uploads\/sites\/32\/2023\/04\/about-4.jpg 470w, https:\/\/eu.nutramarket.net\/wp-content\/uploads\/sites\/32\/2023\/04\/about-4-300x217.jpg 300w\" sizes=\"(max-width: 470px) 100vw, 470px\" \/>\t\t\t\t\t\t\t\t\t\t\t\t\t\t\t<\/div>\n\t\t\t\t<\/div>\n\t\t\t\t<div class=\"elementor-element elementor-element-15ae89cf elementor-widget elementor-widget-image\" data-id=\"15ae89cf\" data-element_type=\"widget\" data-widget_type=\"image.default\">\n\t\t\t\t<div class=\"elementor-widget-container\">\n\t\t\t\t\t\t\t\t\t\t\t\t\t\t\t<img loading=\"lazy\" decoding=\"async\" width=\"470\" height=\"540\" src=\"https:\/\/eu.nutramarket.net\/wp-content\/uploads\/sites\/32\/2023\/04\/about-6.jpg\" class=\"attachment-large size-large wp-image-13755\" alt=\"\" srcset=\"https:\/\/eu.nutramarket.net\/wp-content\/uploads\/sites\/32\/2023\/04\/about-6.jpg 470w, https:\/\/eu.nutramarket.net\/wp-content\/uploads\/sites\/32\/2023\/04\/about-6-261x300.jpg 261w\" sizes=\"(max-width: 470px) 100vw, 470px\" \/>\t\t\t\t\t\t\t\t\t\t\t\t\t\t\t<\/div>\n\t\t\t\t<\/div>\n\t\t\t\t\t<\/div>\n\t\t<\/div>\n\t\t\t\t<div class=\"elementor-column elementor-col-25 elementor-top-column elementor-element elementor-element-ec1b91a\" data-id=\"ec1b91a\" data-element_type=\"column\">\n\t\t\t<div class=\"elementor-widget-wrap\">\n\t\t\t\t\t\t\t<\/div>\n\t\t<\/div>\n\t\t\t\t\t<\/div>\n\t\t<\/section>\n\t\t\t\t<\/div>\n\t\t","protected":false},"excerpt":{"rendered":"<p>To smo mi! Nekoliko rije\u010di o nama Volimo prirodu, jer svi potje\u010demo iz nje. Zato smo stvorili mjesto koje \u0107e prirodu u\u010diniti bli\u017eom ljudima, bli\u017eom vama. Ne pristajemo na kompromise. Sami cijenimo kvalitetu i izvrsnu uslugu. Zato je na\u0161a trgovina upravo takvo mjesto gdje \u017eelimo kupovati. Naravno, ovdje \u0107ete imati samo lijepa iskustva i najbolje [&hellip;]<\/p>\n","protected":false},"author":1,"featured_media":0,"parent":0,"menu_order":0,"comment_status":"closed","ping_status":"closed","template":"","meta":{"footnotes":""},"class_list":["post-74245","page","type-page","status-publish","hentry"],"_links":{"self":[{"href":"https:\/\/eu.nutramarket.net\/hr\/wp-json\/wp\/v2\/pages\/74245","targetHints":{"allow":["GET"]}}],"collection":[{"href":"https:\/\/eu.nutramarket.net\/hr\/wp-json\/wp\/v2\/pages"}],"about":[{"href":"https:\/\/eu.nutramarket.net\/hr\/wp-json\/wp\/v2\/types\/page"}],"author":[{"embeddable":true,"href":"https:\/\/eu.nutramarket.net\/hr\/wp-json\/wp\/v2\/users\/1"}],"replies":[{"embeddable":true,"href":"https:\/\/eu.nutramarket.net\/hr\/wp-json\/wp\/v2\/comments?post=74245"}],"version-history":[{"count":7,"href":"https:\/\/eu.nutramarket.net\/hr\/wp-json\/wp\/v2\/pages\/74245\/revisions"}],"predecessor-version":[{"id":288788,"href":"https:\/\/eu.nutramarket.net\/hr\/wp-json\/wp\/v2\/pages\/74245\/revisions\/288788"}],"wp:attachment":[{"href":"https:\/\/eu.nutramarket.net\/hr\/wp-json\/wp\/v2\/media?parent=74245"}],"curies":[{"name":"wp","href":"https:\/\/api.w.org\/{rel}","templated":true}]}}